{"id":48689,"date":"2024-07-29T19:00:12","date_gmt":"2024-09-12T15:53:59","guid":{"rendered":"https:\/\/staging.nbg.eu\/product\/ten-speed-single-pistol-mag-pouch\/"},"modified":"2024-09-12T15:55:03","modified_gmt":"2024-09-12T15:55:03","slug":"ten-speed-puzdro-na-jeden-pistolovy-zasobnik","status":"publish","type":"product","link":"https:\/\/staging.nbg.eu\/sk\/produkt\/ten-speed-puzdro-na-jeden-pistolovy-zasobnik\/","title":{"rendered":"Ten-Speed\u00ae Puzdro na jeden pistolov\u00fd z\u00e1sobn\u00edk"},"content":{"rendered":"<h2>Puzdro na jeden pi\u0161to\u013eov\u00fd z\u00e1sobn\u00edk Ten-Speed\u00ae<\/h2>\n<p>Na\u0161e puzdro na jeden pi\u0161to\u013eov\u00fd z\u00e1sobn\u00edk Ten-Speed\u00ae je navrhnut\u00e9 pre taktick\u00e9 pou\u017eitie. Toto v\u0161estrann\u00e9 puzdro pojme:<\/p>\n<ul>\n<li>Jedno\u0159adov\u00e9 alebo dvoj\u0159adov\u00e9 pi\u0161to\u013eov\u00e9 z\u00e1sobn\u00edky (a\u017e do ve\u013ekosti HK 45)<\/li>\n<li>Multin\u00e1stroje<\/li>\n<li>Svetl\u00e1<\/li>\n<li>No\u017ee<\/li>\n<li>Mal\u00e9 OC spreje<\/li>\n<\/ul>\n<p>Puzdro je vyroben\u00e9 z elastick\u00e9ho materi\u00e1lu a kon\u0161trukcie ULTRAcomp\u2122. Ke\u010f sa nepou\u017e\u00edva, le\u017e\u00ed naplocho. Upev\u0148ovac\u00ed syst\u00e9m Helium Whisper\u00ae zabezpe\u010duje kompatibilitu s MOLLE a zni\u017euje hmotnos\u0165.<\/p>\n<p>Rozmery: 0,3175 cm x 5,08 cm x 10,16 cm (vy\u017eaduje 2&#215;1 MOLLE pole)<\/p>\n<p>Puzdro pon\u00faka zv\u00fd\u0161en\u00fa retenciu a odolnos\u0165.<\/p>\n","protected":false},"excerpt":{"rendered":"<p>R\u00fdchlo pr\u00edstupn\u00e9, ultra\u013eahk\u00e9 puzdro na pi\u0161to\u013eov\u00fd z\u00e1sobn\u00edk pre jednoradov\u00e9\/dvojradov\u00e9 z\u00e1sobn\u00edky.<\/p>\n","protected":false},"featured_media":33970,"template":"","meta":{"_acf_changed":false},"product_brand":[11144],"product_cat":[13340,13355,13364],"product_tag":[],"class_list":{"0":"post-48689","1":"product","2":"type-product","3":"status-publish","4":"has-post-thumbnail","6":"product_brand-blue-force-gear","7":"product_cat-drziaky-na-zasobniky","8":"product_cat-vrecka","9":"product_cat-vystroj","11":"first","12":"instock","13":"taxable","14":"shipping-taxable","15":"purchasable","16":"product-type-variable","17":"wvs-archive-product-wrapper"},"acf":[],"_links":{"self":[{"href":"https:\/\/staging.nbg.eu\/sk\/wp-json\/wp\/v2\/product\/48689","targetHints":{"allow":["GET"]}}],"collection":[{"href":"https:\/\/staging.nbg.eu\/sk\/wp-json\/wp\/v2\/product"}],"about":[{"href":"https:\/\/staging.nbg.eu\/sk\/wp-json\/wp\/v2\/types\/product"}],"wp:featuredmedia":[{"embeddable":true,"href":"https:\/\/staging.nbg.eu\/sk\/wp-json\/wp\/v2\/media\/33970"}],"wp:attachment":[{"href":"https:\/\/staging.nbg.eu\/sk\/wp-json\/wp\/v2\/media?parent=48689"}],"wp:term":[{"taxonomy":"product_brand","embeddable":true,"href":"https:\/\/staging.nbg.eu\/sk\/wp-json\/wp\/v2\/product_brand?post=48689"},{"taxonomy":"product_cat","embeddable":true,"href":"https:\/\/staging.nbg.eu\/sk\/wp-json\/wp\/v2\/product_cat?post=48689"},{"taxonomy":"product_tag","embeddable":true,"href":"https:\/\/staging.nbg.eu\/sk\/wp-json\/wp\/v2\/product_tag?post=48689"}],"curies":[{"name":"wp","href":"https:\/\/api.w.org\/{rel}","templated":true}]}}