{"id":48655,"date":"2024-07-29T19:02:28","date_gmt":"2024-09-12T15:50:14","guid":{"rendered":"https:\/\/staging.nbg.eu\/product\/ten-speed-single-308-mag-pouch\/"},"modified":"2024-09-12T15:51:13","modified_gmt":"2024-09-12T15:51:13","slug":"ten-speed-puzdro-na-jeden-zasobnik-308","status":"publish","type":"product","link":"https:\/\/staging.nbg.eu\/sk\/produkt\/ten-speed-puzdro-na-jeden-zasobnik-308\/","title":{"rendered":"Ten-Speed\u00ae Puzdro na jeden z\u00e1sobn\u00edk 308"},"content":{"rendered":"<div class=\"product-description\">\n<h2>Ten-Speed\u00ae Jednotliv\u00e9 puzdro na z\u00e1sobn\u00edk 308 Mag<\/h2>\n<p>Puzdro na nosenie z\u00e1sobn\u00edkov .308 a in\u00fdch predmetov. Toto puzdro pojme jeden z\u00e1sobn\u00edk .308 (kompatibiln\u00e9 s SR-25, SIG 716, M110, FAL, SCAR-17, NGSW, XM7) alebo podobne ve\u013ek\u00e9 predmety ako zdravotn\u00edcke potreby, mal\u00e9 r\u00e1di\u00e1 alebo GPS zariadenia.<\/p>\n<h3>Hlavn\u00e9 vlastnosti:<\/h3>\n<ul>\n<li>\u013dahk\u00e1 a tenk\u00e1 kon\u0161trukcia<\/li>\n<li>Elastick\u00fd materi\u00e1l a ULTRAcomp\u2122 lamin\u00e1t vojenskej kvality<\/li>\n<li>Patentovan\u00fd upev\u0148ovac\u00ed syst\u00e9m Helium Whisper\u00ae<\/li>\n<li>Kompatibiln\u00e9 s MOLLE<\/li>\n<li>Zv\u00fd\u0161en\u00e1 reten\u010dn\u00e1 schopnos\u0165 a odolnos\u0165<\/li>\n<li>O 60% \u013eah\u0161ie ako tradi\u010dn\u00e9 puzdr\u00e1<\/li>\n<\/ul>\n<p>Ten-Speed\u00ae Jednotliv\u00e9 puzdro na z\u00e1sobn\u00edk 308 Mag pon\u00faka r\u00fdchlos\u0165 a bezpe\u010dnos\u0165.<\/p>\n<\/div>\n","protected":false},"excerpt":{"rendered":"<p>\u013dahk\u00e9, v\u0161estrann\u00e9 puzdro na .308 mag s bezpe\u010dn\u00fdm elastick\u00fdm uchyten\u00edm.<\/p>\n","protected":false},"featured_media":48658,"template":"","meta":{"_acf_changed":false},"product_brand":[11144],"product_cat":[13340,13355,13364],"product_tag":[],"class_list":{"0":"post-48655","1":"product","2":"type-product","3":"status-publish","4":"has-post-thumbnail","6":"product_brand-blue-force-gear","7":"product_cat-drziaky-na-zasobniky","8":"product_cat-vrecka","9":"product_cat-vystroj","11":"first","12":"instock","13":"taxable","14":"shipping-taxable","15":"purchasable","16":"product-type-simple"},"acf":[],"_links":{"self":[{"href":"https:\/\/staging.nbg.eu\/sk\/wp-json\/wp\/v2\/product\/48655","targetHints":{"allow":["GET"]}}],"collection":[{"href":"https:\/\/staging.nbg.eu\/sk\/wp-json\/wp\/v2\/product"}],"about":[{"href":"https:\/\/staging.nbg.eu\/sk\/wp-json\/wp\/v2\/types\/product"}],"wp:featuredmedia":[{"embeddable":true,"href":"https:\/\/staging.nbg.eu\/sk\/wp-json\/wp\/v2\/media\/48658"}],"wp:attachment":[{"href":"https:\/\/staging.nbg.eu\/sk\/wp-json\/wp\/v2\/media?parent=48655"}],"wp:term":[{"taxonomy":"product_brand","embeddable":true,"href":"https:\/\/staging.nbg.eu\/sk\/wp-json\/wp\/v2\/product_brand?post=48655"},{"taxonomy":"product_cat","embeddable":true,"href":"https:\/\/staging.nbg.eu\/sk\/wp-json\/wp\/v2\/product_cat?post=48655"},{"taxonomy":"product_tag","embeddable":true,"href":"https:\/\/staging.nbg.eu\/sk\/wp-json\/wp\/v2\/product_tag?post=48655"}],"curies":[{"name":"wp","href":"https:\/\/api.w.org\/{rel}","templated":true}]}}