{"id":48569,"date":"2024-07-30T17:57:46","date_gmt":"2024-07-30T17:57:46","guid":{"rendered":"https:\/\/staging.nbg.eu\/product\/red-dot-sight-holosun-hs503gu\/"},"modified":"2024-09-12T15:42:53","modified_gmt":"2024-09-12T15:42:53","slug":"kolimator-holosun-hs503gu","status":"publish","type":"product","link":"https:\/\/staging.nbg.eu\/sk\/produkt\/kolimator-holosun-hs503gu\/","title":{"rendered":"Kolim\u00e1tor Holosun HS503GU"},"content":{"rendered":"<h2>Holosun HS503GU \u010cerven\u00fd bodov\u00fd zameriava\u010d<\/h2>\n<p>Holosun HS503GU \u010cerven\u00fd bodov\u00fd zameriava\u010d m\u00e1 tieto vlastnosti:<\/p>\n<ul>\n<li>Kruhov\u00fd z\u00e1mern\u00fd kr\u00ed\u017e s 2 MOA bodom a 65 MOA kruhom<\/li>\n<li>Umiestnenie bat\u00e9rie v skrutkovacej ve\u017ei<\/li>\n<li>Ochrann\u00fd kryt pre ve\u017ee stranov\u00e9ho a v\u00fd\u0161kov\u00e9ho nastavenia<\/li>\n<li>\u017divotnos\u0165 bat\u00e9rie a\u017e 2 roky pri nepretr\u017eitom pou\u017e\u00edvan\u00ed<\/li>\n<li>Funkcia zapnutia\/vypnutia aktivovan\u00e1 pohybom<\/li>\n<li>LED technol\u00f3gia<\/li>\n<li>Mimoosov\u00e9 umiestnenie \u0161o\u0161ovky pre odraz svetla<\/li>\n<li>\u013dahk\u00e1 hlin\u00edkov\u00e1 kon\u0161trukcia (0,18 kg)<\/li>\n<li>Kompaktn\u00e9 rozmery: 6,6 cm D x 3,8 cm \u0160 x 6,9 cm V<\/li>\n<li>1x zv\u00e4\u010d\u0161enie<\/li>\n<li>Kompatibilita s Picatinny li\u0161tou<\/li>\n<\/ul>\n<p>HS503GU je vhodn\u00fd pre lov a taktick\u00fa stre\u013ebu. Pon\u00faka presnos\u0165 a odolnos\u0165.<\/p>\n","protected":false},"excerpt":{"rendered":"<p>Kompaktn\u00fd \u010derven\u00fd bodov\u00fd zameriava\u010d s kruhov\u00fdm z\u00e1mern\u00fdm kr\u00ed\u017eom a dlhou v\u00fddr\u017eou bat\u00e9rie.<\/p>\n","protected":false},"featured_media":48570,"template":"","meta":{"_acf_changed":false},"product_brand":[11442],"product_cat":[13374,13407,13373],"product_tag":[],"class_list":{"0":"post-48569","1":"product","2":"type-product","3":"status-publish","4":"has-post-thumbnail","6":"product_brand-holosun","7":"product_cat-cervene-bodove-mieridla","8":"product_cat-kolimatory-na-pusky","9":"product_cat-mierenie","11":"first","12":"outofstock","13":"taxable","14":"shipping-taxable","15":"purchasable","16":"product-type-simple"},"acf":[],"_links":{"self":[{"href":"https:\/\/staging.nbg.eu\/sk\/wp-json\/wp\/v2\/product\/48569","targetHints":{"allow":["GET"]}}],"collection":[{"href":"https:\/\/staging.nbg.eu\/sk\/wp-json\/wp\/v2\/product"}],"about":[{"href":"https:\/\/staging.nbg.eu\/sk\/wp-json\/wp\/v2\/types\/product"}],"wp:featuredmedia":[{"embeddable":true,"href":"https:\/\/staging.nbg.eu\/sk\/wp-json\/wp\/v2\/media\/48570"}],"wp:attachment":[{"href":"https:\/\/staging.nbg.eu\/sk\/wp-json\/wp\/v2\/media?parent=48569"}],"wp:term":[{"taxonomy":"product_brand","embeddable":true,"href":"https:\/\/staging.nbg.eu\/sk\/wp-json\/wp\/v2\/product_brand?post=48569"},{"taxonomy":"product_cat","embeddable":true,"href":"https:\/\/staging.nbg.eu\/sk\/wp-json\/wp\/v2\/product_cat?post=48569"},{"taxonomy":"product_tag","embeddable":true,"href":"https:\/\/staging.nbg.eu\/sk\/wp-json\/wp\/v2\/product_tag?post=48569"}],"curies":[{"name":"wp","href":"https:\/\/api.w.org\/{rel}","templated":true}]}}