{"id":48277,"date":"2024-07-30T18:00:01","date_gmt":"2024-09-12T15:21:20","guid":{"rendered":"https:\/\/staging.nbg.eu\/product\/red-dot-sight-holosun-hs507k\/"},"modified":"2024-09-12T15:22:10","modified_gmt":"2024-09-12T15:22:10","slug":"kolimator-holosun-hs507k","status":"publish","type":"product","link":"https:\/\/staging.nbg.eu\/sk\/produkt\/kolimator-holosun-hs507k\/","title":{"rendered":"Kolim\u00e1tor Holosun HS507K"},"content":{"rendered":"<h2>Holosun HS507K X2 \u010cerven\u00fd bodov\u00fd zameriava\u010d<\/h2>\n<p>Holosun HS507K X2 je otvoren\u00fd reflexn\u00fd optick\u00fd zameriava\u010d navrhnut\u00fd pre subkompaktn\u00e9 pi\u0161tole. Tento zameriava\u010d vylep\u0161uje svojho predchodcu pridan\u00edm uzamykacieho re\u017eimu, ktor\u00fd zabezpe\u010duje nastavenia tla\u010didiel pred n\u00e1hodn\u00fdmi zmenami.<\/p>\n<h2>Hlavn\u00e9 vlastnosti:<\/h2>\n<ul>\n<li>\u010cerven\u00e1 Super LED s v\u00fddr\u017eou bat\u00e9rie a\u017e 50 000 hod\u00edn<\/li>\n<li>Syst\u00e9m viacer\u00fdch z\u00e1mern\u00fdch obrazcov: kruhov\u00fd bod, 2 MOA bod a 32 MOA kruh<\/li>\n<li>Technol\u00f3gia Shake Awake pre okam\u017eit\u00fa aktiv\u00e1ciu<\/li>\n<li>Odoln\u00e9 puzdro z hlin\u00edka 7075<\/li>\n<li>Bo\u010dn\u00fd z\u00e1sobn\u00edk pre jednoduch\u00fa v\u00fdmenu bat\u00e9rie 1632<\/li>\n<li>Kompatibiln\u00fd s P365X\/XL (pre rozhrania so \u0161tyrmi v\u00fdstupkami je potrebn\u00fd adapt\u00e9r)<\/li>\n<\/ul>\n<h2>\u0160pecifik\u00e1cie:<\/h2>\n<ul>\n<li>12 nastaven\u00ed jasu: 10 denn\u00fdch a 2 kompatibiln\u00e9 s no\u010dn\u00fdm viden\u00edm<\/li>\n<li>Bez paralaxy a neobmedzen\u00e1 vzdialenos\u0165 oka<\/li>\n<li>Vodotesnos\u0165 IP67<\/li>\n<li>Ve\u013ekos\u0165 okna: 0,58&#8243; x 0,77&#8243;<\/li>\n<li>Rozmery: 1,6&#8243; x 0,98&#8243; x 0,95&#8243;<\/li>\n<li>Hmotnos\u0165: 1 unca<\/li>\n<li>Nastavenie kliknut\u00edm 1 MOA<\/li>\n<li>Rozsah nastavenia stranov\u00e9ho a v\u00fd\u0161kov\u00e9ho \u00b130 MOA<\/li>\n<li>Prev\u00e1dzkov\u00e1 teplota: -20\u00b0C a\u017e 51\u00b0C<\/li>\n<li>Skladovacia teplota: -20\u00b0C a\u017e 65\u00b0C<\/li>\n<li>Odolnos\u0165 vo\u010di vibr\u00e1ci\u00e1m: 5000G<\/li>\n<\/ul>\n<p>HS507K X2 je vhodn\u00fd pre zbrane na skryt\u00e9 nosenie, pon\u00faka kompaktn\u00e9 rie\u0161enie pre zlep\u0161en\u00e9 zameriavanie cie\u013ea. Jeho odoln\u00e1 kon\u0161trukcia a pokro\u010dil\u00e9 funkcie z neho robia vo\u013ebu pre nad\u0161encov streln\u00fdch zbran\u00ed a profesion\u00e1lov. Holosun HS507K X2 \u010cerven\u00fd bodov\u00fd zameriava\u010d zlep\u0161uje presnos\u0165 a r\u00fdchlos\u0165 zamierenia na cie\u013e.<\/p>\n","protected":false},"excerpt":{"rendered":"<p>Kompaktn\u00fd kolim\u00e1tor s \u010derven\u00fdm bodom pre pi\u0161tole. Viacero z\u00e1mern\u00fdch obrazcov, dlh\u00e1 v\u00fddr\u017e bat\u00e9rie, odoln\u00fd.<\/p>\n","protected":false},"featured_media":48278,"template":"","meta":{"_acf_changed":false},"product_brand":[11442],"product_cat":[13353,13374,13373,13354],"product_tag":[],"class_list":{"0":"post-48277","1":"product","2":"type-product","3":"status-publish","4":"has-post-thumbnail","6":"product_brand-holosun","7":"product_cat-bodove-mieridla-na-pistole","8":"product_cat-cervene-bodove-mieridla","9":"product_cat-mierenie","10":"product_cat-pistol","12":"first","13":"instock","14":"taxable","15":"shipping-taxable","16":"purchasable","17":"product-type-simple"},"acf":[],"_links":{"self":[{"href":"https:\/\/staging.nbg.eu\/sk\/wp-json\/wp\/v2\/product\/48277","targetHints":{"allow":["GET"]}}],"collection":[{"href":"https:\/\/staging.nbg.eu\/sk\/wp-json\/wp\/v2\/product"}],"about":[{"href":"https:\/\/staging.nbg.eu\/sk\/wp-json\/wp\/v2\/types\/product"}],"wp:featuredmedia":[{"embeddable":true,"href":"https:\/\/staging.nbg.eu\/sk\/wp-json\/wp\/v2\/media\/48278"}],"wp:attachment":[{"href":"https:\/\/staging.nbg.eu\/sk\/wp-json\/wp\/v2\/media?parent=48277"}],"wp:term":[{"taxonomy":"product_brand","embeddable":true,"href":"https:\/\/staging.nbg.eu\/sk\/wp-json\/wp\/v2\/product_brand?post=48277"},{"taxonomy":"product_cat","embeddable":true,"href":"https:\/\/staging.nbg.eu\/sk\/wp-json\/wp\/v2\/product_cat?post=48277"},{"taxonomy":"product_tag","embeddable":true,"href":"https:\/\/staging.nbg.eu\/sk\/wp-json\/wp\/v2\/product_tag?post=48277"}],"curies":[{"name":"wp","href":"https:\/\/api.w.org\/{rel}","templated":true}]}}