{"id":47827,"date":"2024-07-30T18:21:46","date_gmt":"2024-09-12T13:52:37","guid":{"rendered":"https:\/\/staging.nbg.eu\/product\/surefire-supressor-alighnment-rod\/"},"modified":"2024-09-12T13:53:31","modified_gmt":"2024-09-12T13:53:31","slug":"surefire-vyrovnavacia-tyc-tlmica","status":"publish","type":"product","link":"https:\/\/staging.nbg.eu\/sk\/produkt\/surefire-vyrovnavacia-tyc-tlmica\/","title":{"rendered":"Surefire vyrovn\u00e1vacia ty\u010d tlmi\u010da"},"content":{"rendered":"<p style=\"text-align: center\"><span style=\"font-size: 170%\"><strong>Ty\u010de na zarovnanie v\u00fdvrtu SureFire<\/strong><\/span><\/p>\n<p>Ty\u010de na v\u00fdvrty SureFire s\u00fa n\u00e1stroje na zabezpe\u010denie spr\u00e1vnej s\u00faosovosti dr\u00e1hy strely pri stre\u013ebe s tlmi\u010dom na novej platforme. Ty\u010d najpresnej\u0161ie reprezentuje dr\u00e1hu strely a uk\u00e1\u017ee pr\u00edpadn\u00e9 nespr\u00e1vne zarovnanie. SureFire odpor\u00fa\u010da overi\u0165 zarovnanie hlavne, adapt\u00e9ra a tlmi\u010da na ka\u017edej novej zostave alebo predt\u00fdm nepou\u017eitej konfigur\u00e1cii. Ty\u010de na v\u00fdvrty SureFire s\u00fa naj\u00fa\u010dinnej\u0161\u00edm sp\u00f4sobom overenia. Vyberte si zodpovedaj\u00facu ty\u010d pre kaliber va\u0161ej pu\u0161ky alebo karab\u00edny.<\/p>\n<p><span style=\"color: #282828\"><strong><span style=\"font-size: 150%\">VLASTNOSTI:<\/span><\/strong><\/span><\/p>\n<p style=\"padding-left: 40px\"><span style=\"color: #282828\"><strong>\u2588 <\/strong><\/span>Vyroben\u00e9 v USA<\/p>\n<p style=\"padding-left: 40px\"><span style=\"color: #282828\"><strong>\u2588 <\/strong><\/span>Tepelne upraven\u00e1 nehrdzavej\u00faca oce\u013e<\/p>\n<p style=\"padding-left: 40px\"><span style=\"color: #282828\"><strong>\u2588 <\/strong><\/span>Na overenie zostavy pred prv\u00fdm v\u00fdstrelom<\/p>\n<p style=\"padding-left: 40px\"><span style=\"color: #282828\"><strong>\u2588 <\/strong><\/span>Presne obroben\u00e9 ty\u010de pre najpresnej\u0161ie overenie<\/p>\n<p style=\"padding-left: 40px\"><span style=\"color: #282828\"><strong>\u2588 <\/strong><\/span>Presne obroben\u00e1 ty\u010d uk\u00e1\u017ee ak\u00fako\u013evek odch\u00fdlku v zarovnan\u00ed<\/p>\n<p style=\"padding-left: 40px\"><span style=\"color: #282828\"><strong>\u2588 <\/strong><\/span>Sp\u00f4sob overenia spr\u00e1vneho zarovnania tlmi\u010da schv\u00e1len\u00fd SureFire<\/p>\n<p style=\"padding-left: 40px\"><span style=\"color: #282828\"><strong>\u2588 <\/strong><\/span>\u0160pecifick\u00e9 ty\u010de pre najpopul\u00e1rnej\u0161ie kalibry na trhu<\/p>\n<p style=\"padding-left: 40px\"><span style=\"color: #282828\"><strong>\u2588 <\/strong><\/span>Medzi v\u00fdvrton tlmi\u010da a stredom ty\u010de by mal by\u0165 rovnak\u00fd priestor<\/p>\n<p style=\"padding-left: 40px\"><span style=\"color: #282828\"><strong>\u2588 <\/strong><\/span>Vlo\u017ete ty\u010d cez namontovan\u00fd tlmi\u010d nenabitej zbrane<\/p>\n<p style=\"padding-left: 40px\"><span style=\"color: #282828\"><strong>\u2588 <\/strong><\/span>K dispoz\u00edcii s\u00fa \u0161pecifick\u00e9 ty\u010de pre najpopul\u00e1rnej\u0161ie kalibry (5,56 mm, 6,5 mm, 6,8 mm, 7,62 mm, 9 mm, .338)<\/p>\n<table width=\"595\">\n<tbody>\n<tr>\n<td colspan=\"2\" width=\"595\"><span style=\"font-size: 150%;color: #282828\"><b>K\u013d\u00da\u010cOV\u00c9 VLASTNOSTI<\/b><\/span><\/td>\n<\/tr>\n<tr>\n<td width=\"198\"><b>KALIBER<\/b><\/td>\n<td width=\"397\">5,56 mm, 6,5 mm, 6,8 mm, 7,62 mm, 9 mm, .338 cal<\/td>\n<\/tr>\n<tr>\n<td width=\"198\"><b>KON\u0160TRUKCIA<\/b><\/td>\n<td width=\"397\">\n","protected":false},"excerpt":{"rendered":"<p><strong>N\u00e1stroje na zarovnanie tlmi\u010dov SureFire<\/strong><\/p>\n","protected":false},"featured_media":47829,"template":"","meta":{"_acf_changed":false},"product_brand":[11873],"product_cat":[13400,13369,13332],"product_tag":[],"class_list":{"0":"post-47827","1":"product","2":"type-product","3":"status-publish","4":"has-post-thumbnail","6":"product_brand-surefire","7":"product_cat-nastroje","8":"product_cat-prislusenstvo-na-tlmice","9":"product_cat-tlmice","11":"first","12":"instock","13":"taxable","14":"shipping-taxable","15":"purchasable","16":"product-type-variable","17":"wvs-archive-product-wrapper"},"acf":[],"_links":{"self":[{"href":"https:\/\/staging.nbg.eu\/sk\/wp-json\/wp\/v2\/product\/47827","targetHints":{"allow":["GET"]}}],"collection":[{"href":"https:\/\/staging.nbg.eu\/sk\/wp-json\/wp\/v2\/product"}],"about":[{"href":"https:\/\/staging.nbg.eu\/sk\/wp-json\/wp\/v2\/types\/product"}],"wp:featuredmedia":[{"embeddable":true,"href":"https:\/\/staging.nbg.eu\/sk\/wp-json\/wp\/v2\/media\/47829"}],"wp:attachment":[{"href":"https:\/\/staging.nbg.eu\/sk\/wp-json\/wp\/v2\/media?parent=47827"}],"wp:term":[{"taxonomy":"product_brand","embeddable":true,"href":"https:\/\/staging.nbg.eu\/sk\/wp-json\/wp\/v2\/product_brand?post=47827"},{"taxonomy":"product_cat","embeddable":true,"href":"https:\/\/staging.nbg.eu\/sk\/wp-json\/wp\/v2\/product_cat?post=47827"},{"taxonomy":"product_tag","embeddable":true,"href":"https:\/\/staging.nbg.eu\/sk\/wp-json\/wp\/v2\/product_tag?post=47827"}],"curies":[{"name":"wp","href":"https:\/\/api.w.org\/{rel}","templated":true}]}}