{"id":47629,"date":"2024-07-30T18:46:42","date_gmt":"2024-09-12T13:45:16","guid":{"rendered":"https:\/\/staging.nbg.eu\/product\/surefire-dg-11-switch\/"},"modified":"2024-09-12T13:46:06","modified_gmt":"2024-09-12T13:46:06","slug":"surefire-dg-11-prepinac","status":"publish","type":"product","link":"https:\/\/staging.nbg.eu\/sk\/produkt\/surefire-dg-11-prepinac\/","title":{"rendered":"SureFire DG-11 prep\u00edna\u010d"},"content":{"rendered":"<div class=\"product-description\">\n<h2>SureFire DG-11 SP\u00cdNA\u010c<\/h2>\n<p>SureFire DG-11 SP\u00cdNA\u010c je navrhnut\u00fd pre pi\u0161tole Glock Gen 3\/4\/5 s pr\u00edslu\u0161enstvom. Tento sp\u00edna\u010d pon\u00faka:<\/p>\n<ul>\n<li>Aktiv\u00e1cia svetla bez zmeny \u00fachopu<\/li>\n<li>Obojru\u010dn\u00fd moment\u00e1lny a trval\u00fd sp\u00edna\u010d<\/li>\n<li>Mal\u00e1 stredov\u00e1 plocha pre presn\u00e9 ovl\u00e1danie<\/li>\n<li>Kompatibilita so svetlami X-Series (okrem XH50G)<\/li>\n<\/ul>\n<p>DG-11 umo\u017e\u0148uje aktivova\u0165 svetlo tlakom prsta pri zachovan\u00ed pevn\u00e9ho \u00fachopu zbrane. Tento dizajn zabezpe\u010duje r\u00fdchle a presn\u00e9 ovl\u00e1danie svetla v n\u00e1ro\u010dn\u00fdch situ\u00e1ci\u00e1ch. Je vhodn\u00fd pre policajn\u00e9 zlo\u017eky, vojensk\u00fd person\u00e1l a majite\u013eov zbran\u00ed.<\/p>\n<\/div>\n","protected":false},"excerpt":{"rendered":"<p>Sp\u00edna\u010d namontovan\u00fd na rukov\u00e4ti pre presn\u00e9 ovl\u00e1danie svetla na zbrani pre pi\u0161tole Glock.<\/p>\n","protected":false},"featured_media":47630,"template":"","meta":{"_acf_changed":false},"product_brand":[11873],"product_cat":[13412,13388,13381],"product_tag":[],"class_list":{"0":"post-47629","1":"product","2":"type-product","3":"status-publish","4":"has-post-thumbnail","6":"product_brand-surefire","7":"product_cat-prislusenstvo-k-svetlam","8":"product_cat-svetla","9":"product_cat-svetla-na-pistole","11":"first","12":"instock","13":"taxable","14":"shipping-taxable","15":"purchasable","16":"product-type-simple"},"acf":[],"_links":{"self":[{"href":"https:\/\/staging.nbg.eu\/sk\/wp-json\/wp\/v2\/product\/47629","targetHints":{"allow":["GET"]}}],"collection":[{"href":"https:\/\/staging.nbg.eu\/sk\/wp-json\/wp\/v2\/product"}],"about":[{"href":"https:\/\/staging.nbg.eu\/sk\/wp-json\/wp\/v2\/types\/product"}],"wp:featuredmedia":[{"embeddable":true,"href":"https:\/\/staging.nbg.eu\/sk\/wp-json\/wp\/v2\/media\/47630"}],"wp:attachment":[{"href":"https:\/\/staging.nbg.eu\/sk\/wp-json\/wp\/v2\/media?parent=47629"}],"wp:term":[{"taxonomy":"product_brand","embeddable":true,"href":"https:\/\/staging.nbg.eu\/sk\/wp-json\/wp\/v2\/product_brand?post=47629"},{"taxonomy":"product_cat","embeddable":true,"href":"https:\/\/staging.nbg.eu\/sk\/wp-json\/wp\/v2\/product_cat?post=47629"},{"taxonomy":"product_tag","embeddable":true,"href":"https:\/\/staging.nbg.eu\/sk\/wp-json\/wp\/v2\/product_tag?post=47629"}],"curies":[{"name":"wp","href":"https:\/\/api.w.org\/{rel}","templated":true}]}}