{"id":47503,"date":"2024-07-30T18:47:47","date_gmt":"2024-09-12T13:40:08","guid":{"rendered":"https:\/\/staging.nbg.eu\/product\/surefire-x400t-a-rd\/"},"modified":"2025-02-19T15:10:38","modified_gmt":"2025-02-19T15:10:38","slug":"surefire-x400t-a-rd","status":"publish","type":"product","link":"https:\/\/staging.nbg.eu\/sk\/produkt\/surefire-x400t-a-rd\/","title":{"rendered":"SureFire X400T-A-RD"},"content":{"rendered":"<div class=\"product-description\">\n<h2>SureFire X400T-A-RD (\u010cerven\u00fd laser) Zbra\u0148ov\u00e9 svetlo<\/h2>\n<p>SureFire X400T-A-RD je taktick\u00e9 svetlo navrhnut\u00e9 pre profesion\u00e1lov. S intenzitou l\u00fa\u010da 66 000 kandel a v\u00fdkonom 650 l\u00famenov toto svetlo poskytuje:<\/p>\n<ul>\n<li>Integrovan\u00fd 5-miliwattov\u00fd \u010derven\u00fd laser pre zameranie cie\u013ea<\/li>\n<li>Turbo vzor l\u00fa\u010da pre identifik\u00e1ciu cie\u013ea na ve\u013ek\u00e9 vzdialenosti<\/li>\n<li>Syst\u00e9m uchytenia Secure Lever Latch pre mont\u00e1\u017e na univerz\u00e1lne a Picatinny li\u0161ty<\/li>\n<li>Obojru\u010dn\u00e9 ovl\u00e1danie pre okam\u017eit\u00fa aktiv\u00e1ciu<\/li>\n<li>Kompatibilita s existuj\u00facimi puzdrami X300U-A<\/li>\n<li>Telo z leteck\u00e9ho hlin\u00edka s tvrdou anodizovanou povrchovou \u00fapravou pod\u013ea vojenskej \u0161pecifik\u00e1cie<\/li>\n<li>Vodotesnos\u0165 IPX7 (1 meter po dobu 30 min\u00fat)<\/li>\n<li>1,5 hodiny prev\u00e1dzky na dve prilo\u017een\u00e9 l\u00edtiov\u00e9 bat\u00e9rie 123A<\/li>\n<\/ul>\n<p>X400T-A-RD kombinuje biele svetlo a \u010derven\u00fd laser na identifik\u00e1ciu hrozieb na ve\u013ek\u00e9 vzdialenosti. S obojru\u010dn\u00fdm ovl\u00e1dan\u00edm a odoln\u00fdm telom toto zbra\u0148ov\u00e9 svetlo pon\u00faka v\u00fdkon a spo\u013eahlivos\u0165.<\/p>\n<\/div>\n","protected":false},"excerpt":{"rendered":"<p>SureFire X400T-A-RD: 650-l\u00famenov\u00e9 taktick\u00e9 svetlo s \u010derven\u00fdm laserom, namontovate\u013en\u00e9 na li\u0161tu.<\/p>\n","protected":false},"featured_media":47504,"template":"","meta":{"_acf_changed":false},"product_brand":[11873],"product_cat":[13354,13388,13381],"product_tag":[],"class_list":{"0":"post-47503","1":"product","2":"type-product","3":"status-publish","4":"has-post-thumbnail","6":"product_brand-surefire","7":"product_cat-pistol","8":"product_cat-svetla","9":"product_cat-svetla-na-pistole","11":"first","12":"instock","13":"taxable","14":"shipping-taxable","15":"purchasable","16":"product-type-simple"},"acf":[],"_links":{"self":[{"href":"https:\/\/staging.nbg.eu\/sk\/wp-json\/wp\/v2\/product\/47503","targetHints":{"allow":["GET"]}}],"collection":[{"href":"https:\/\/staging.nbg.eu\/sk\/wp-json\/wp\/v2\/product"}],"about":[{"href":"https:\/\/staging.nbg.eu\/sk\/wp-json\/wp\/v2\/types\/product"}],"wp:featuredmedia":[{"embeddable":true,"href":"https:\/\/staging.nbg.eu\/sk\/wp-json\/wp\/v2\/media\/47504"}],"wp:attachment":[{"href":"https:\/\/staging.nbg.eu\/sk\/wp-json\/wp\/v2\/media?parent=47503"}],"wp:term":[{"taxonomy":"product_brand","embeddable":true,"href":"https:\/\/staging.nbg.eu\/sk\/wp-json\/wp\/v2\/product_brand?post=47503"},{"taxonomy":"product_cat","embeddable":true,"href":"https:\/\/staging.nbg.eu\/sk\/wp-json\/wp\/v2\/product_cat?post=47503"},{"taxonomy":"product_tag","embeddable":true,"href":"https:\/\/staging.nbg.eu\/sk\/wp-json\/wp\/v2\/product_tag?post=47503"}],"curies":[{"name":"wp","href":"https:\/\/api.w.org\/{rel}","templated":true}]}}