{"id":47365,"date":"2024-07-30T18:47:47","date_gmt":"2024-09-12T13:25:08","guid":{"rendered":"https:\/\/staging.nbg.eu\/product\/surefire-maxvision-tactician-e2t-mv\/"},"modified":"2024-09-12T13:25:59","modified_gmt":"2024-09-12T13:25:59","slug":"surefire-maxvision-tactician-e2t-mv","status":"publish","type":"product","link":"https:\/\/staging.nbg.eu\/sk\/produkt\/surefire-maxvision-tactician-e2t-mv\/","title":{"rendered":"SureFire MAXVISION Tactician E2T-MV"},"content":{"rendered":"<div class=\"product-description\">\n<h2>SureFire MAXVISION Tactician E2T-MV<\/h2>\n<p>SureFire MAXVISION Tactician E2T-MV je svetlo na ka\u017edodenn\u00e9 nosenie, ktor\u00e9 sa d\u00e1 pou\u017ei\u0165 aj ako zbra\u0148ov\u00e9 svetlo.<\/p>\n<ul>\n<li>LED s dvoma \u00farov\u0148ami v\u00fdkonu a reflektorom MaxVision Beam\u00ae<\/li>\n<li>800 l\u00famenov na vysokom v\u00fdkone<\/li>\n<li>5 l\u00famenov na n\u00edzkom v\u00fdkone (95 hod\u00edn)<\/li>\n<li>Taktick\u00fd sp\u00edna\u010d na zadnej \u010dasti pre chv\u00ed\u013ekov\u00e9 alebo trval\u00e9 zapnutie<\/li>\n<li>Kompaktn\u00e1 d\u013a\u017eka 5,0 palcov a hmotnos\u0165 3,5 unc\u00ed<\/li>\n<li>Hlin\u00edkov\u00e1 kon\u0161trukcia s povrchovou \u00fapravou pod\u013ea vojenskej \u0161pecifik\u00e1cie<\/li>\n<li>Vodotesnos\u0165 IPX7<\/li>\n<li>Nap\u00e1jan\u00e9 dvoma prilo\u017een\u00fdmi bat\u00e9riami 123A<\/li>\n<\/ul>\n<p>Dizajn prednej \u010dasti umo\u017e\u0148uje r\u00fdchle nastavenie v\u00fdkonu: utiahnite pre maxim\u00e1lny v\u00fdkon alebo oto\u010dte proti smeru hodinov\u00fdch ru\u010di\u010diek pre n\u00edzky v\u00fdkon. Intenzita sveteln\u00e9ho ku\u017ee\u013ea je 3 200 kandel a dosah 115 metrov.<\/p>\n<\/div>\n","protected":false},"excerpt":{"rendered":"<p>Univerz\u00e1lne 800-l\u00famenov\u00e9 taktick\u00e9 svetlo s dvojit\u00fdm v\u00fdstupom a MaxVision Beam\u00ae.<\/p>\n","protected":false},"featured_media":47366,"template":"","meta":{"_acf_changed":false},"product_brand":[11873],"product_cat":[13387,13356,13388],"product_tag":[],"class_list":{"0":"post-47365","1":"product","2":"type-product","3":"status-publish","4":"has-post-thumbnail","6":"product_brand-surefire","7":"product_cat-edc","8":"product_cat-edc-svetla","9":"product_cat-svetla","11":"first","12":"instock","13":"taxable","14":"shipping-taxable","15":"purchasable","16":"product-type-simple"},"acf":[],"_links":{"self":[{"href":"https:\/\/staging.nbg.eu\/sk\/wp-json\/wp\/v2\/product\/47365","targetHints":{"allow":["GET"]}}],"collection":[{"href":"https:\/\/staging.nbg.eu\/sk\/wp-json\/wp\/v2\/product"}],"about":[{"href":"https:\/\/staging.nbg.eu\/sk\/wp-json\/wp\/v2\/types\/product"}],"wp:featuredmedia":[{"embeddable":true,"href":"https:\/\/staging.nbg.eu\/sk\/wp-json\/wp\/v2\/media\/47366"}],"wp:attachment":[{"href":"https:\/\/staging.nbg.eu\/sk\/wp-json\/wp\/v2\/media?parent=47365"}],"wp:term":[{"taxonomy":"product_brand","embeddable":true,"href":"https:\/\/staging.nbg.eu\/sk\/wp-json\/wp\/v2\/product_brand?post=47365"},{"taxonomy":"product_cat","embeddable":true,"href":"https:\/\/staging.nbg.eu\/sk\/wp-json\/wp\/v2\/product_cat?post=47365"},{"taxonomy":"product_tag","embeddable":true,"href":"https:\/\/staging.nbg.eu\/sk\/wp-json\/wp\/v2\/product_tag?post=47365"}],"curies":[{"name":"wp","href":"https:\/\/api.w.org\/{rel}","templated":true}]}}