{"id":47255,"date":"2024-07-30T18:50:58","date_gmt":"2024-09-12T13:12:40","guid":{"rendered":"https:\/\/staging.nbg.eu\/product\/surefire-b12-lithium-polymer-battery\/"},"modified":"2024-09-12T13:13:30","modified_gmt":"2024-09-12T13:13:30","slug":"surefire-b12-litium-polymerova-bateria","status":"publish","type":"product","link":"https:\/\/staging.nbg.eu\/sk\/produkt\/surefire-b12-litium-polymerova-bateria\/","title":{"rendered":"SureFire B12 l\u00edtium-polym\u00e9rov\u00e1 bat\u00e9ria"},"content":{"rendered":"<div class=\"product-description\">\n<h2>SureFire B12 L\u00cdTIUM-POLYM\u00c9ROV\u00c1 BAT\u00c9RIA<\/h2>\n<p>Nap\u00e1jajte svoje mikrokompaktn\u00e9 zbrane SureFire XSC Series origin\u00e1lnou l\u00edtium-polym\u00e9rovou bat\u00e9riou B12. T\u00e1to r\u00fdchlo odpojite\u013en\u00e1, nab\u00edjate\u013en\u00e1 bat\u00e9ria je navrhnut\u00e1 na r\u00fdchlu v\u00fdmenu bez odstr\u00e1nenia XSC z va\u0161ej pi\u0161tole.<\/p>\n<ul>\n<li>Vyvinut\u00e1 \u0161peci\u00e1lne pre zbrane SureFire XSC<\/li>\n<li>Poskytuje a\u017e 30 min\u00fat prev\u00e1dzky pri 350 l\u00famenoch<\/li>\n<li>Tla\u010didlo na kontrolu stavu nabitia<\/li>\n<li>Kompatibiln\u00e1 s nab\u00edja\u010dkou SureFire CH21<\/li>\n<li>N\u00e1kladovo efekt\u00edvne rie\u0161enie pre dlhodob\u00e9 pou\u017e\u00edvanie<\/li>\n<\/ul>\n<p>SureFire B12 je spo\u013eahliv\u00fd zdroj energie pre va\u0161e XSC zbrane.<\/p>\n<\/div>\n","protected":false},"excerpt":{"rendered":"<p>Nab\u00edjate\u013en\u00e1 bat\u00e9ria pre SureFire XSC zbra\u0148ov\u00e9 svetl\u00e1. R\u00fdchla v\u00fdmena, 30-min\u00fatov\u00e1 v\u00fddr\u017e.<\/p>\n","protected":false},"featured_media":47256,"template":"","meta":{"_acf_changed":false},"product_brand":[11873],"product_cat":[13336,13388],"product_tag":[],"class_list":{"0":"post-47255","1":"product","2":"type-product","3":"status-publish","4":"has-post-thumbnail","6":"product_brand-surefire","7":"product_cat-baterie","8":"product_cat-svetla","10":"first","11":"instock","12":"taxable","13":"shipping-taxable","14":"purchasable","15":"product-type-simple"},"acf":[],"_links":{"self":[{"href":"https:\/\/staging.nbg.eu\/sk\/wp-json\/wp\/v2\/product\/47255","targetHints":{"allow":["GET"]}}],"collection":[{"href":"https:\/\/staging.nbg.eu\/sk\/wp-json\/wp\/v2\/product"}],"about":[{"href":"https:\/\/staging.nbg.eu\/sk\/wp-json\/wp\/v2\/types\/product"}],"wp:featuredmedia":[{"embeddable":true,"href":"https:\/\/staging.nbg.eu\/sk\/wp-json\/wp\/v2\/media\/47256"}],"wp:attachment":[{"href":"https:\/\/staging.nbg.eu\/sk\/wp-json\/wp\/v2\/media?parent=47255"}],"wp:term":[{"taxonomy":"product_brand","embeddable":true,"href":"https:\/\/staging.nbg.eu\/sk\/wp-json\/wp\/v2\/product_brand?post=47255"},{"taxonomy":"product_cat","embeddable":true,"href":"https:\/\/staging.nbg.eu\/sk\/wp-json\/wp\/v2\/product_cat?post=47255"},{"taxonomy":"product_tag","embeddable":true,"href":"https:\/\/staging.nbg.eu\/sk\/wp-json\/wp\/v2\/product_tag?post=47255"}],"curies":[{"name":"wp","href":"https:\/\/api.w.org\/{rel}","templated":true}]}}