{"id":47201,"date":"2024-07-30T18:50:58","date_gmt":"2024-07-30T18:50:58","guid":{"rendered":"https:\/\/staging.nbg.eu\/product\/surefire-sflfp123-batteries-charger\/"},"modified":"2024-09-12T13:08:59","modified_gmt":"2024-09-12T13:08:59","slug":"surefire-sflfp123-baterie-nabijacka","status":"publish","type":"product","link":"https:\/\/staging.nbg.eu\/sk\/produkt\/surefire-sflfp123-baterie-nabijacka\/","title":{"rendered":"SureFire SFLFP123 bat\u00e9rie + nab\u00edja\u010dka"},"content":{"rendered":"<p>SureFire SFLFP123 BAT\u00c9RIE + Nab\u00edja\u010dka S\u00faprava:<\/p>\n<ul>\n<li>Nab\u00edjate\u013en\u00e9 SFLFP123 bat\u00e9rie s\u00fa lacnej\u0161ie v porovnan\u00ed s jednorazov\u00fdmi 123A l\u00edtiov\u00fdmi bat\u00e9riami<\/li>\n<li>Neobsahuj\u00fa nebezpe\u010dn\u00e9 \u0165a\u017ek\u00e9 kovy<\/li>\n<li>Dvojslotov\u00e1 nab\u00edja\u010dka pre nab\u00edjanie doma alebo na cest\u00e1ch<\/li>\n<li>S\u00faprava obsahuje:\n<ul>\n<li>Dve l\u00edtium-\u017eelezo-fosf\u00e1tov\u00e9 (LiFePO4) 450mAh 3,2V nab\u00edjate\u013en\u00e9 \u010dl\u00e1nky<\/li>\n<li>Dvojslotov\u00e1 nab\u00edja\u010dka bat\u00e9ri\u00ed<\/li>\n<li>MICRO-USB na USB-A k\u00e1bel<\/li>\n<\/ul>\n<\/li>\n<\/ul>\n<p>SureFire SFLFP123 BAT\u00c9RIE + Nab\u00edja\u010dka<\/p>\n","protected":false},"excerpt":{"rendered":"<p>Nab\u00edjate\u013en\u00e9 LiFePO4 bat\u00e9rie s nab\u00edja\u010dkou. Ekologick\u00e9, n\u00e1kladovo efekt\u00edvne.<\/p>\n","protected":false},"featured_media":47179,"template":"","meta":{"_acf_changed":false},"product_brand":[11873],"product_cat":[13336,13412,13388],"product_tag":[],"class_list":{"0":"post-47201","1":"product","2":"type-product","3":"status-publish","4":"has-post-thumbnail","6":"product_brand-surefire","7":"product_cat-baterie","8":"product_cat-prislusenstvo-k-svetlam","9":"product_cat-svetla","11":"first","12":"outofstock","13":"taxable","14":"shipping-taxable","15":"purchasable","16":"product-type-simple"},"acf":[],"_links":{"self":[{"href":"https:\/\/staging.nbg.eu\/sk\/wp-json\/wp\/v2\/product\/47201","targetHints":{"allow":["GET"]}}],"collection":[{"href":"https:\/\/staging.nbg.eu\/sk\/wp-json\/wp\/v2\/product"}],"about":[{"href":"https:\/\/staging.nbg.eu\/sk\/wp-json\/wp\/v2\/types\/product"}],"wp:featuredmedia":[{"embeddable":true,"href":"https:\/\/staging.nbg.eu\/sk\/wp-json\/wp\/v2\/media\/47179"}],"wp:attachment":[{"href":"https:\/\/staging.nbg.eu\/sk\/wp-json\/wp\/v2\/media?parent=47201"}],"wp:term":[{"taxonomy":"product_brand","embeddable":true,"href":"https:\/\/staging.nbg.eu\/sk\/wp-json\/wp\/v2\/product_brand?post=47201"},{"taxonomy":"product_cat","embeddable":true,"href":"https:\/\/staging.nbg.eu\/sk\/wp-json\/wp\/v2\/product_cat?post=47201"},{"taxonomy":"product_tag","embeddable":true,"href":"https:\/\/staging.nbg.eu\/sk\/wp-json\/wp\/v2\/product_tag?post=47201"}],"curies":[{"name":"wp","href":"https:\/\/api.w.org\/{rel}","templated":true}]}}