{"id":47151,"date":"2024-07-30T18:50:58","date_gmt":"2024-07-30T18:50:58","guid":{"rendered":"https:\/\/staging.nbg.eu\/product\/surefire-sflfp123-batteries-2-pack\/"},"modified":"2024-09-12T13:04:46","modified_gmt":"2024-09-12T13:04:46","slug":"surefire-sflfp123-baterie-2-balenie","status":"publish","type":"product","link":"https:\/\/staging.nbg.eu\/sk\/produkt\/surefire-sflfp123-baterie-2-balenie\/","title":{"rendered":"SureFire SFLFP123 bat\u00e9rie 2 balenie"},"content":{"rendered":"<div class=\"product-description\">\n<h2>Bat\u00e9rie SureFire SFLFP123 &#8211; 2 kusy<\/h2>\n<p>Bat\u00e9rie SureFire SFLFP123 pre va\u0161e zariadenia. Toto balenie 2 kusov l\u00edtium-fosf\u00e1tov\u00fdch bat\u00e9ri\u00ed pon\u00faka:<\/p>\n<ul>\n<li>Nap\u00e1janie pre baterky, zbrane so svetlami a in\u00e9 zariadenia<\/li>\n<li>Nomin\u00e1lne nap\u00e4tie 3,2V s kapacitou 1500mAh<\/li>\n<li>Odolnos\u0165 vo\u010di extr\u00e9mnym teplot\u00e1m (-40\u00b0C a\u017e 60\u00b0C)<\/li>\n<li>10-ro\u010dn\u00e1 \u017eivotnos\u0165 pri skladovan\u00ed<\/li>\n<li>Mo\u017enos\u0165 dob\u00edjania a\u017e 500-kr\u00e1t<\/li>\n<li>Vyroben\u00e9 v USA<\/li>\n<\/ul>\n<p>Tieto kompaktn\u00e9 a \u013eahk\u00e9 bat\u00e9rie poskytuj\u00fa stabiln\u00fd v\u00fdkon v n\u00e1ro\u010dn\u00fdch situ\u00e1ci\u00e1ch.<\/p>\n<\/div>\n","protected":false},"excerpt":{"rendered":"<p>Bat\u00e9rie SureFire SFLFP123: Vysokov\u00fdkonn\u00e9 3V l\u00edtium-fosf\u00e1tov\u00e9 \u010dl\u00e1nky navrhnut\u00e9 pre maxim\u00e1lny v\u00fdkon a \u017eivotnos\u0165. Toto balenie 2 kusov pon\u00faka spo\u013eahliv\u00fa energiu pre baterky, zbrane so svetlom a in\u00e9 zariadenia. Spo\u013eahnite sa na kvalitu SureFire pre konzistentn\u00fa, dlhotrvaj\u00facu energiu v kompaktnej ve\u013ekosti.<\/p>\n","protected":false},"featured_media":47152,"template":"","meta":{"_acf_changed":false},"product_brand":[11873],"product_cat":[13336,13387,13356,13412,13388],"product_tag":[],"class_list":{"0":"post-47151","1":"product","2":"type-product","3":"status-publish","4":"has-post-thumbnail","6":"product_brand-surefire","7":"product_cat-baterie","8":"product_cat-edc","9":"product_cat-edc-svetla","10":"product_cat-prislusenstvo-k-svetlam","11":"product_cat-svetla","13":"first","14":"instock","15":"taxable","16":"shipping-taxable","17":"purchasable","18":"product-type-simple"},"acf":[],"_links":{"self":[{"href":"https:\/\/staging.nbg.eu\/sk\/wp-json\/wp\/v2\/product\/47151","targetHints":{"allow":["GET"]}}],"collection":[{"href":"https:\/\/staging.nbg.eu\/sk\/wp-json\/wp\/v2\/product"}],"about":[{"href":"https:\/\/staging.nbg.eu\/sk\/wp-json\/wp\/v2\/types\/product"}],"wp:featuredmedia":[{"embeddable":true,"href":"https:\/\/staging.nbg.eu\/sk\/wp-json\/wp\/v2\/media\/47152"}],"wp:attachment":[{"href":"https:\/\/staging.nbg.eu\/sk\/wp-json\/wp\/v2\/media?parent=47151"}],"wp:term":[{"taxonomy":"product_brand","embeddable":true,"href":"https:\/\/staging.nbg.eu\/sk\/wp-json\/wp\/v2\/product_brand?post=47151"},{"taxonomy":"product_cat","embeddable":true,"href":"https:\/\/staging.nbg.eu\/sk\/wp-json\/wp\/v2\/product_cat?post=47151"},{"taxonomy":"product_tag","embeddable":true,"href":"https:\/\/staging.nbg.eu\/sk\/wp-json\/wp\/v2\/product_tag?post=47151"}],"curies":[{"name":"wp","href":"https:\/\/api.w.org\/{rel}","templated":true}]}}