{"id":47085,"date":"2024-07-30T19:06:10","date_gmt":"2024-09-12T12:56:20","guid":{"rendered":"https:\/\/staging.nbg.eu\/product\/iosso-ar-rifle-complete-cleaning-kit\/"},"modified":"2024-09-12T12:57:13","modified_gmt":"2024-09-12T12:57:13","slug":"iosso-ar-kompletna-cistiaca-sada-na-pusku","status":"publish","type":"product","link":"https:\/\/staging.nbg.eu\/sk\/produkt\/iosso-ar-kompletna-cistiaca-sada-na-pusku\/","title":{"rendered":"Iosso AR kompletn\u00e1 \u010distiaca sada na pu\u0161ku"},"content":{"rendered":"<div class=\"product-description\">\n<h2>Iosso AR Pu\u0161ka Kompletn\u00e1 \u010distiaca s\u00faprava<\/h2>\n<p>Udr\u017eujte va\u0161u streln\u00fa zbra\u0148 v dobrom stave s na\u0161ou \u010distiacou s\u00fapravou. Vlastnosti:<\/p>\n<ul>\n<li>6 presne prisp\u00f4soben\u00fdch kefiek na d\u00f4kladn\u00e9 \u010distenie<\/li>\n<li>\u010cist\u00ed horn\u00fa \u010das\u0165 z\u00e1veru, komoru, nosi\u010d z\u00e1veru, v\u00fdvrt .223\/.30, r\u00farku k\u013e\u00fa\u010da a plynov\u00fa r\u00farku<\/li>\n<li>Kefka na plynov\u00fa r\u00farku \u010dist\u00ed bez potreby demont\u00e1\u017ee<\/li>\n<li>Obsahuje v\u0161etky potrebn\u00e9 n\u00e1stroje, ty\u010dku a \u0161n\u00faru<\/li>\n<li>Vhodn\u00e9 pre pi\u0161tole, pu\u0161ky a brokovnice<\/li>\n<li>S\u00fa\u010das\u0165ou je prenosn\u00e1 ta\u0161ka<\/li>\n<\/ul>\n<p>Pre optim\u00e1lne v\u00fdsledky pou\u017eite s \u010disti\u010dom v\u00fdvrtu Iosso a olejom Triple Action (pred\u00e1vaj\u00fa sa samostatne).<\/p>\n<\/div>\n","protected":false},"excerpt":{"rendered":"<p>Komplexn\u00e1 \u010distiaca s\u00faprava na AR pu\u0161ku so 6 kefkami a nevyhnutn\u00fdmi n\u00e1strojmi.<\/p>\n","protected":false},"featured_media":107646,"template":"","meta":{"_acf_changed":false},"product_brand":[11486],"product_cat":[13378,13343,13405],"product_tag":[],"class_list":{"0":"post-47085","1":"product","2":"type-product","3":"status-publish","4":"has-post-thumbnail","6":"product_brand-iosso","7":"product_cat-cistenie-zbrani","8":"product_cat-cistiace-sady","9":"product_cat-kefky","10":"pa_model-ar-308-sk","11":"pa_model-ar-15-sk","13":"first","14":"instock","15":"taxable","16":"shipping-taxable","17":"purchasable","18":"product-type-variable","19":"wvs-archive-product-wrapper"},"acf":[],"_links":{"self":[{"href":"https:\/\/staging.nbg.eu\/sk\/wp-json\/wp\/v2\/product\/47085","targetHints":{"allow":["GET"]}}],"collection":[{"href":"https:\/\/staging.nbg.eu\/sk\/wp-json\/wp\/v2\/product"}],"about":[{"href":"https:\/\/staging.nbg.eu\/sk\/wp-json\/wp\/v2\/types\/product"}],"wp:featuredmedia":[{"embeddable":true,"href":"https:\/\/staging.nbg.eu\/sk\/wp-json\/wp\/v2\/media\/107646"}],"wp:attachment":[{"href":"https:\/\/staging.nbg.eu\/sk\/wp-json\/wp\/v2\/media?parent=47085"}],"wp:term":[{"taxonomy":"product_brand","embeddable":true,"href":"https:\/\/staging.nbg.eu\/sk\/wp-json\/wp\/v2\/product_brand?post=47085"},{"taxonomy":"product_cat","embeddable":true,"href":"https:\/\/staging.nbg.eu\/sk\/wp-json\/wp\/v2\/product_cat?post=47085"},{"taxonomy":"product_tag","embeddable":true,"href":"https:\/\/staging.nbg.eu\/sk\/wp-json\/wp\/v2\/product_tag?post=47085"}],"curies":[{"name":"wp","href":"https:\/\/api.w.org\/{rel}","templated":true}]}}