{"id":46995,"date":"2024-07-30T19:11:42","date_gmt":"2024-09-12T12:43:21","guid":{"rendered":"https:\/\/staging.nbg.eu\/product\/surefire-scout-light-rear-cap\/"},"modified":"2024-09-12T12:44:14","modified_gmt":"2024-09-12T12:44:14","slug":"surefire-scout-light-zadna-krytka","status":"publish","type":"product","link":"https:\/\/staging.nbg.eu\/sk\/produkt\/surefire-scout-light-zadna-krytka\/","title":{"rendered":"SureFire SCOUT LIGHT zadn\u00e1 krytka"},"content":{"rendered":"<div class=\"product-description\">\n<h2>SureFire SCOUT LIGHT ZADN\u00dd KRYT<\/h2>\n<p>N\u00e1hradn\u00fd zadn\u00fd kryt pre Scout Light, navrhnut\u00fd pre zv\u00fd\u0161en\u00fa v\u0161estrannos\u0165 a funk\u010dnos\u0165.<\/p>\n<h3>Hlavn\u00e9 vlastnosti:<\/h3>\n<ul>\n<li>Kompatibiln\u00fd s p\u00e1skov\u00fdmi sp\u00edna\u010dmi SureFire (ST07 nie je s\u00fa\u010das\u0165ou balenia)<\/li>\n<li>Funkcia uzamknutia zabra\u0148uje n\u00e1hodn\u00e9mu zapnutiu<\/li>\n<li>Kon\u0161trukcia z leteck\u00e9ho hlin\u00edka<\/li>\n<li>Povrchov\u00e1 \u00faprava tvrd\u00fdm eloxovan\u00edm pod\u013ea Mil-Spec Type III<\/li>\n<li>Dostupn\u00fd v \u010diernej alebo pieskovej farbe<\/li>\n<\/ul>\n<p>Tento zadn\u00fd kryt umo\u017e\u0148uje pripojenie p\u00e1skov\u00e9ho sp\u00edna\u010da SureFire, \u010do poskytuje lep\u0161iu kontrolu a flexibilitu po\u010das taktick\u00fdch oper\u00e1ci\u00ed. Funkcia uzamknutia zais\u0165uje bezpe\u010dnos\u0165 po\u010das prepravy a skladovania.<\/p>\n<h3>Kompatibilita:<\/h3>\n<p>Vhodn\u00fd pre Scout Light WeaponLights a baterky s priemerom sp\u00edna\u010da 0,75&#8243;, vr\u00e1tane:<\/p>\n<ul>\n<li>E1E-HA, E1B, E1L-HA-WH<\/li>\n<li>E2D-BK, E2DL-BK, E2L-HA-WH<\/li>\n<li>L4-HA-WH<\/li>\n<\/ul>\n<p><strong>Pozn\u00e1mka:<\/strong> Nie je kompatibiln\u00fd s Micro Scout Light Pro<\/p>\n<p>Vylep\u0161ite v\u00fdkon v\u00e1\u0161ho Scout Light t\u00fdmto odoln\u00fdm a v\u0161estrann\u00fdm zadn\u00fdm krytom.<\/p>\n<\/div>\n","protected":false},"excerpt":{"rendered":"<p>N\u00e1hradn\u00e1 zadn\u00e1 krytka pre Scout svietidl\u00e1. Umo\u017e\u0148uje pou\u017eitie p\u00e1sov\u00e9ho sp\u00edna\u010da.<\/p>\n","protected":false},"featured_media":46996,"template":"","meta":{"_acf_changed":false},"product_brand":[11873],"product_cat":[13412,13397,13388],"product_tag":[],"class_list":{"0":"post-46995","1":"product","2":"type-product","3":"status-publish","4":"has-post-thumbnail","6":"product_brand-surefire","7":"product_cat-prislusenstvo-k-svetlam","8":"product_cat-puska","9":"product_cat-svetla","11":"first","12":"instock","13":"taxable","14":"shipping-taxable","15":"purchasable","16":"product-type-variable","17":"wvs-archive-product-wrapper"},"acf":[],"_links":{"self":[{"href":"https:\/\/staging.nbg.eu\/sk\/wp-json\/wp\/v2\/product\/46995","targetHints":{"allow":["GET"]}}],"collection":[{"href":"https:\/\/staging.nbg.eu\/sk\/wp-json\/wp\/v2\/product"}],"about":[{"href":"https:\/\/staging.nbg.eu\/sk\/wp-json\/wp\/v2\/types\/product"}],"wp:featuredmedia":[{"embeddable":true,"href":"https:\/\/staging.nbg.eu\/sk\/wp-json\/wp\/v2\/media\/46996"}],"wp:attachment":[{"href":"https:\/\/staging.nbg.eu\/sk\/wp-json\/wp\/v2\/media?parent=46995"}],"wp:term":[{"taxonomy":"product_brand","embeddable":true,"href":"https:\/\/staging.nbg.eu\/sk\/wp-json\/wp\/v2\/product_brand?post=46995"},{"taxonomy":"product_cat","embeddable":true,"href":"https:\/\/staging.nbg.eu\/sk\/wp-json\/wp\/v2\/product_cat?post=46995"},{"taxonomy":"product_tag","embeddable":true,"href":"https:\/\/staging.nbg.eu\/sk\/wp-json\/wp\/v2\/product_tag?post=46995"}],"curies":[{"name":"wp","href":"https:\/\/api.w.org\/{rel}","templated":true}]}}