{"id":46903,"date":"2024-07-30T19:11:42","date_gmt":"2024-09-12T12:28:54","guid":{"rendered":"https:\/\/staging.nbg.eu\/product\/surefire-csm-07-weaponlight-switch\/"},"modified":"2024-09-12T12:29:47","modified_gmt":"2024-09-12T12:29:47","slug":"surefire-csm-07-prepinac-na-svietidlo-na-zbran","status":"publish","type":"product","link":"https:\/\/staging.nbg.eu\/sk\/produkt\/surefire-csm-07-prepinac-na-svietidlo-na-zbran\/","title":{"rendered":"SureFire CSM-07 prep\u00edna\u010d na svietidlo na zbra\u0148"},"content":{"rendered":"<h2>SureFire CSM-07 SP\u00cdNA\u010c PRE ZBRA\u0147OV\u00c9 SVETLO<\/h2>\n<p>SureFire CSM-07 SP\u00cdNA\u010c PRE ZBRA\u0147OV\u00c9 SVETLO je syst\u00e9m dia\u013ekov\u00e9ho ovl\u00e1dania navrhnut\u00fd pre ak\u00e9ko\u013evek zbra\u0148ov\u00e9 svetlo SureFire so z\u00e1suvkou pre sp\u00edna\u010d.<\/p>\n<h2>Hlavn\u00e9 vlastnosti:<\/h2>\n<ul>\n<li>Jeden sp\u00edna\u010d pre do\u010dasn\u00e9 a trval\u00e9 zapnutie<\/li>\n<li>Pripojenie k M-LOK li\u0161te pomocou dod\u00e1vanej svorky<\/li>\n<li>Priestorovo \u00fasporn\u00fd dizajn<\/li>\n<li>Kryt z odoln\u00e9ho polym\u00e9ru<\/li>\n<li>Vyroben\u00e9 pod\u013ea \u0161tandardov SureFire<\/li>\n<\/ul>\n<p>CSM-07 umo\u017e\u0148uje okam\u017eit\u00e9 ovl\u00e1danie: \u013eahk\u00e9 stla\u010denie pre do\u010dasn\u00e9 zapnutie alebo \u00fapln\u00e9 stla\u010denie pre trval\u00e9 zapnutie. Jeho kompaktn\u00fd dizajn \u0161etr\u00ed priestor na li\u0161te.<\/p>\n<h2>Kompatibilita:<\/h2>\n<p>Vhodn\u00fd pre zbra\u0148ov\u00e9 svetl\u00e1 SureFire so z\u00e1suvkami, vr\u00e1tane modelov Millennium Universal, Classic Universal, Scout Light (so z\u00e1suvkov\u00fdm uz\u00e1verom), X300 a X400 (so zostavou uz\u00e1veru XT).<\/p>\n<p>CSM-07 je ur\u010den\u00fd na spo\u013eahliv\u00e9 ovl\u00e1danie svetla.<\/p>\n","protected":false},"excerpt":{"rendered":"<p>Dia\u013ekov\u00fd sp\u00edna\u010d SureFire WeaponLight pre li\u0161ty M-LOK. Kompaktn\u00fd dizajn.<\/p>\n","protected":false},"featured_media":46904,"template":"","meta":{"_acf_changed":false},"product_brand":[11873],"product_cat":[13412,13388],"product_tag":[],"class_list":{"0":"post-46903","1":"product","2":"type-product","3":"status-publish","4":"has-post-thumbnail","6":"product_brand-surefire","7":"product_cat-prislusenstvo-k-svetlam","8":"product_cat-svetla","10":"first","11":"instock","12":"taxable","13":"shipping-taxable","14":"purchasable","15":"product-type-simple"},"acf":[],"_links":{"self":[{"href":"https:\/\/staging.nbg.eu\/sk\/wp-json\/wp\/v2\/product\/46903","targetHints":{"allow":["GET"]}}],"collection":[{"href":"https:\/\/staging.nbg.eu\/sk\/wp-json\/wp\/v2\/product"}],"about":[{"href":"https:\/\/staging.nbg.eu\/sk\/wp-json\/wp\/v2\/types\/product"}],"wp:featuredmedia":[{"embeddable":true,"href":"https:\/\/staging.nbg.eu\/sk\/wp-json\/wp\/v2\/media\/46904"}],"wp:attachment":[{"href":"https:\/\/staging.nbg.eu\/sk\/wp-json\/wp\/v2\/media?parent=46903"}],"wp:term":[{"taxonomy":"product_brand","embeddable":true,"href":"https:\/\/staging.nbg.eu\/sk\/wp-json\/wp\/v2\/product_brand?post=46903"},{"taxonomy":"product_cat","embeddable":true,"href":"https:\/\/staging.nbg.eu\/sk\/wp-json\/wp\/v2\/product_cat?post=46903"},{"taxonomy":"product_tag","embeddable":true,"href":"https:\/\/staging.nbg.eu\/sk\/wp-json\/wp\/v2\/product_tag?post=46903"}],"curies":[{"name":"wp","href":"https:\/\/api.w.org\/{rel}","templated":true}]}}