{"id":46833,"date":"2024-07-30T19:41:53","date_gmt":"2024-09-12T12:04:51","guid":{"rendered":"https:\/\/staging.nbg.eu\/product\/iosso-pistol-brush\/"},"modified":"2024-09-12T12:06:17","modified_gmt":"2024-09-12T12:06:17","slug":"iosso-pistolova-kefa","status":"publish","type":"product","link":"https:\/\/staging.nbg.eu\/sk\/produkt\/iosso-pistolova-kefa\/","title":{"rendered":"Iosso pi\u0161to\u013eov\u00e1 kefa"},"content":{"rendered":"<p>\n<strong>Iosso Pistol Brush<\/strong> je n\u00e1stroj na \u010distenie v\u00fdvrtu navrhnut\u00fd pre efekt\u00edvne \u010distenie:<\/p>\n<ul>\n<li>Modr\u00e9 vl\u00e1kna pre \u013eahk\u00fa identifik\u00e1ciu<\/li>\n<li>Hrub\u0161ie, pevnej\u0161ie \u0161tetiny umo\u017e\u0148uj\u00fa pohyb tam a sp\u00e4\u0165<\/li>\n<li>8-10 kr\u00e1t trvanlivej\u0161ie ako be\u017en\u00e9 kefky<\/li>\n<li>Tesne vinut\u00e9 s v\u00e4\u010d\u0161\u00edm po\u010dtom vl\u00e1kien na palec<\/li>\n<li>Vhodn\u00e9 na pou\u017eitie s Iosso Bore Cleaner a Triple Action Solution<\/li>\n<li>\u00da\u010dinne odstra\u0148uje v\u0161etky typy zne\u010distenia<\/li>\n<li>Skracuje \u010das \u010distenia pre \u010dist\u00fd v\u00fdvrt<\/li>\n<\/ul>\n<p>K dispoz\u00edcii v r\u00f4znych ve\u013ekostiach pre streln\u00e9 zbrane. Modr\u00e9 kefky s\u00fa ochrannou zn\u00e1mkou produktov Iosso.<\/p>\n","protected":false},"excerpt":{"rendered":"<p>Odoln\u00e1 kobaltovo modr\u00e1 pi\u0161to\u013eov\u00e1 kefa na efekt\u00edvne a d\u00f4kladn\u00e9 \u010distenie v\u00fdvrtu.<\/p>\n","protected":false},"featured_media":107501,"template":"","meta":{"_acf_changed":false},"product_brand":[11486],"product_cat":[13378,13405],"product_tag":[],"class_list":{"0":"post-46833","1":"product","2":"type-product","3":"status-publish","4":"has-post-thumbnail","6":"product_brand-iosso","7":"product_cat-cistenie-zbrani","8":"product_cat-kefky","10":"first","11":"instock","12":"taxable","13":"shipping-taxable","14":"purchasable","15":"product-type-variable","16":"wvs-archive-product-wrapper"},"acf":[],"_links":{"self":[{"href":"https:\/\/staging.nbg.eu\/sk\/wp-json\/wp\/v2\/product\/46833","targetHints":{"allow":["GET"]}}],"collection":[{"href":"https:\/\/staging.nbg.eu\/sk\/wp-json\/wp\/v2\/product"}],"about":[{"href":"https:\/\/staging.nbg.eu\/sk\/wp-json\/wp\/v2\/types\/product"}],"wp:featuredmedia":[{"embeddable":true,"href":"https:\/\/staging.nbg.eu\/sk\/wp-json\/wp\/v2\/media\/107501"}],"wp:attachment":[{"href":"https:\/\/staging.nbg.eu\/sk\/wp-json\/wp\/v2\/media?parent=46833"}],"wp:term":[{"taxonomy":"product_brand","embeddable":true,"href":"https:\/\/staging.nbg.eu\/sk\/wp-json\/wp\/v2\/product_brand?post=46833"},{"taxonomy":"product_cat","embeddable":true,"href":"https:\/\/staging.nbg.eu\/sk\/wp-json\/wp\/v2\/product_cat?post=46833"},{"taxonomy":"product_tag","embeddable":true,"href":"https:\/\/staging.nbg.eu\/sk\/wp-json\/wp\/v2\/product_tag?post=46833"}],"curies":[{"name":"wp","href":"https:\/\/api.w.org\/{rel}","templated":true}]}}