{"id":46693,"date":"2024-07-30T19:46:24","date_gmt":"2024-09-11T16:04:45","guid":{"rendered":"https:\/\/staging.nbg.eu\/product\/iosso-rifle-brush\/"},"modified":"2024-09-11T16:06:41","modified_gmt":"2024-09-11T16:06:41","slug":"iosso-puskarska-kefa","status":"publish","type":"product","link":"https:\/\/staging.nbg.eu\/sk\/produkt\/iosso-puskarska-kefa\/","title":{"rendered":"Iosso pu\u0161k\u00e1rska kefa"},"content":{"rendered":"<p>\nRif\u013eov\u00e1 kefa od Iosso Products. Vlastnosti:<\/p>\n<ul>\n<li>Hrub\u0161ie, tuh\u0161ie vl\u00e1kna pre \u010distenie tam a sp\u00e4\u0165<\/li>\n<li>Tesne navinut\u00e1 s v\u00e4\u010d\u0161\u00edm po\u010dtom vl\u00e1kien na centimeter<\/li>\n<li>Opakovane pou\u017eite\u013en\u00e1<\/li>\n<li>Vhodn\u00e1 na pou\u017eitie s \u010distiacim prostriedkom Iosso Bore Cleaner<\/li>\n<li>Odstra\u0148uje v\u0161etky typy zne\u010distenia<\/li>\n<li>V\u00fdrazne skracuje \u010das \u010distenia<\/li>\n<\/ul>\n<p>Efekt\u00edvne \u010distenie hlavne.<\/p>\n","protected":false},"excerpt":{"rendered":"<p>Odoln\u00e1 kobaltovo modr\u00e1 kefka na pu\u0161ku pre efekt\u00edvne a dlhotrvaj\u00face \u010distenie hlavne.<\/p>\n","protected":false},"featured_media":107432,"template":"","meta":{"_acf_changed":false},"product_brand":[11486],"product_cat":[13378,13405],"product_tag":[],"class_list":{"0":"post-46693","1":"product","2":"type-product","3":"status-publish","4":"has-post-thumbnail","6":"product_brand-iosso","7":"product_cat-cistenie-zbrani","8":"product_cat-kefky","10":"first","11":"instock","12":"taxable","13":"shipping-taxable","14":"purchasable","15":"product-type-variable","16":"wvs-archive-product-wrapper"},"acf":[],"_links":{"self":[{"href":"https:\/\/staging.nbg.eu\/sk\/wp-json\/wp\/v2\/product\/46693","targetHints":{"allow":["GET"]}}],"collection":[{"href":"https:\/\/staging.nbg.eu\/sk\/wp-json\/wp\/v2\/product"}],"about":[{"href":"https:\/\/staging.nbg.eu\/sk\/wp-json\/wp\/v2\/types\/product"}],"wp:featuredmedia":[{"embeddable":true,"href":"https:\/\/staging.nbg.eu\/sk\/wp-json\/wp\/v2\/media\/107432"}],"wp:attachment":[{"href":"https:\/\/staging.nbg.eu\/sk\/wp-json\/wp\/v2\/media?parent=46693"}],"wp:term":[{"taxonomy":"product_brand","embeddable":true,"href":"https:\/\/staging.nbg.eu\/sk\/wp-json\/wp\/v2\/product_brand?post=46693"},{"taxonomy":"product_cat","embeddable":true,"href":"https:\/\/staging.nbg.eu\/sk\/wp-json\/wp\/v2\/product_cat?post=46693"},{"taxonomy":"product_tag","embeddable":true,"href":"https:\/\/staging.nbg.eu\/sk\/wp-json\/wp\/v2\/product_tag?post=46693"}],"curies":[{"name":"wp","href":"https:\/\/api.w.org\/{rel}","templated":true}]}}