{"id":46493,"date":"2024-07-31T20:54:52","date_gmt":"2024-09-11T15:53:17","guid":{"rendered":"https:\/\/staging.nbg.eu\/product\/shotgun-brush\/"},"modified":"2024-09-11T15:54:10","modified_gmt":"2024-09-11T15:54:10","slug":"gulova-kefa-na-brokovnicu","status":"publish","type":"product","link":"https:\/\/staging.nbg.eu\/sk\/produkt\/gulova-kefa-na-brokovnicu\/","title":{"rendered":"Gu\u013eov\u00e1 kefa na brokovnicu"},"content":{"rendered":"<p>\nKefka na \u010distenie brokovnice od Iosso Products. Vlastnosti:<\/p>\n<ul>\n<li>Hrub\u0161ie, tuh\u0161ie vl\u00e1kna pre \u010distenie tam a sp\u00e4\u0165<\/li>\n<li>Husto vinut\u00e1 s v\u00e4\u010d\u0161\u00edm po\u010dtom vl\u00e1kien na palec<\/li>\n<li>Opakovane pou\u017eite\u013en\u00e1<\/li>\n<li>Vhodn\u00e1 na pou\u017eitie s \u010disti\u010dom hlavne Iosso<\/li>\n<li>Odstra\u0148uje v\u0161etky typy zne\u010distenia<\/li>\n<li>V\u00fdrazne skracuje \u010das \u010distenia<\/li>\n<\/ul>\n<p>Efekt\u00edvne \u010distenie hlavne.<\/p>\n","protected":false},"excerpt":{"rendered":"<p>Pr\u00e9miov\u00e1 kobaltovo modr\u00e1 kefa na v\u00fdvrt pre \u00fa\u010dinn\u00e9 a d\u00f4kladn\u00e9 \u010distenie brokovnice.<\/p>\n","protected":false},"featured_media":46494,"template":"","meta":{"_acf_changed":false},"product_brand":[],"product_cat":[13378,13405],"product_tag":[],"class_list":{"0":"post-46493","1":"product","2":"type-product","3":"status-publish","4":"has-post-thumbnail","6":"product_cat-cistenie-zbrani","7":"product_cat-kefky","9":"first","10":"instock","11":"taxable","12":"shipping-taxable","13":"purchasable","14":"product-type-variable","15":"wvs-archive-product-wrapper"},"acf":[],"_links":{"self":[{"href":"https:\/\/staging.nbg.eu\/sk\/wp-json\/wp\/v2\/product\/46493","targetHints":{"allow":["GET"]}}],"collection":[{"href":"https:\/\/staging.nbg.eu\/sk\/wp-json\/wp\/v2\/product"}],"about":[{"href":"https:\/\/staging.nbg.eu\/sk\/wp-json\/wp\/v2\/types\/product"}],"wp:featuredmedia":[{"embeddable":true,"href":"https:\/\/staging.nbg.eu\/sk\/wp-json\/wp\/v2\/media\/46494"}],"wp:attachment":[{"href":"https:\/\/staging.nbg.eu\/sk\/wp-json\/wp\/v2\/media?parent=46493"}],"wp:term":[{"taxonomy":"product_brand","embeddable":true,"href":"https:\/\/staging.nbg.eu\/sk\/wp-json\/wp\/v2\/product_brand?post=46493"},{"taxonomy":"product_cat","embeddable":true,"href":"https:\/\/staging.nbg.eu\/sk\/wp-json\/wp\/v2\/product_cat?post=46493"},{"taxonomy":"product_tag","embeddable":true,"href":"https:\/\/staging.nbg.eu\/sk\/wp-json\/wp\/v2\/product_tag?post=46493"}],"curies":[{"name":"wp","href":"https:\/\/api.w.org\/{rel}","templated":true}]}}