{"id":46351,"date":"2024-07-31T20:30:37","date_gmt":"2024-09-11T15:46:06","guid":{"rendered":"https:\/\/staging.nbg.eu\/product\/fox-ammunition-65-creed-123-gr\/"},"modified":"2024-09-11T15:46:59","modified_gmt":"2024-09-11T15:46:59","slug":"fox-municia-65-creed-123-gr","status":"publish","type":"product","link":"https:\/\/staging.nbg.eu\/sk\/produkt\/fox-municia-65-creed-123-gr\/","title":{"rendered":"Fox Mun\u00edcia 6,5 Creed. &#8211; 123 gr"},"content":{"rendered":"<h2>Fox Ammunition 6.5 Creed &#8211; 123 gr<\/h2>\n<p>Fox Ammunition 6.5 Creed 123 gr n\u00e1boje pou\u017e\u00edvaj\u00fa Fox Classic loveck\u00fa strelu. Tieto projektily bez olova s\u00fa vyroben\u00e9 zo zliatiny medi a zinku.<\/p>\n<ul>\n<li>Zlo\u017eenie bez olova<\/li>\n<li>Dr\u00e1\u017ekovan\u00fd dizajn pre zn\u00ed\u017eenie tlaku v hlavni a zv\u00fd\u0161enie r\u00fdchlosti<\/li>\n<li>Plastov\u00e1 \u0161pi\u010dka zlep\u0161uje balistiku a termin\u00e1lny \u00fa\u010dinok<\/li>\n<li>Kontrolovan\u00e1 expanzia pre prenos energie<\/li>\n<li>\u00da\u010dinn\u00e9 na kr\u00e1tke aj dlh\u00e9 vzdialenosti<\/li>\n<li>Zastavovacia sila s minim\u00e1lnym po\u0161koden\u00edm m\u00e4sa<\/li>\n<\/ul>\n<p>Fox Ammunition pon\u00faka presnos\u0165, spo\u013eahlivos\u0165 a etick\u00e9 po\u013eovn\u00edcke praktiky.<\/p>\n","protected":false},"excerpt":{"rendered":"<p>Bezolovnat\u00e9, presn\u00e9 strelivo kalibru 6,5 Creedmoor<\/p>\n","protected":false},"featured_media":46352,"template":"","meta":{"_acf_changed":false},"product_brand":[],"product_cat":[13372,13409],"product_tag":[],"class_list":{"0":"post-46351","1":"product","2":"type-product","3":"status-publish","4":"has-post-thumbnail","6":"product_cat-municia","7":"product_cat-strelivo-do-pusiek","9":"first","10":"instock","11":"taxable","12":"shipping-taxable","13":"purchasable","14":"product-type-simple"},"acf":[],"_links":{"self":[{"href":"https:\/\/staging.nbg.eu\/sk\/wp-json\/wp\/v2\/product\/46351","targetHints":{"allow":["GET"]}}],"collection":[{"href":"https:\/\/staging.nbg.eu\/sk\/wp-json\/wp\/v2\/product"}],"about":[{"href":"https:\/\/staging.nbg.eu\/sk\/wp-json\/wp\/v2\/types\/product"}],"wp:featuredmedia":[{"embeddable":true,"href":"https:\/\/staging.nbg.eu\/sk\/wp-json\/wp\/v2\/media\/46352"}],"wp:attachment":[{"href":"https:\/\/staging.nbg.eu\/sk\/wp-json\/wp\/v2\/media?parent=46351"}],"wp:term":[{"taxonomy":"product_brand","embeddable":true,"href":"https:\/\/staging.nbg.eu\/sk\/wp-json\/wp\/v2\/product_brand?post=46351"},{"taxonomy":"product_cat","embeddable":true,"href":"https:\/\/staging.nbg.eu\/sk\/wp-json\/wp\/v2\/product_cat?post=46351"},{"taxonomy":"product_tag","embeddable":true,"href":"https:\/\/staging.nbg.eu\/sk\/wp-json\/wp\/v2\/product_tag?post=46351"}],"curies":[{"name":"wp","href":"https:\/\/api.w.org\/{rel}","templated":true}]}}