{"id":46193,"date":"2024-08-03T08:31:54","date_gmt":"2024-09-11T15:11:22","guid":{"rendered":"https:\/\/staging.nbg.eu\/product\/rh-owb-tac-duty-holster\/"},"modified":"2024-09-11T15:12:41","modified_gmt":"2024-09-11T15:12:41","slug":"rh-owb-tacduty-puzdro","status":"publish","type":"product","link":"https:\/\/staging.nbg.eu\/sk\/produkt\/rh-owb-tacduty-puzdro\/","title":{"rendered":"RH OWB Tac\/Duty puzdro"},"content":{"rendered":"<p>RH OWB Tac\/Duty puzdro je kydexov\u00e9 puzdro na zbrane ur\u010den\u00e9 pre taktick\u00e9 a slu\u017eobn\u00e9 pou\u017eitie. Vlastnosti zah\u0155\u0148aj\u00fa:<\/p>\n<ul>\n<li>Kompatibiln\u00e9 so zbra\u0148ov\u00fdmi svietidlami<\/li>\n<li>Vhodn\u00e9 pre platformy Safariland, Blackhawk alebo Blade-Tech<\/li>\n<li>Vhodn\u00e9 pre nosenie na spodnej \u010dasti stehna<\/li>\n<li>Jednoduch\u00e1 \u00fadr\u017eba a \u010distenie<\/li>\n<li>Pou\u017e\u00edvan\u00e9 \u010desk\u00fdmi ozbrojen\u00fdmi silami a pol\u00edciou<\/li>\n<\/ul>\n<p>Vhodn\u00e9 pre slu\u017eobn\u00e9 zbrane, v\u00fdcvik a taktick\u00e9 oper\u00e1cie.<\/p>\n","protected":false},"excerpt":{"rendered":"<p>Odoln\u00e9 puzdro Kydex na slu\u017eobn\u00e9 pou\u017eitie. Vhodn\u00e9 pre slu\u017eobn\u00e9 zbrane a svietidl\u00e1.<\/p>\n","protected":false},"featured_media":46194,"template":"","meta":{"_acf_changed":false},"product_brand":[11638],"product_cat":[13351,13389,13338],"product_tag":[],"class_list":{"0":"post-46193","1":"product","2":"type-product","3":"status-publish","4":"has-post-thumbnail","6":"product_brand-rh-holsters","7":"product_cat-puzdro","8":"product_cat-sportove-puzdro","9":"product_cat-takticke-puzdro","10":"pa_light-surefire-x300-ultra-a-sk","11":"pa_model-glock-17-sk","12":"pa_safety-automatic-sk","13":"pa_strong-hand-right-sk","15":"first","16":"instock","17":"taxable","18":"shipping-taxable","19":"purchasable","20":"product-type-variable","21":"wvs-archive-product-wrapper"},"acf":[],"_links":{"self":[{"href":"https:\/\/staging.nbg.eu\/sk\/wp-json\/wp\/v2\/product\/46193","targetHints":{"allow":["GET"]}}],"collection":[{"href":"https:\/\/staging.nbg.eu\/sk\/wp-json\/wp\/v2\/product"}],"about":[{"href":"https:\/\/staging.nbg.eu\/sk\/wp-json\/wp\/v2\/types\/product"}],"wp:featuredmedia":[{"embeddable":true,"href":"https:\/\/staging.nbg.eu\/sk\/wp-json\/wp\/v2\/media\/46194"}],"wp:attachment":[{"href":"https:\/\/staging.nbg.eu\/sk\/wp-json\/wp\/v2\/media?parent=46193"}],"wp:term":[{"taxonomy":"product_brand","embeddable":true,"href":"https:\/\/staging.nbg.eu\/sk\/wp-json\/wp\/v2\/product_brand?post=46193"},{"taxonomy":"product_cat","embeddable":true,"href":"https:\/\/staging.nbg.eu\/sk\/wp-json\/wp\/v2\/product_cat?post=46193"},{"taxonomy":"product_tag","embeddable":true,"href":"https:\/\/staging.nbg.eu\/sk\/wp-json\/wp\/v2\/product_tag?post=46193"}],"curies":[{"name":"wp","href":"https:\/\/api.w.org\/{rel}","templated":true}]}}