{"id":46121,"date":"2024-08-03T09:01:48","date_gmt":"2024-09-11T09:29:51","guid":{"rendered":"https:\/\/staging.nbg.eu\/product\/rh-sharky-iwb-holster\/"},"modified":"2024-09-11T09:31:00","modified_gmt":"2024-09-11T09:31:00","slug":"rh-sharky-iwb-puzdro","status":"publish","type":"product","link":"https:\/\/staging.nbg.eu\/sk\/produkt\/rh-sharky-iwb-puzdro\/","title":{"rendered":"RH Sharky IWB puzdro"},"content":{"rendered":"<p>RH Sharky IWB puzdro na zbra\u0148 pon\u00faka skryt\u00e9 nosenie. Vlastnosti zah\u0155\u0148aj\u00fa:<\/p>\n<ul>\n<li>Kon\u0161trukcia vytvoren\u00e1 v\u00e1kuov\u00fdm lisovan\u00edm<\/li>\n<li>Dvojit\u00e1 spona pre pevn\u00e9 uchytenie<\/li>\n<li>Nastavite\u013en\u00fd sklon a v\u00fd\u0161ka<\/li>\n<li>Kompatibiln\u00e9 s kolim\u00e1tormi a pred\u013a\u017een\u00fdmi hlav\u0148ami<\/li>\n<li>Integrovan\u00fd v\u00fdstupok pre lep\u0161ie skrytie<\/li>\n<li>Nastavenie \u00fachopu pre individu\u00e1lne prisp\u00f4sobenie<\/li>\n<\/ul>\n<p>Toto puzdro na nosenie vo vn\u00fatri p\u00e1sa pon\u00faka pohodlie a v\u0161estrannos\u0165.<\/p>\n","protected":false},"excerpt":{"rendered":"<p>Bezpe\u010dn\u00e9, nastavite\u013en\u00e9 IWB puzdro na skryt\u00e9 nosenie so \u010derven\u00fdm bodom.<\/p>\n","protected":false},"featured_media":46124,"template":"","meta":{"_acf_changed":false},"product_brand":[11638],"product_cat":[13351,13338],"product_tag":[],"class_list":{"0":"post-46121","1":"product","2":"type-product","3":"status-publish","4":"has-post-thumbnail","6":"product_brand-rh-holsters","7":"product_cat-puzdro","8":"product_cat-takticke-puzdro","9":"pa_clips-monoblock-sk","10":"pa_light-surefire-x300-ultra-a-sk","11":"pa_light-without-light-sk","12":"pa_model-glock-17-sk","13":"pa_model-glock-43x-sk","14":"pa_strong-hand-left-sk","15":"pa_strong-hand-right-sk","17":"first","18":"instock","19":"taxable","20":"shipping-taxable","21":"purchasable","22":"product-type-variable","23":"wvs-archive-product-wrapper"},"acf":[],"_links":{"self":[{"href":"https:\/\/staging.nbg.eu\/sk\/wp-json\/wp\/v2\/product\/46121","targetHints":{"allow":["GET"]}}],"collection":[{"href":"https:\/\/staging.nbg.eu\/sk\/wp-json\/wp\/v2\/product"}],"about":[{"href":"https:\/\/staging.nbg.eu\/sk\/wp-json\/wp\/v2\/types\/product"}],"wp:featuredmedia":[{"embeddable":true,"href":"https:\/\/staging.nbg.eu\/sk\/wp-json\/wp\/v2\/media\/46124"}],"wp:attachment":[{"href":"https:\/\/staging.nbg.eu\/sk\/wp-json\/wp\/v2\/media?parent=46121"}],"wp:term":[{"taxonomy":"product_brand","embeddable":true,"href":"https:\/\/staging.nbg.eu\/sk\/wp-json\/wp\/v2\/product_brand?post=46121"},{"taxonomy":"product_cat","embeddable":true,"href":"https:\/\/staging.nbg.eu\/sk\/wp-json\/wp\/v2\/product_cat?post=46121"},{"taxonomy":"product_tag","embeddable":true,"href":"https:\/\/staging.nbg.eu\/sk\/wp-json\/wp\/v2\/product_tag?post=46121"}],"curies":[{"name":"wp","href":"https:\/\/api.w.org\/{rel}","templated":true}]}}