{"id":46005,"date":"2024-08-03T17:10:30","date_gmt":"2024-08-03T14:10:30","guid":{"rendered":"https:\/\/staging.nbg.eu\/product\/rh-classic-iwb-holster\/"},"modified":"2025-10-20T11:58:55","modified_gmt":"2025-10-20T08:58:55","slug":"rh-classic-iwb-puzdro","status":"publish","type":"product","link":"https:\/\/staging.nbg.eu\/sk\/produkt\/rh-classic-iwb-puzdro\/","title":{"rendered":"RH Classic IWB puzdro"},"content":{"rendered":"<p>RH Classic IWB puzdro na zbra\u0148 pon\u00faka pohodln\u00e9 skryt\u00e9 nosenie. Vlastnosti zah\u0155\u0148aj\u00fa:<\/p>\n<ul>\n<li>V\u00e1kuovo lisovan\u00fd kydex pre presn\u00e9 prisp\u00f4sobenie zbrani<\/li>\n<li>Nastavite\u013en\u00fd \u00fachop a sklon<\/li>\n<li>Volite\u013en\u00e9 pr\u00edslu\u0161enstvo claw a ERC<\/li>\n<li>Tenk\u00fd profil pre minim\u00e1lne prekreslenie<\/li>\n<li>Ru\u010dne rezan\u00e9 okraje pre pohodlie<\/li>\n<li>Jednodielna kon\u0161trukcia<\/li>\n<li>Dizajn s otvoren\u00fdm spodkom pre v\u0161estrannos\u0165<\/li>\n<\/ul>\n<p>Vhodn\u00e9 pre ka\u017edodenn\u00e9 skryt\u00e9 nosenie.<\/p>\n","protected":false},"excerpt":{"rendered":"<p>Tenk\u00e9 IWB puzdro: Nastavite\u013en\u00e9, skryt\u00e9 nosenie s mo\u017enos\u0165ami paz\u00fara a ERC.<\/p>\n","protected":false},"featured_media":46007,"template":"","meta":{"_acf_changed":false},"product_brand":[11638],"product_cat":[13351,13338],"product_tag":[],"class_list":{"0":"post-46005","1":"product","2":"type-product","3":"status-publish","4":"has-post-thumbnail","6":"product_brand-rh-holsters","7":"product_cat-puzdro","8":"product_cat-takticke-puzdro","9":"pa_belt-size-40mm-sk","10":"pa_claw-with-aiwb-sk","11":"pa_claw-without-standard-sk","12":"pa_clips-flushclip-sk","13":"pa_light-surefire-x300-ultra-a-sk","14":"pa_light-surefire-x300-a","15":"pa_light-without-light-sk","16":"pa_model-glock-17-sk","17":"pa_model-glock-19-34","18":"pa_model-glock-19-23-32-sk","19":"pa_model-glock-26-27-sk","20":"pa_strong-hand-right-sk","22":"first","23":"instock","24":"taxable","25":"shipping-taxable","26":"purchasable","27":"product-type-variable","28":"wvs-archive-product-wrapper"},"acf":[],"_links":{"self":[{"href":"https:\/\/staging.nbg.eu\/sk\/wp-json\/wp\/v2\/product\/46005","targetHints":{"allow":["GET"]}}],"collection":[{"href":"https:\/\/staging.nbg.eu\/sk\/wp-json\/wp\/v2\/product"}],"about":[{"href":"https:\/\/staging.nbg.eu\/sk\/wp-json\/wp\/v2\/types\/product"}],"wp:featuredmedia":[{"embeddable":true,"href":"https:\/\/staging.nbg.eu\/sk\/wp-json\/wp\/v2\/media\/46007"}],"wp:attachment":[{"href":"https:\/\/staging.nbg.eu\/sk\/wp-json\/wp\/v2\/media?parent=46005"}],"wp:term":[{"taxonomy":"product_brand","embeddable":true,"href":"https:\/\/staging.nbg.eu\/sk\/wp-json\/wp\/v2\/product_brand?post=46005"},{"taxonomy":"product_cat","embeddable":true,"href":"https:\/\/staging.nbg.eu\/sk\/wp-json\/wp\/v2\/product_cat?post=46005"},{"taxonomy":"product_tag","embeddable":true,"href":"https:\/\/staging.nbg.eu\/sk\/wp-json\/wp\/v2\/product_tag?post=46005"}],"curies":[{"name":"wp","href":"https:\/\/api.w.org\/{rel}","templated":true}]}}