{"id":45845,"date":"2024-08-03T14:31:50","date_gmt":"2024-09-10T15:01:24","guid":{"rendered":"https:\/\/staging.nbg.eu\/product\/rh-frogy-owb-holster\/"},"modified":"2024-09-10T15:02:33","modified_gmt":"2024-09-10T15:02:33","slug":"rh-frogy-owb-puzdro","status":"publish","type":"product","link":"https:\/\/staging.nbg.eu\/sk\/produkt\/rh-frogy-owb-puzdro\/","title":{"rendered":"RH Frogy OWB puzdro"},"content":{"rendered":"<div class=\"product-description\">\n<h2>RH Frogy OWB Puzdro<\/h2>\n<p>Za\u017eite \u0161pi\u010dkov\u00e9 skryt\u00e9 nosenie so puzdrom RH Frogy OWB. Navrhnut\u00e9 na nosenie vonku za opaskom, toto puzdro sa vyzna\u010duje:<\/p>\n<ul>\n<li>Jedine\u010dnou kon\u0161trukciou s integrovanou tlakovou funkciou pre lep\u0161ie utajenie zbrane<\/li>\n<li>Pohodln\u00fdm nosen\u00edm s priestorovo-v\u00fdpl\u0148ov\u00fdm dizajnom pod opaskom pre stabiln\u00fa polohu<\/li>\n<li>V\u00e1kuovo lisovan\u00fdm 2,5 mm hrub\u00fdm Kydexom s rebrovan\u00edm pre zv\u00fd\u0161en\u00fa odolnos\u0165 a tuhos\u0165<\/li>\n<li>Ru\u010dne le\u0161ten\u00e9 hrany pre maxim\u00e1lne pohodlie<\/li>\n<li>Uhlov\u00e9 umiestnenie zbrane pre lep\u0161ie utajenie a tasenie<\/li>\n<li>Nastavite\u013en\u00fdm \u00fachopom a sklonom<\/li>\n<li>Kompatibilitou s \u010derven\u00fdmi bodkami a pred\u013a\u017een\u00fdmi hlav\u0148ami\/z\u00e1vitmi<\/li>\n<\/ul>\n<p>Presne tvarovan\u00e9 a vyroben\u00e9 z jedn\u00e9ho kusa Kydexu, toto puzdro pon\u00faka optim\u00e1lne utajenie a pohodlie. Jeho otvoren\u00fd dizajn umo\u017e\u0148uje jednoduch\u00e9 \u010distenie a prisp\u00f4sobuje sa r\u00f4znym \u00faprav\u00e1m zbran\u00ed.<\/p>\n<\/div>\n","protected":false},"excerpt":{"rendered":"<p>RH Frogy OWB puzdro: Skryt\u00e9, pohodln\u00e9, nastavite\u013en\u00e9 kydexov\u00e9 nosenie.<\/p>\n","protected":false},"featured_media":45849,"template":"","meta":{"_acf_changed":false},"product_brand":[11638],"product_cat":[13351,13389,13338],"product_tag":[],"class_list":{"0":"post-45845","1":"product","2":"type-product","3":"status-publish","4":"has-post-thumbnail","6":"product_brand-rh-holsters","7":"product_cat-puzdro","8":"product_cat-sportove-puzdro","9":"product_cat-takticke-puzdro","10":"pa_belt-size-40mm-sk","11":"pa_model-glock-17-sk","12":"pa_model-glock-19-23-32-sk","13":"pa_strong-hand-right-sk","15":"first","16":"instock","17":"taxable","18":"shipping-taxable","19":"purchasable","20":"product-type-variable","21":"wvs-archive-product-wrapper"},"acf":[],"_links":{"self":[{"href":"https:\/\/staging.nbg.eu\/sk\/wp-json\/wp\/v2\/product\/45845","targetHints":{"allow":["GET"]}}],"collection":[{"href":"https:\/\/staging.nbg.eu\/sk\/wp-json\/wp\/v2\/product"}],"about":[{"href":"https:\/\/staging.nbg.eu\/sk\/wp-json\/wp\/v2\/types\/product"}],"wp:featuredmedia":[{"embeddable":true,"href":"https:\/\/staging.nbg.eu\/sk\/wp-json\/wp\/v2\/media\/45849"}],"wp:attachment":[{"href":"https:\/\/staging.nbg.eu\/sk\/wp-json\/wp\/v2\/media?parent=45845"}],"wp:term":[{"taxonomy":"product_brand","embeddable":true,"href":"https:\/\/staging.nbg.eu\/sk\/wp-json\/wp\/v2\/product_brand?post=45845"},{"taxonomy":"product_cat","embeddable":true,"href":"https:\/\/staging.nbg.eu\/sk\/wp-json\/wp\/v2\/product_cat?post=45845"},{"taxonomy":"product_tag","embeddable":true,"href":"https:\/\/staging.nbg.eu\/sk\/wp-json\/wp\/v2\/product_tag?post=45845"}],"curies":[{"name":"wp","href":"https:\/\/api.w.org\/{rel}","templated":true}]}}