{"id":45732,"date":"2024-08-03T14:57:22","date_gmt":"2024-09-10T14:57:04","guid":{"rendered":"https:\/\/staging.nbg.eu\/product\/rh-sport-pistol-mag-holder\/"},"modified":"2024-09-10T14:58:13","modified_gmt":"2024-09-10T14:58:13","slug":"rh-sport-drziak-zasobnika-na-pistol","status":"publish","type":"product","link":"https:\/\/staging.nbg.eu\/sk\/produkt\/rh-sport-drziak-zasobnika-na-pistol\/","title":{"rendered":"RH Sport dr\u017eiak z\u00e1sobn\u00edka na pi\u0161to\u013e"},"content":{"rendered":"<p>Dr\u017eiak na z\u00e1sobn\u00edky pi\u0161tole RH Sport je prvotriedne rie\u0161enie na nosenie mimo opasok pre skryt\u00e9 nosenie a pou\u017eitie na strelnici. Medzi jeho vlastnosti patr\u00ed:<\/p>\n<ul>\n<li>Kon\u0161trukcia z 2mm Kydexu tvarovan\u00e9ho v\u00e1kuov\u00fdm lisovan\u00edm<\/li>\n<li>Presn\u00e9 prisp\u00f4sobenie pre nosenie jedn\u00e9ho alebo dvoch z\u00e1sobn\u00edkov<\/li>\n<li>Ostr\u00e9 z\u00e1rezy s hladk\u00fdmi, ru\u010dne rezan\u00fdmi hranami<\/li>\n<li>Odoln\u00e1 kon\u0161trukcia s dut\u00fdmi nitmi<\/li>\n<li>\u013dahk\u00e1 dostupnos\u0165 pre r\u00fdchle preb\u00edjanie<\/li>\n<\/ul>\n<p>Navrhnut\u00fd pre pohodlie a spo\u013eahlivos\u0165, je dokonal\u00fdm doplnkom va\u0161ej strelnej zbrane.<\/p>\n","protected":false},"excerpt":{"rendered":"<p>Bezpe\u010dn\u00e9 puzdro na z\u00e1sobn\u00edk OWB Kydex pre r\u00fdchly pr\u00edstup na strelnici alebo pri skrytom nosen\u00ed.<\/p>\n","protected":false},"featured_media":45733,"template":"","meta":{"_acf_changed":false},"product_brand":[11638],"product_cat":[13340,13351],"product_tag":[],"class_list":{"0":"post-45732","1":"product","2":"type-product","3":"status-publish","4":"has-post-thumbnail","6":"product_brand-rh-holsters","7":"product_cat-drziaky-na-zasobniky","8":"product_cat-puzdro","9":"pa_model-kmr-spectra-sk","10":"pa_strong-hand-right-sk","12":"first","13":"instock","14":"taxable","15":"shipping-taxable","16":"purchasable","17":"product-type-variable","18":"wvs-archive-product-wrapper"},"acf":[],"_links":{"self":[{"href":"https:\/\/staging.nbg.eu\/sk\/wp-json\/wp\/v2\/product\/45732","targetHints":{"allow":["GET"]}}],"collection":[{"href":"https:\/\/staging.nbg.eu\/sk\/wp-json\/wp\/v2\/product"}],"about":[{"href":"https:\/\/staging.nbg.eu\/sk\/wp-json\/wp\/v2\/types\/product"}],"wp:featuredmedia":[{"embeddable":true,"href":"https:\/\/staging.nbg.eu\/sk\/wp-json\/wp\/v2\/media\/45733"}],"wp:attachment":[{"href":"https:\/\/staging.nbg.eu\/sk\/wp-json\/wp\/v2\/media?parent=45732"}],"wp:term":[{"taxonomy":"product_brand","embeddable":true,"href":"https:\/\/staging.nbg.eu\/sk\/wp-json\/wp\/v2\/product_brand?post=45732"},{"taxonomy":"product_cat","embeddable":true,"href":"https:\/\/staging.nbg.eu\/sk\/wp-json\/wp\/v2\/product_cat?post=45732"},{"taxonomy":"product_tag","embeddable":true,"href":"https:\/\/staging.nbg.eu\/sk\/wp-json\/wp\/v2\/product_tag?post=45732"}],"curies":[{"name":"wp","href":"https:\/\/api.w.org\/{rel}","templated":true}]}}