{"id":45664,"date":"2024-08-04T20:46:31","date_gmt":"2024-09-10T14:52:30","guid":{"rendered":"https:\/\/staging.nbg.eu\/product\/rh-ar15-m4-owb-mag-holder\/"},"modified":"2024-09-10T14:53:38","modified_gmt":"2024-09-10T14:53:38","slug":"rh-ar15m4-owb-drziak-zasobnika","status":"publish","type":"product","link":"https:\/\/staging.nbg.eu\/sk\/produkt\/rh-ar15m4-owb-drziak-zasobnika\/","title":{"rendered":"RH AR15\/M4 OWB dr\u017eiak z\u00e1sobn\u00edka"},"content":{"rendered":"<p>Dr\u017eiak z\u00e1sobn\u00edkov RH AR15\/M4 OWB je perfektn\u00fd pre IPSC a slu\u017eobn\u00e9 pou\u017eitie. Medzi jeho vlastnosti patr\u00ed:<\/p>\n<ul>\n<li>Nastavite\u013en\u00fd \u00fachop pre optim\u00e1lny odpor<\/li>\n<li>Jednoduch\u00e1 pr\u00edstupnos\u0165<\/li>\n<li>Kompatibiln\u00fd so \u0161portov\u00fdmi a taktick\u00fdmi opaskami<\/li>\n<li>Presne tvarovan\u00fd pre dokonal\u00e9 prisp\u00f4sobenie<\/li>\n<li>Ostr\u00e9 z\u00e1rezy s hladk\u00fdmi hranami<\/li>\n<\/ul>\n<p>Ide\u00e1lny pre z\u00e1sobn\u00edky PCC, tento dr\u017eiak pon\u00faka vynikaj\u00faci v\u00fdkon a pohodlie.<\/p>\n","protected":false},"excerpt":{"rendered":"<p>Nastavite\u013en\u00e9 puzdro na z\u00e1sobn\u00edky IPSC\/slu\u017eobn\u00e9 pre \u013eahk\u00fd pr\u00edstup na taktick\u00fdch opaskoch<\/p>\n","protected":false},"featured_media":45666,"template":"","meta":{"_acf_changed":false},"product_brand":[11638],"product_cat":[13340,13351],"product_tag":[],"class_list":{"0":"post-45664","1":"product","2":"type-product","3":"status-publish","4":"has-post-thumbnail","6":"product_brand-rh-holsters","7":"product_cat-drziaky-na-zasobniky","8":"product_cat-puzdro","9":"pa_model-ar-15-sk","10":"pa_strong-hand-right-sk","12":"first","13":"instock","14":"taxable","15":"shipping-taxable","16":"purchasable","17":"product-type-variable","18":"wvs-archive-product-wrapper"},"acf":[],"_links":{"self":[{"href":"https:\/\/staging.nbg.eu\/sk\/wp-json\/wp\/v2\/product\/45664","targetHints":{"allow":["GET"]}}],"collection":[{"href":"https:\/\/staging.nbg.eu\/sk\/wp-json\/wp\/v2\/product"}],"about":[{"href":"https:\/\/staging.nbg.eu\/sk\/wp-json\/wp\/v2\/types\/product"}],"wp:featuredmedia":[{"embeddable":true,"href":"https:\/\/staging.nbg.eu\/sk\/wp-json\/wp\/v2\/media\/45666"}],"wp:attachment":[{"href":"https:\/\/staging.nbg.eu\/sk\/wp-json\/wp\/v2\/media?parent=45664"}],"wp:term":[{"taxonomy":"product_brand","embeddable":true,"href":"https:\/\/staging.nbg.eu\/sk\/wp-json\/wp\/v2\/product_brand?post=45664"},{"taxonomy":"product_cat","embeddable":true,"href":"https:\/\/staging.nbg.eu\/sk\/wp-json\/wp\/v2\/product_cat?post=45664"},{"taxonomy":"product_tag","embeddable":true,"href":"https:\/\/staging.nbg.eu\/sk\/wp-json\/wp\/v2\/product_tag?post=45664"}],"curies":[{"name":"wp","href":"https:\/\/api.w.org\/{rel}","templated":true}]}}