{"id":45580,"date":"2024-08-16T11:10:46","date_gmt":"2024-09-10T14:47:43","guid":{"rendered":"https:\/\/staging.nbg.eu\/product\/barwarus-knob-for-ak47-charging-handle\/"},"modified":"2024-09-10T14:48:35","modified_gmt":"2024-09-10T14:48:35","slug":"barwarus-gombik-pre-ak47-nabijacia-paka","status":"publish","type":"product","link":"https:\/\/staging.nbg.eu\/sk\/produkt\/barwarus-gombik-pre-ak47-nabijacia-paka\/","title":{"rendered":"Barwarus gomb\u00edk pre AK47 (nab\u00edjacia p\u00e1ka)"},"content":{"rendered":"<div class=\"product-description\">\n<h2>Gomb\u00edk Barwarus pre nab\u00edjaciu p\u00e1ku AK47<\/h2>\n<p>Vylep\u0161ite svoju AK47 pomocou gomb\u00edka Barwarus, dokonal\u00e9ho vylep\u0161enia pre va\u0161u nab\u00edjaciu p\u00e1ku. Toto presne skon\u0161truovan\u00e9 pr\u00edslu\u0161enstvo sa \u013eahko pripevn\u00ed na existuj\u00facu nab\u00edjaciu p\u00e1ku a poskytuje hladk\u00fd, zv\u00e4\u010d\u0161en\u00fd gomb\u00edk pre bezprobl\u00e9mov\u00fa obsluhu zbrane.<\/p>\n<ul>\n<li>Starostlivo navrhnut\u00fd pre AK47 a podobn\u00e9 modely<\/li>\n<li>Ergonomick\u00fd tvar pohodlne sadne do akejko\u013evek polohy prstov<\/li>\n<li>Bezpe\u010dn\u00e9 upevnenie zabra\u0148uje probl\u00e9mom s uvo\u013enen\u00edm, ktor\u00e9 s\u00fa be\u017en\u00e9 pri in\u00fdch gomb\u00edkoch<\/li>\n<li>Nevy\u017eaduje zv\u00e1ranie &#8211; pou\u017e\u00edva existuj\u00facu nastavovaciu skrutku pre jednoduch\u00fa in\u0161tal\u00e1ciu<\/li>\n<li>Kompatibiln\u00fd s v\u00e4\u010d\u0161inou variant AK47<\/li>\n<\/ul>\n<p>Za\u017eite vylep\u0161en\u00fa manipul\u00e1ciu a spo\u013eahlivos\u0165 s gomb\u00edkom Barwarus. Pozdvihnite svoj streleck\u00fd z\u00e1\u017eitok e\u0161te dnes!<\/p>\n<\/div>\n","protected":false},"excerpt":{"rendered":"<p>Vylep\u0161en\u00fd nab\u00edjac\u00ed gomb\u00edk pre AK47 pre plynulej\u0161iu obsluhu<\/p>\n","protected":false},"featured_media":101468,"template":"","meta":{"_acf_changed":false},"product_brand":[11114],"product_cat":[13331,13346],"product_tag":[],"class_list":{"0":"post-45580","1":"product","2":"type-product","3":"status-publish","4":"has-post-thumbnail","6":"product_brand-barwarus","7":"product_cat-ak-tuning","8":"product_cat-rifle-tuning","10":"first","11":"outofstock","12":"taxable","13":"shipping-taxable","14":"purchasable","15":"product-type-variable","16":"wvs-archive-product-wrapper"},"acf":[],"_links":{"self":[{"href":"https:\/\/staging.nbg.eu\/sk\/wp-json\/wp\/v2\/product\/45580","targetHints":{"allow":["GET"]}}],"collection":[{"href":"https:\/\/staging.nbg.eu\/sk\/wp-json\/wp\/v2\/product"}],"about":[{"href":"https:\/\/staging.nbg.eu\/sk\/wp-json\/wp\/v2\/types\/product"}],"wp:featuredmedia":[{"embeddable":true,"href":"https:\/\/staging.nbg.eu\/sk\/wp-json\/wp\/v2\/media\/101468"}],"wp:attachment":[{"href":"https:\/\/staging.nbg.eu\/sk\/wp-json\/wp\/v2\/media?parent=45580"}],"wp:term":[{"taxonomy":"product_brand","embeddable":true,"href":"https:\/\/staging.nbg.eu\/sk\/wp-json\/wp\/v2\/product_brand?post=45580"},{"taxonomy":"product_cat","embeddable":true,"href":"https:\/\/staging.nbg.eu\/sk\/wp-json\/wp\/v2\/product_cat?post=45580"},{"taxonomy":"product_tag","embeddable":true,"href":"https:\/\/staging.nbg.eu\/sk\/wp-json\/wp\/v2\/product_tag?post=45580"}],"curies":[{"name":"wp","href":"https:\/\/api.w.org\/{rel}","templated":true}]}}