{"id":45482,"date":"2024-08-16T17:57:18","date_gmt":"2024-09-10T14:26:25","guid":{"rendered":"https:\/\/staging.nbg.eu\/product\/clips-ulticlip-3\/"},"modified":"2024-09-10T14:27:18","modified_gmt":"2024-09-10T14:27:18","slug":"klipsy-ulticlip-3","status":"publish","type":"product","link":"https:\/\/staging.nbg.eu\/sk\/produkt\/klipsy-ulticlip-3\/","title":{"rendered":"Klipsy Ulticlip 3+"},"content":{"rendered":"<div class=\"product-description\">\n<h2>Clips Ulticlip 3+: Dokonal\u00e9 utajenie a zadr\u017eanie<\/h2>\n<p>Za\u017eite bezkonkuren\u010dn\u00e9 utajenie a zadr\u017eanie s Ulticlip3+. Tento 100% americk\u00fd klip pon\u00faka:<\/p>\n<ul>\n<li>\u0160pi\u010dkov\u00fa mo\u017enos\u0165 nosenia bez opasku<\/li>\n<li>Povrchov\u00e1 \u00faprava \u010diernym oxidom vojenskej kvality<\/li>\n<li>Tepelne spracovan\u00e1 pru\u017einov\u00e1 oce\u013e C-1075 (RC 42-49)<\/li>\n<li>O\u0161etrenie voskom\/olejom pre hladk\u00fa prev\u00e1dzku a prevenciu kor\u00f3zie<\/li>\n<li>Viac ako 10-n\u00e1sobn\u00e1 retencia v porovnan\u00ed so \u0161tandardn\u00fdmi klipmi na puzdra<\/li>\n<\/ul>\n<p>Ulticlip3+ m\u00e1 ploch\u00fa mont\u00e1\u017enu plochu s 2 dr\u00e1\u017ekami a 1 otvorom, ktor\u00e9 umo\u017e\u0148uj\u00fa v\u0161estrann\u00e9 mo\u017enosti pripevnenia s rozstupom otvorov a\u017e 1,70&#8243;. S rozmermi len 3,5&#8243; x 7\/8&#8243; a hmotnos\u0165ou iba 0,78 oz pon\u00faka minim\u00e1lny profil s maxim\u00e1lnym utajen\u00edm.<\/p>\n<p>Vylep\u0161ite svoj syst\u00e9m nosenia s Ulticlip3+ e\u0161te dnes!<\/p>\n<\/div>\n","protected":false},"excerpt":{"rendered":"<p>Bezpe\u010dn\u00e1, tenk\u00e1 spona pre nosenie bez opasku. Viacero mo\u017enost\u00ed upevnenia.<\/p>\n","protected":false},"featured_media":22728,"template":"","meta":{"_acf_changed":false},"product_brand":[],"product_cat":[13384,13364],"product_tag":[],"class_list":{"0":"post-45482","1":"product","2":"type-product","3":"status-publish","4":"has-post-thumbnail","6":"product_cat-prislusenstvo-k-puzdram","7":"product_cat-vystroj","9":"first","10":"instock","11":"taxable","12":"shipping-taxable","13":"purchasable","14":"product-type-simple"},"acf":[],"_links":{"self":[{"href":"https:\/\/staging.nbg.eu\/sk\/wp-json\/wp\/v2\/product\/45482","targetHints":{"allow":["GET"]}}],"collection":[{"href":"https:\/\/staging.nbg.eu\/sk\/wp-json\/wp\/v2\/product"}],"about":[{"href":"https:\/\/staging.nbg.eu\/sk\/wp-json\/wp\/v2\/types\/product"}],"wp:featuredmedia":[{"embeddable":true,"href":"https:\/\/staging.nbg.eu\/sk\/wp-json\/wp\/v2\/media\/22728"}],"wp:attachment":[{"href":"https:\/\/staging.nbg.eu\/sk\/wp-json\/wp\/v2\/media?parent=45482"}],"wp:term":[{"taxonomy":"product_brand","embeddable":true,"href":"https:\/\/staging.nbg.eu\/sk\/wp-json\/wp\/v2\/product_brand?post=45482"},{"taxonomy":"product_cat","embeddable":true,"href":"https:\/\/staging.nbg.eu\/sk\/wp-json\/wp\/v2\/product_cat?post=45482"},{"taxonomy":"product_tag","embeddable":true,"href":"https:\/\/staging.nbg.eu\/sk\/wp-json\/wp\/v2\/product_tag?post=45482"}],"curies":[{"name":"wp","href":"https:\/\/api.w.org\/{rel}","templated":true}]}}