{"id":45460,"date":"2024-08-16T17:59:54","date_gmt":"2024-09-10T14:24:22","guid":{"rendered":"https:\/\/staging.nbg.eu\/product\/clips-ulticlip-xl\/"},"modified":"2024-09-10T14:25:12","modified_gmt":"2024-09-10T14:25:12","slug":"klipsy-ulticlip-xl","status":"publish","type":"product","link":"https:\/\/staging.nbg.eu\/sk\/produkt\/klipsy-ulticlip-xl\/","title":{"rendered":"Klipsy Ulticlip XL"},"content":{"rendered":"<div class=\"product-description\">\n<h2>Clips Ulticlip XL: Najlep\u0161\u00ed multifunk\u010dn\u00fd klip na p\u00fazdro<\/h2>\n<p>Predstavujeme Ulticlip XL, prv\u00fd multifunk\u010dn\u00fd klip na p\u00fazdro a uzamykate\u013en\u00e9 oce\u013eov\u00e9 p\u00fatko na opasok v jednom. Toto inovat\u00edvne zariadenie pon\u00faka bezkonkuren\u010dn\u00fa v\u0161estrannos\u0165 pri nosen\u00ed p\u00fazdier, no\u017eov\u00fdch puzdier a pr\u00edslu\u0161enstva.<\/p>\n<ul>\n<li>Dvojit\u00e1 funk\u010dnos\u0165: Pou\u017eitie ako klip na p\u00fazdro alebo p\u00fatko na opasok<\/li>\n<li>Kompatibiln\u00fd s vn\u00fatorn\u00fdm (IWB) a vonkaj\u0161\u00edm (OWB) nosen\u00edm<\/li>\n<li>Zabudovan\u00fd multifunk\u010dn\u00fd k\u013e\u00fa\u010d (1\/4&#8243;, 5\/16&#8243;, 3\/8&#8243;) a ploch\u00fd skrutkova\u010d<\/li>\n<li>Viacero upev\u0148ovac\u00edch bodov pre r\u00f4zne produkty<\/li>\n<li>Uzamykate\u013en\u00e9 oce\u013eov\u00e9 p\u00fatko na opasok so \u0161\u00edrkou 1,5&#8243; (do hr\u00fabky 3\/8&#8243;)<\/li>\n<li>Povrchov\u00e1 \u00faprava v \u010diernom oxide vojenskej kvality<\/li>\n<li>Kon\u0161trukcia z tepelne upravenej pru\u017einovej ocele 1075 &amp; 1050<\/li>\n<li>Rozmery: 3,5&#8243; x 7\/8&#8243;, Hmotnos\u0165: 1,37 oz.<\/li>\n<\/ul>\n<p>Za\u017eite to najlep\u0161ie rie\u0161enie pre nosenie s Ulticlip XL!<\/p>\n<\/div>\n","protected":false},"excerpt":{"rendered":"<p>Ulticlip XL: Multifunk\u010dn\u00e1 spona na puzdro a uzamykate\u013en\u00e1 slu\u010dka na opasok pre v\u0161estrann\u00e9 nosenie.<\/p>\n","protected":false},"featured_media":23004,"template":"","meta":{"_acf_changed":false},"product_brand":[],"product_cat":[13384,13364],"product_tag":[],"class_list":{"0":"post-45460","1":"product","2":"type-product","3":"status-publish","4":"has-post-thumbnail","6":"product_cat-prislusenstvo-k-puzdram","7":"product_cat-vystroj","9":"first","10":"instock","11":"taxable","12":"shipping-taxable","13":"purchasable","14":"product-type-simple"},"acf":[],"_links":{"self":[{"href":"https:\/\/staging.nbg.eu\/sk\/wp-json\/wp\/v2\/product\/45460","targetHints":{"allow":["GET"]}}],"collection":[{"href":"https:\/\/staging.nbg.eu\/sk\/wp-json\/wp\/v2\/product"}],"about":[{"href":"https:\/\/staging.nbg.eu\/sk\/wp-json\/wp\/v2\/types\/product"}],"wp:featuredmedia":[{"embeddable":true,"href":"https:\/\/staging.nbg.eu\/sk\/wp-json\/wp\/v2\/media\/23004"}],"wp:attachment":[{"href":"https:\/\/staging.nbg.eu\/sk\/wp-json\/wp\/v2\/media?parent=45460"}],"wp:term":[{"taxonomy":"product_brand","embeddable":true,"href":"https:\/\/staging.nbg.eu\/sk\/wp-json\/wp\/v2\/product_brand?post=45460"},{"taxonomy":"product_cat","embeddable":true,"href":"https:\/\/staging.nbg.eu\/sk\/wp-json\/wp\/v2\/product_cat?post=45460"},{"taxonomy":"product_tag","embeddable":true,"href":"https:\/\/staging.nbg.eu\/sk\/wp-json\/wp\/v2\/product_tag?post=45460"}],"curies":[{"name":"wp","href":"https:\/\/api.w.org\/{rel}","templated":true}]}}