{"id":45336,"date":"2024-08-16T18:09:38","date_gmt":"2024-08-16T18:09:38","guid":{"rendered":"https:\/\/staging.nbg.eu\/product\/weather-dot\/"},"modified":"2024-10-16T09:42:47","modified_gmt":"2024-10-16T09:42:47","slug":"calypso-weather-dot","status":"publish","type":"product","link":"https:\/\/staging.nbg.eu\/sk\/produkt\/calypso-weather-dot\/","title":{"rendered":"Calypso Weather DOT"},"content":{"rendered":"<div class=\"product-description\">\n<h2>WeatherDot: Prenosn\u00e1 meteorologick\u00e1 stanica<\/h2>\n<p>Za\u017eite presn\u00e9 monitorovanie po\u010dasia s WeatherDot, va\u0161ou kompaktnou a v\u0161estrannou meteorologickou stanicou. Vybaven\u00e1 senzormi teploty, tlaku a vlhkosti, t\u00e1to \u013eahk\u00e1 pom\u00f4cka pon\u00faka:<\/p>\n<ul>\n<li>Bluetooth pripojenie<\/li>\n<li>Ulo\u017eenie 24 000 d\u00e1tov\u00fdch bodov<\/li>\n<li>Kompatibilita s trojno\u017ekov\u00fdm stojanom<\/li>\n<li>400-hodinov\u00e1 v\u00fddr\u017e bat\u00e9rie s bezdr\u00f4tov\u00fdm QI nab\u00edjan\u00edm<\/li>\n<li>Kompatibilita s bezplatnou aplik\u00e1ciou Anemotracker (iOS\/Android)<\/li>\n<\/ul>\n<p>Ide\u00e1lna na samostatn\u00e9 pou\u017eitie alebo v kombin\u00e1cii s na\u0161im ultrazvukov\u00fdm prenosn\u00fdm mini anemometrom. Balenie obsahuje zariadenie WeatherDot, bezdr\u00f4tov\u00fa QI nab\u00edja\u010dku s USB k\u00e1blom a stru\u010dn\u00fd n\u00e1vod na pou\u017eitie.<\/p>\n<p>Bu\u010fte informovan\u00ed o svojom prostred\u00ed s WeatherDot \u2013 va\u0161\u00edm prenosn\u00fdm meteorologick\u00fdm spolo\u010dn\u00edkom!<\/p>\n<\/div>\n","protected":false},"excerpt":{"rendered":"<p>Prenosn\u00e1 meteorologick\u00e1 stanica: teplota, tlak, vlhkos\u0165. Bluetooth, kompatibiln\u00e1 s aplik\u00e1ciou.<\/p>\n","protected":false},"featured_media":102251,"template":"","meta":{"_acf_changed":false},"product_brand":[11186],"product_cat":[13339,13400],"product_tag":[],"class_list":{"0":"post-45336","1":"product","2":"type-product","3":"status-publish","4":"has-post-thumbnail","6":"product_brand-calypso","7":"product_cat-meteorologicke-pristroje","8":"product_cat-nastroje","10":"first","11":"outofstock","12":"taxable","13":"shipping-taxable","14":"purchasable","15":"product-type-simple"},"acf":[],"_links":{"self":[{"href":"https:\/\/staging.nbg.eu\/sk\/wp-json\/wp\/v2\/product\/45336","targetHints":{"allow":["GET"]}}],"collection":[{"href":"https:\/\/staging.nbg.eu\/sk\/wp-json\/wp\/v2\/product"}],"about":[{"href":"https:\/\/staging.nbg.eu\/sk\/wp-json\/wp\/v2\/types\/product"}],"wp:featuredmedia":[{"embeddable":true,"href":"https:\/\/staging.nbg.eu\/sk\/wp-json\/wp\/v2\/media\/102251"}],"wp:attachment":[{"href":"https:\/\/staging.nbg.eu\/sk\/wp-json\/wp\/v2\/media?parent=45336"}],"wp:term":[{"taxonomy":"product_brand","embeddable":true,"href":"https:\/\/staging.nbg.eu\/sk\/wp-json\/wp\/v2\/product_brand?post=45336"},{"taxonomy":"product_cat","embeddable":true,"href":"https:\/\/staging.nbg.eu\/sk\/wp-json\/wp\/v2\/product_cat?post=45336"},{"taxonomy":"product_tag","embeddable":true,"href":"https:\/\/staging.nbg.eu\/sk\/wp-json\/wp\/v2\/product_tag?post=45336"}],"curies":[{"name":"wp","href":"https:\/\/api.w.org\/{rel}","templated":true}]}}