{"id":45185,"date":"2024-08-18T09:26:06","date_gmt":"2024-09-10T13:11:54","guid":{"rendered":"https:\/\/staging.nbg.eu\/product\/premium-belt-security-loop\/"},"modified":"2024-09-10T13:12:44","modified_gmt":"2024-09-10T13:12:44","slug":"bezpecnostna-slucka-na-opasok-premium","status":"publish","type":"product","link":"https:\/\/staging.nbg.eu\/sk\/produkt\/bezpecnostna-slucka-na-opasok-premium\/","title":{"rendered":"Bezpe\u010dnostn\u00e1 slu\u010dka na opasok Premium"},"content":{"rendered":"<p>Zabezpe\u010dte svoj opasok s DAA Premium Belt Security Loop. Je pogumovan\u00fd pre pohodlie a lep\u0161ie uchytenie, udr\u017euje v\u00e1\u0161 opasok na mieste po\u010das intenz\u00edvnych streleck\u00fdch tr\u00e9ningov. Vhodn\u00fd pre v\u00e4\u010d\u0161inu \u0161tandardn\u00fdch opaskov.<\/p>\n","protected":false},"excerpt":{"rendered":"<p>Bezpe\u010dn\u00e9 p\u00fatko na opasok: Pogumovan\u00fd \u00fachyt, zabra\u0148uje pos\u00favaniu, vhodn\u00e9 pre \u0161tandardn\u00e9 opasky.<\/p>\n","protected":false},"featured_media":26107,"template":"","meta":{"_acf_changed":false},"product_brand":[11282],"product_cat":[13367,13364],"product_tag":[],"class_list":{"0":"post-45185","1":"product","2":"type-product","3":"status-publish","4":"has-post-thumbnail","6":"product_brand-doublealpha","7":"product_cat-sportove-opasky","8":"product_cat-vystroj","10":"first","11":"instock","12":"taxable","13":"shipping-taxable","14":"purchasable","15":"product-type-simple"},"acf":[],"_links":{"self":[{"href":"https:\/\/staging.nbg.eu\/sk\/wp-json\/wp\/v2\/product\/45185","targetHints":{"allow":["GET"]}}],"collection":[{"href":"https:\/\/staging.nbg.eu\/sk\/wp-json\/wp\/v2\/product"}],"about":[{"href":"https:\/\/staging.nbg.eu\/sk\/wp-json\/wp\/v2\/types\/product"}],"wp:featuredmedia":[{"embeddable":true,"href":"https:\/\/staging.nbg.eu\/sk\/wp-json\/wp\/v2\/media\/26107"}],"wp:attachment":[{"href":"https:\/\/staging.nbg.eu\/sk\/wp-json\/wp\/v2\/media?parent=45185"}],"wp:term":[{"taxonomy":"product_brand","embeddable":true,"href":"https:\/\/staging.nbg.eu\/sk\/wp-json\/wp\/v2\/product_brand?post=45185"},{"taxonomy":"product_cat","embeddable":true,"href":"https:\/\/staging.nbg.eu\/sk\/wp-json\/wp\/v2\/product_cat?post=45185"},{"taxonomy":"product_tag","embeddable":true,"href":"https:\/\/staging.nbg.eu\/sk\/wp-json\/wp\/v2\/product_tag?post=45185"}],"curies":[{"name":"wp","href":"https:\/\/api.w.org\/{rel}","templated":true}]}}