{"id":45163,"date":"2024-08-18T09:26:36","date_gmt":"2024-08-18T09:26:36","guid":{"rendered":"https:\/\/staging.nbg.eu\/product\/daa-magnet-cover\/"},"modified":"2024-09-10T12:58:14","modified_gmt":"2024-09-10T12:58:14","slug":"daa-magneticky-kryt","status":"publish","type":"product","link":"https:\/\/staging.nbg.eu\/sk\/produkt\/daa-magneticky-kryt\/","title":{"rendered":"DAA magnetick\u00fd kryt"},"content":{"rendered":"<p>\nDAA magnetick\u00fd kryt: \u0160t\u00fdlov\u00fd, odoln\u00fd nylonov\u00fd kryt pre 48mm magnety. M\u00e1 magnetick\u00e9 oce\u013eov\u00e9 logo DAA. Zni\u017euje ne\u017eiaduce magnetick\u00e9 pri\u0165ahovanie pri zachovan\u00ed funk\u010dnosti.<\/p>\n","protected":false},"excerpt":{"rendered":"<p>\u0160t\u00fdlov\u00fd, ochrann\u00fd kryt pre DAA 48mm magnety. Zni\u017euje magnetick\u00fa pr\u00ed\u0165a\u017elivos\u0165.<\/p>\n","protected":false},"featured_media":26130,"template":"","meta":{"_acf_changed":false},"product_brand":[11282],"product_cat":[13384,13351],"product_tag":[],"class_list":{"0":"post-45163","1":"product","2":"type-product","3":"status-publish","4":"has-post-thumbnail","6":"product_brand-doublealpha","7":"product_cat-prislusenstvo-k-puzdram","8":"product_cat-puzdro","10":"first","11":"instock","12":"taxable","13":"shipping-taxable","14":"purchasable","15":"product-type-simple"},"acf":[],"_links":{"self":[{"href":"https:\/\/staging.nbg.eu\/sk\/wp-json\/wp\/v2\/product\/45163","targetHints":{"allow":["GET"]}}],"collection":[{"href":"https:\/\/staging.nbg.eu\/sk\/wp-json\/wp\/v2\/product"}],"about":[{"href":"https:\/\/staging.nbg.eu\/sk\/wp-json\/wp\/v2\/types\/product"}],"wp:featuredmedia":[{"embeddable":true,"href":"https:\/\/staging.nbg.eu\/sk\/wp-json\/wp\/v2\/media\/26130"}],"wp:attachment":[{"href":"https:\/\/staging.nbg.eu\/sk\/wp-json\/wp\/v2\/media?parent=45163"}],"wp:term":[{"taxonomy":"product_brand","embeddable":true,"href":"https:\/\/staging.nbg.eu\/sk\/wp-json\/wp\/v2\/product_brand?post=45163"},{"taxonomy":"product_cat","embeddable":true,"href":"https:\/\/staging.nbg.eu\/sk\/wp-json\/wp\/v2\/product_cat?post=45163"},{"taxonomy":"product_tag","embeddable":true,"href":"https:\/\/staging.nbg.eu\/sk\/wp-json\/wp\/v2\/product_tag?post=45163"}],"curies":[{"name":"wp","href":"https:\/\/api.w.org\/{rel}","templated":true}]}}