{"id":45141,"date":"2024-08-18T09:27:28","date_gmt":"2024-09-10T12:42:35","guid":{"rendered":"https:\/\/staging.nbg.eu\/product\/dillon-precision-daa-223-fast-flow-powder-funnel\/"},"modified":"2024-09-10T12:43:26","modified_gmt":"2024-09-10T12:43:26","slug":"dillon-precision-daa-223-rychly-lievik-na-prach","status":"publish","type":"product","link":"https:\/\/staging.nbg.eu\/sk\/produkt\/dillon-precision-daa-223-rychly-lievik-na-prach\/","title":{"rendered":"Dillon Precision &#8211; Daa .223 r\u00fdchly lievik na prach"},"content":{"rendered":"<div class=\"product-description\">\n<h2>Dillon Precision &#8211; DAA .223 R\u00fdchlotokov\u00fd prachov\u00fd lievik<\/h2>\n<p>Vylep\u0161ite svoje prebijacie sk\u00fasenosti s n\u00e1bojmi .223 pomocou DAA .223 R\u00fdchlotokov\u00e9ho lievika. Navrhnut\u00fd v spolupr\u00e1ci s in\u017einierom leteck\u00fdch syst\u00e9mov Andrewom Murrellom, CSEP, tento lievik zlep\u0161uje konzistenciu toku prachu a zni\u017euje premostenie ty\u010dinkov\u00fdch alebo vlo\u010dkov\u00fdch prachov.<\/p>\n<ul>\n<li>Vyroben\u00fd z nehrdzavej\u00facej ocele SUS303<\/li>\n<li>Elektrolyticky le\u0161ten\u00fd zrkadlov\u00fd povrch<\/li>\n<li>Vynikaj\u00faca odolnos\u0165 vo\u010di hrdzaveniu a opotrebovaniu<\/li>\n<li>Jedine\u010dn\u00fd vn\u00fatorn\u00fd tvar lievika pre lep\u0161\u00ed tok prachu<\/li>\n<li>Kompatibiln\u00fd s d\u00e1vkova\u010dmi prachu Dillon<\/li>\n<\/ul>\n<p>Za\u017eite rozdiel s na\u0161\u00edm prec\u00edzne navrhnut\u00fdm lievikom, ktor\u00fd sa vyzna\u010duje \u00fazkymi toleranciami a hladk\u00fdm povrchom ako sklo pre maxim\u00e1lny v\u00fdkon a tok prachu.<\/p>\n<\/div>\n","protected":false},"excerpt":{"rendered":"<p>Zjednodu\u0161en\u00fd prachov\u00fd lievik na .223 pre konzistentn\u00e9 a plynul\u00e9 preb\u00edjanie bez zasek\u00e1vania.<\/p>\n","protected":false},"featured_media":26245,"template":"","meta":{"_acf_changed":false},"product_brand":[11282],"product_cat":[13393,13347],"product_tag":[],"class_list":{"0":"post-45141","1":"product","2":"type-product","3":"status-publish","4":"has-post-thumbnail","6":"product_brand-doublealpha","7":"product_cat-nabijanie-nabojov","8":"product_cat-prislusenstvo-na-nabijanie","10":"first","11":"instock","12":"taxable","13":"shipping-taxable","14":"purchasable","15":"product-type-simple"},"acf":[],"_links":{"self":[{"href":"https:\/\/staging.nbg.eu\/sk\/wp-json\/wp\/v2\/product\/45141","targetHints":{"allow":["GET"]}}],"collection":[{"href":"https:\/\/staging.nbg.eu\/sk\/wp-json\/wp\/v2\/product"}],"about":[{"href":"https:\/\/staging.nbg.eu\/sk\/wp-json\/wp\/v2\/types\/product"}],"wp:featuredmedia":[{"embeddable":true,"href":"https:\/\/staging.nbg.eu\/sk\/wp-json\/wp\/v2\/media\/26245"}],"wp:attachment":[{"href":"https:\/\/staging.nbg.eu\/sk\/wp-json\/wp\/v2\/media?parent=45141"}],"wp:term":[{"taxonomy":"product_brand","embeddable":true,"href":"https:\/\/staging.nbg.eu\/sk\/wp-json\/wp\/v2\/product_brand?post=45141"},{"taxonomy":"product_cat","embeddable":true,"href":"https:\/\/staging.nbg.eu\/sk\/wp-json\/wp\/v2\/product_cat?post=45141"},{"taxonomy":"product_tag","embeddable":true,"href":"https:\/\/staging.nbg.eu\/sk\/wp-json\/wp\/v2\/product_tag?post=45141"}],"curies":[{"name":"wp","href":"https:\/\/api.w.org\/{rel}","templated":true}]}}