{"id":45119,"date":"2024-08-18T09:27:48","date_gmt":"2024-09-10T12:34:43","guid":{"rendered":"https:\/\/staging.nbg.eu\/product\/thigh-pad-for-flex-alpha-x-racer-x-holsters\/"},"modified":"2024-09-10T12:35:33","modified_gmt":"2024-09-10T12:35:33","slug":"stehenny-podlozka-pre-puzdra-flex-alpha-x-racer-x","status":"publish","type":"product","link":"https:\/\/staging.nbg.eu\/sk\/produkt\/stehenny-podlozka-pre-puzdra-flex-alpha-x-racer-x\/","title":{"rendered":"Stehenn\u00fd podlo\u017eka pre puzdra Flex \/ Alpha-X \/ Racer-X"},"content":{"rendered":"<div class=\"product-description\">\n<h2>DAA Stehenn\u00e1 podlo\u017eka pre puzdra Flex \/ Alpha-X \/ Racer-X<\/h2>\n<p>Vylep\u0161ite svoj streleck\u00fd z\u00e1\u017eitok s DAA stehennou podlo\u017ekou, kompatibilnou s puzdrami Alpha-X, Racer-X a FLEX. T\u00e1to v\u0161estrann\u00e1 podlo\u017eka pon\u00faka:<\/p>\n<ul>\n<li>Jednoduch\u00fa in\u0161tal\u00e1ciu &#8211; nie s\u00fa potrebn\u00e9 \u017eiadne skrutky ani lepidlo<\/li>\n<li>Bezpe\u010dn\u00e9 upevnenie pomocou zacvak\u00e1vac\u00edch \u00fachytiek<\/li>\n<li>Kompaktn\u00fd, no efekt\u00edvny dizajn<\/li>\n<li>Vhodn\u00e1 pre puzdra na prav\u00fa aj \u013eav\u00fa ruku<\/li>\n<\/ul>\n<p>Jednoducho nasu\u0148te stehenn\u00fa podlo\u017eku na opaskov\u00fa \u010das\u0165 puzdra, a\u017e k\u00fdm \u00fachytky nezacvakn\u00fa na svoje miesto. Odstr\u00e1\u0148te ju potiahnut\u00edm \u00fachytiek nahor a vysunut\u00edm. T\u00e1to podlo\u017eka je dokonal\u00fdm doplnkom k v\u00e1\u0161mu puzdru Double-Alpha, poskytuj\u00fac extra pohodlie a stabilitu pre najlep\u0161\u00edch strelcov po celom svete.<\/p>\n<\/div>\n","protected":false},"excerpt":{"rendered":"<p>Stehenn\u00e1 podlo\u017eka pre Alpha-X\/Racer-X: Bezpe\u010dn\u00e1, pohodln\u00e1, bez potreby n\u00e1radia.<\/p>\n","protected":false},"featured_media":26291,"template":"","meta":{"_acf_changed":false},"product_brand":[11282],"product_cat":[13384,13389],"product_tag":[],"class_list":{"0":"post-45119","1":"product","2":"type-product","3":"status-publish","4":"has-post-thumbnail","6":"product_brand-doublealpha","7":"product_cat-prislusenstvo-k-puzdram","8":"product_cat-sportove-puzdro","10":"first","11":"instock","12":"taxable","13":"shipping-taxable","14":"purchasable","15":"product-type-simple"},"acf":[],"_links":{"self":[{"href":"https:\/\/staging.nbg.eu\/sk\/wp-json\/wp\/v2\/product\/45119","targetHints":{"allow":["GET"]}}],"collection":[{"href":"https:\/\/staging.nbg.eu\/sk\/wp-json\/wp\/v2\/product"}],"about":[{"href":"https:\/\/staging.nbg.eu\/sk\/wp-json\/wp\/v2\/types\/product"}],"wp:featuredmedia":[{"embeddable":true,"href":"https:\/\/staging.nbg.eu\/sk\/wp-json\/wp\/v2\/media\/26291"}],"wp:attachment":[{"href":"https:\/\/staging.nbg.eu\/sk\/wp-json\/wp\/v2\/media?parent=45119"}],"wp:term":[{"taxonomy":"product_brand","embeddable":true,"href":"https:\/\/staging.nbg.eu\/sk\/wp-json\/wp\/v2\/product_brand?post=45119"},{"taxonomy":"product_cat","embeddable":true,"href":"https:\/\/staging.nbg.eu\/sk\/wp-json\/wp\/v2\/product_cat?post=45119"},{"taxonomy":"product_tag","embeddable":true,"href":"https:\/\/staging.nbg.eu\/sk\/wp-json\/wp\/v2\/product_tag?post=45119"}],"curies":[{"name":"wp","href":"https:\/\/api.w.org\/{rel}","templated":true}]}}