{"id":45097,"date":"2024-08-18T09:28:23","date_gmt":"2024-08-18T09:28:23","guid":{"rendered":"https:\/\/staging.nbg.eu\/product\/daa-reloading-press-tool-holder\/"},"modified":"2024-09-10T12:29:52","modified_gmt":"2024-09-10T12:29:52","slug":"drziak-naradia-na-nabijacie-lisy-daa","status":"publish","type":"product","link":"https:\/\/staging.nbg.eu\/sk\/produkt\/drziak-naradia-na-nabijacie-lisy-daa\/","title":{"rendered":"Dr\u017eiak n\u00e1radia na nab\u00edjacie lisy Daa"},"content":{"rendered":"<div class=\"product-description\">\n<h2>DAA Dr\u017eiak n\u00e1strojov na prebitovac\u00ed lis<\/h2>\n<p>Zorganizujte si svoje prebitovacie n\u00e1stroje s t\u00fdmto praktick\u00fdm dr\u017eiakom! Navrhnut\u00fd pre lisy Dillon RL1100\/1050\/750\/650, \u013eahko sa montuje na \u0161tvorcov\u00e9 alebo okr\u00fahle r\u00fary s priemerom 1 palec.<\/p>\n<ul>\n<li>Odoln\u00e1 kon\u0161trukcia zo sklen\u00fdm vl\u00e1knom vystu\u017een\u00e9ho nylonu<\/li>\n<li>Gumov\u00fd n\u00e1ter pre atrakt\u00edvny vzh\u013ead<\/li>\n<li>Dr\u017e\u00ed 7 imbusov\u00fdch k\u013e\u00fa\u010dov, k\u013e\u00fa\u010d na matrice a 3 \u010fal\u0161ie n\u00e1stroje<\/li>\n<li>Ve\u013ek\u00e1 dutina na uskladnenie mal\u00fdch s\u00fa\u010diastok<\/li>\n<li>Zabudovan\u00fd magnet na dr\u017eanie kovov\u00fdch predmetov<\/li>\n<\/ul>\n<p>Vylep\u0161ite svoje prebitovacie vybavenie t\u00fdmto univerz\u00e1lnym dr\u017eiakom n\u00e1strojov! (N\u00e1stroje nie s\u00fa s\u00fa\u010das\u0165ou balenia)<\/p>\n<\/div>\n","protected":false},"excerpt":{"rendered":"<p>V\u0161estrann\u00fd dr\u017eiak na lis pre n\u00e1stroje a s\u00fa\u010diastky na preb\u00edjanie n\u00e1bojov.<\/p>\n","protected":false},"featured_media":26580,"template":"","meta":{"_acf_changed":false},"product_brand":[11282],"product_cat":[13393,13347],"product_tag":[],"class_list":{"0":"post-45097","1":"product","2":"type-product","3":"status-publish","4":"has-post-thumbnail","6":"product_brand-doublealpha","7":"product_cat-nabijanie-nabojov","8":"product_cat-prislusenstvo-na-nabijanie","10":"first","11":"outofstock","12":"taxable","13":"shipping-taxable","14":"purchasable","15":"product-type-simple"},"acf":[],"_links":{"self":[{"href":"https:\/\/staging.nbg.eu\/sk\/wp-json\/wp\/v2\/product\/45097","targetHints":{"allow":["GET"]}}],"collection":[{"href":"https:\/\/staging.nbg.eu\/sk\/wp-json\/wp\/v2\/product"}],"about":[{"href":"https:\/\/staging.nbg.eu\/sk\/wp-json\/wp\/v2\/types\/product"}],"wp:featuredmedia":[{"embeddable":true,"href":"https:\/\/staging.nbg.eu\/sk\/wp-json\/wp\/v2\/media\/26580"}],"wp:attachment":[{"href":"https:\/\/staging.nbg.eu\/sk\/wp-json\/wp\/v2\/media?parent=45097"}],"wp:term":[{"taxonomy":"product_brand","embeddable":true,"href":"https:\/\/staging.nbg.eu\/sk\/wp-json\/wp\/v2\/product_brand?post=45097"},{"taxonomy":"product_cat","embeddable":true,"href":"https:\/\/staging.nbg.eu\/sk\/wp-json\/wp\/v2\/product_cat?post=45097"},{"taxonomy":"product_tag","embeddable":true,"href":"https:\/\/staging.nbg.eu\/sk\/wp-json\/wp\/v2\/product_tag?post=45097"}],"curies":[{"name":"wp","href":"https:\/\/api.w.org\/{rel}","templated":true}]}}