{"id":45075,"date":"2024-08-18T09:28:37","date_gmt":"2024-08-18T09:28:37","guid":{"rendered":"https:\/\/staging.nbg.eu\/product\/lynx-belt-steel-mini-punch-tool\/"},"modified":"2024-09-10T12:26:14","modified_gmt":"2024-09-10T12:26:14","slug":"lynx-belt-ocelovy-mini-dierovac","status":"publish","type":"product","link":"https:\/\/staging.nbg.eu\/sk\/produkt\/lynx-belt-ocelovy-mini-dierovac\/","title":{"rendered":"Lynx Belt: oce\u013eov\u00fd mini dierova\u010d"},"content":{"rendered":"<p>Lynx Belt: Oce\u013eov\u00fd mini v\u00fdsekov\u00fd n\u00e1stroj je kompaktn\u00fd, na mieru vyroben\u00fd oce\u013eov\u00fd v\u00fdsek navrhnut\u00fd na r\u00fdchle a jednoduch\u00e9 odstr\u00e1nenie val\u010dekov\u00fdch kol\u00edkov. Ide\u00e1lny na \u00fapravu \u010dl\u00e1nkov opasku, tento \u013eahk\u00fd n\u00e1stroj m\u00e1 d\u013a\u017eku 70 mm s priemerom hlavy 6 mm a priemerom drieku 2,5 mm. Perfektn\u00fd doplnok do v\u00e1\u0161ho s\u00fapravy n\u00e1radia na strelnici.<\/p>\n","protected":false},"excerpt":{"rendered":"<p>Kompaktn\u00fd oce\u013eov\u00fd dierova\u010d na r\u00fdchle a jednoduch\u00e9 \u00fapravy \u010dl\u00e1nkov remienka.<\/p>\n","protected":false},"featured_media":26718,"template":"","meta":{"_acf_changed":false},"product_brand":[11282],"product_cat":[13367,13364],"product_tag":[],"class_list":{"0":"post-45075","1":"product","2":"type-product","3":"status-publish","4":"has-post-thumbnail","6":"product_brand-doublealpha","7":"product_cat-sportove-opasky","8":"product_cat-vystroj","10":"first","11":"instock","12":"taxable","13":"shipping-taxable","14":"purchasable","15":"product-type-simple"},"acf":[],"_links":{"self":[{"href":"https:\/\/staging.nbg.eu\/sk\/wp-json\/wp\/v2\/product\/45075","targetHints":{"allow":["GET"]}}],"collection":[{"href":"https:\/\/staging.nbg.eu\/sk\/wp-json\/wp\/v2\/product"}],"about":[{"href":"https:\/\/staging.nbg.eu\/sk\/wp-json\/wp\/v2\/types\/product"}],"wp:featuredmedia":[{"embeddable":true,"href":"https:\/\/staging.nbg.eu\/sk\/wp-json\/wp\/v2\/media\/26718"}],"wp:attachment":[{"href":"https:\/\/staging.nbg.eu\/sk\/wp-json\/wp\/v2\/media?parent=45075"}],"wp:term":[{"taxonomy":"product_brand","embeddable":true,"href":"https:\/\/staging.nbg.eu\/sk\/wp-json\/wp\/v2\/product_brand?post=45075"},{"taxonomy":"product_cat","embeddable":true,"href":"https:\/\/staging.nbg.eu\/sk\/wp-json\/wp\/v2\/product_cat?post=45075"},{"taxonomy":"product_tag","embeddable":true,"href":"https:\/\/staging.nbg.eu\/sk\/wp-json\/wp\/v2\/product_tag?post=45075"}],"curies":[{"name":"wp","href":"https:\/\/api.w.org\/{rel}","templated":true}]}}