{"id":45053,"date":"2024-08-18T09:29:43","date_gmt":"2024-08-18T09:29:43","guid":{"rendered":"https:\/\/staging.nbg.eu\/product\/daa-primer-tube-cap-5-pack\/"},"modified":"2024-09-10T12:24:15","modified_gmt":"2024-09-10T12:24:15","slug":"daa-uzaver-na-zasobnik-zapalek-5-balenie","status":"publish","type":"product","link":"https:\/\/staging.nbg.eu\/sk\/produkt\/daa-uzaver-na-zasobnik-zapalek-5-balenie\/","title":{"rendered":"Daa uz\u00e1ver na z\u00e1sobn\u00edk z\u00e1palek, 5-balenie"},"content":{"rendered":"<p>\n<strong>DAA Krytky na z\u00e1sobn\u00edky z\u00e1paliek, balenie 5 ks<\/strong><br \/>\n\u0160peci\u00e1lne silik\u00f3nov\u00e9 gumen\u00e9 krytky na 8 mm z\u00e1sobn\u00edky z\u00e1paliek. Zabra\u0148uj\u00fa rozsypaniu pri pou\u017e\u00edvan\u00ed zariaden\u00ed na r\u00fdchle plnenie. Jednoduch\u00e9 pou\u017eitie: nasu\u0148te a polo\u017ete naplocho. U\u017e \u017eiadny neporiadok so z\u00e1palkami!<\/p>\n<ul>\n<li>Vhodn\u00e9 pre v\u00e4\u010d\u0161inu z\u00e1sobn\u00edkov na preb\u00edjanie<\/li>\n<li>Kompatibiln\u00e9 s DAA Primer-Pro a in\u00fdmi plni\u010dkami<\/li>\n<li>Farba: \u010cerven\u00e1<\/li>\n<li>Balenie po 5 kusov<\/li>\n<\/ul>\n<p>Zabezpe\u010dte svoje z\u00e1palky s t\u00fdmito praktick\u00fdmi krytkami!<\/p>\n","protected":false},"excerpt":{"rendered":"<p>Bezpe\u010dn\u00e9 8 mm sk\u00famavky na primery s \u013eahko nasadite\u013en\u00fdmi, nepresakuj\u00facimi silik\u00f3nov\u00fdmi uz\u00e1vermi.<\/p>\n","protected":false},"featured_media":26741,"template":"","meta":{"_acf_changed":false},"product_brand":[11282],"product_cat":[13393,13347],"product_tag":[],"class_list":{"0":"post-45053","1":"product","2":"type-product","3":"status-publish","4":"has-post-thumbnail","6":"product_brand-doublealpha","7":"product_cat-nabijanie-nabojov","8":"product_cat-prislusenstvo-na-nabijanie","10":"first","11":"outofstock","12":"taxable","13":"shipping-taxable","14":"purchasable","15":"product-type-simple"},"acf":[],"_links":{"self":[{"href":"https:\/\/staging.nbg.eu\/sk\/wp-json\/wp\/v2\/product\/45053","targetHints":{"allow":["GET"]}}],"collection":[{"href":"https:\/\/staging.nbg.eu\/sk\/wp-json\/wp\/v2\/product"}],"about":[{"href":"https:\/\/staging.nbg.eu\/sk\/wp-json\/wp\/v2\/types\/product"}],"wp:featuredmedia":[{"embeddable":true,"href":"https:\/\/staging.nbg.eu\/sk\/wp-json\/wp\/v2\/media\/26741"}],"wp:attachment":[{"href":"https:\/\/staging.nbg.eu\/sk\/wp-json\/wp\/v2\/media?parent=45053"}],"wp:term":[{"taxonomy":"product_brand","embeddable":true,"href":"https:\/\/staging.nbg.eu\/sk\/wp-json\/wp\/v2\/product_brand?post=45053"},{"taxonomy":"product_cat","embeddable":true,"href":"https:\/\/staging.nbg.eu\/sk\/wp-json\/wp\/v2\/product_cat?post=45053"},{"taxonomy":"product_tag","embeddable":true,"href":"https:\/\/staging.nbg.eu\/sk\/wp-json\/wp\/v2\/product_tag?post=45053"}],"curies":[{"name":"wp","href":"https:\/\/api.w.org\/{rel}","templated":true}]}}