{"id":45031,"date":"2024-08-18T09:29:56","date_gmt":"2024-09-10T12:18:23","guid":{"rendered":"https:\/\/staging.nbg.eu\/product\/buckle-kit-lynx\/"},"modified":"2024-09-10T12:19:09","modified_gmt":"2024-09-10T12:19:09","slug":"suprava-praciek-lynx","status":"publish","type":"product","link":"https:\/\/staging.nbg.eu\/sk\/produkt\/suprava-praciek-lynx\/","title":{"rendered":"S\u00faprava praciek &#8211; Lynx"},"content":{"rendered":"<div class=\"product-description\">\n<h2>S\u00faprava pracky &#8211; Lynx<\/h2>\n<p>Vylep\u0161ite svoj opasok Lynx s na\u0161ou s\u00fapravou pracky pripraven\u00e9 na pou\u017eitie! Tento komplexn\u00fd bal\u00ed\u010dek obsahuje:<\/p>\n<ul>\n<li>Plne zostaven\u00fa pracku Lynx<\/li>\n<li>Koncovku opasku Lynx<\/li>\n<li>50 val\u010dekov\u00fdch kol\u00edkov na mont\u00e1\u017e opasku<\/li>\n<li>N\u00e1hradn\u00fd silik\u00f3nov\u00fd O-kr\u00fa\u017eok<\/li>\n<li>\u0160peci\u00e1lne navrhnut\u00fd oce\u013eov\u00fd mini dierova\u010d<\/li>\n<\/ul>\n<p>Jednoducho pripevnite predmontovan\u00fa pracku k v\u00e1\u0161mu opasku Lynx pre okam\u017eit\u00e9 pou\u017eitie. Na\u0161a s\u00faprava poskytuje v\u0161etko, \u010do potrebujete pre r\u00fdchle a bezprobl\u00e9mov\u00e9 vylep\u0161enie v\u00e1\u0161ho opasku.<\/p>\n<\/div>\n","protected":false},"excerpt":{"rendered":"<p>Sada praciek Lynx pripraven\u00e1 na pou\u017eitie s n\u00e1strojmi pre jednoduch\u00fa mont\u00e1\u017e opasku.<\/p>\n","protected":false},"featured_media":26787,"template":"","meta":{"_acf_changed":false},"product_brand":[11282],"product_cat":[13367,13364],"product_tag":[],"class_list":{"0":"post-45031","1":"product","2":"type-product","3":"status-publish","4":"has-post-thumbnail","6":"product_brand-doublealpha","7":"product_cat-sportove-opasky","8":"product_cat-vystroj","10":"first","11":"instock","12":"taxable","13":"shipping-taxable","14":"purchasable","15":"product-type-simple"},"acf":[],"_links":{"self":[{"href":"https:\/\/staging.nbg.eu\/sk\/wp-json\/wp\/v2\/product\/45031","targetHints":{"allow":["GET"]}}],"collection":[{"href":"https:\/\/staging.nbg.eu\/sk\/wp-json\/wp\/v2\/product"}],"about":[{"href":"https:\/\/staging.nbg.eu\/sk\/wp-json\/wp\/v2\/types\/product"}],"wp:featuredmedia":[{"embeddable":true,"href":"https:\/\/staging.nbg.eu\/sk\/wp-json\/wp\/v2\/media\/26787"}],"wp:attachment":[{"href":"https:\/\/staging.nbg.eu\/sk\/wp-json\/wp\/v2\/media?parent=45031"}],"wp:term":[{"taxonomy":"product_brand","embeddable":true,"href":"https:\/\/staging.nbg.eu\/sk\/wp-json\/wp\/v2\/product_brand?post=45031"},{"taxonomy":"product_cat","embeddable":true,"href":"https:\/\/staging.nbg.eu\/sk\/wp-json\/wp\/v2\/product_cat?post=45031"},{"taxonomy":"product_tag","embeddable":true,"href":"https:\/\/staging.nbg.eu\/sk\/wp-json\/wp\/v2\/product_tag?post=45031"}],"curies":[{"name":"wp","href":"https:\/\/api.w.org\/{rel}","templated":true}]}}