{"id":45009,"date":"2024-08-18T09:30:21","date_gmt":"2024-08-18T09:30:21","guid":{"rendered":"https:\/\/staging.nbg.eu\/product\/lynx-belt-ratchet-buckle\/"},"modified":"2024-09-10T12:03:24","modified_gmt":"2024-09-10T12:03:24","slug":"pracka-s-racnou-lynx-belt","status":"publish","type":"product","link":"https:\/\/staging.nbg.eu\/sk\/produkt\/pracka-s-racnou-lynx-belt\/","title":{"rendered":"Pracka s ra\u010d\u0148ou Lynx Belt"},"content":{"rendered":"<div class=\"product-description\">\n<h2>DAA Lynx opasok s ra\u010d\u0148ovou prackou<\/h2>\n<p>Vylep\u0161ite svoje streleck\u00e9 vybavenie so syst\u00e9mom DAA Lynx opaska s ra\u010d\u0148ovou prackou. T\u00e1to inovat\u00edvna pracka pon\u00faka:<\/p>\n<ul>\n<li>V\u00e4\u010d\u0161iu nastavite\u013enos\u0165 d\u013a\u017eky pre \u013eahk\u00fa kompenz\u00e1ciu oble\u010denia<\/li>\n<li>R\u00fdchle uvo\u013enenie a utiahnutie medzi jednotliv\u00fdmi etapami<\/li>\n<li>Odoln\u00fa kon\u0161trukciu z ocele a hlin\u00edka<\/li>\n<li>23 mm \u0161irok\u00fd gumen\u00fd p\u00e1s s rozsahom nastavenia 16 cm<\/li>\n<li>Dva predv\u0155tan\u00e9 \u010dierne \u010dl\u00e1nky s oce\u013eov\u00fdmi z\u00e1vitov\u00fdmi vlo\u017ekami<\/li>\n<\/ul>\n<p>Odpor\u00fa\u010dan\u00e9 umiestnenie: vpredu, medzi puzdom a prv\u00fdm vreckom. V pr\u00edpade potreby je mo\u017en\u00e9 p\u00e1s skr\u00e1ti\u0165 a zmeni\u0165 smer pracky. Vylep\u0161ite svoj streleck\u00fd z\u00e1\u017eitok s lep\u0161\u00edm pohodl\u00edm a praktickos\u0165ou!<\/p>\n<\/div>\n","protected":false},"excerpt":{"rendered":"<p>Ra\u010d\u0148ov\u00e1 pracka pre jednoduch\u00e9 nastavenie opasku a r\u00fdchle utiahnutie.<\/p>\n","protected":false},"featured_media":26879,"template":"","meta":{"_acf_changed":false},"product_brand":[11282],"product_cat":[13367,13364],"product_tag":[],"class_list":{"0":"post-45009","1":"product","2":"type-product","3":"status-publish","4":"has-post-thumbnail","6":"product_brand-doublealpha","7":"product_cat-sportove-opasky","8":"product_cat-vystroj","10":"first","11":"instock","12":"taxable","13":"shipping-taxable","14":"purchasable","15":"product-type-simple"},"acf":[],"_links":{"self":[{"href":"https:\/\/staging.nbg.eu\/sk\/wp-json\/wp\/v2\/product\/45009","targetHints":{"allow":["GET"]}}],"collection":[{"href":"https:\/\/staging.nbg.eu\/sk\/wp-json\/wp\/v2\/product"}],"about":[{"href":"https:\/\/staging.nbg.eu\/sk\/wp-json\/wp\/v2\/types\/product"}],"wp:featuredmedia":[{"embeddable":true,"href":"https:\/\/staging.nbg.eu\/sk\/wp-json\/wp\/v2\/media\/26879"}],"wp:attachment":[{"href":"https:\/\/staging.nbg.eu\/sk\/wp-json\/wp\/v2\/media?parent=45009"}],"wp:term":[{"taxonomy":"product_brand","embeddable":true,"href":"https:\/\/staging.nbg.eu\/sk\/wp-json\/wp\/v2\/product_brand?post=45009"},{"taxonomy":"product_cat","embeddable":true,"href":"https:\/\/staging.nbg.eu\/sk\/wp-json\/wp\/v2\/product_cat?post=45009"},{"taxonomy":"product_tag","embeddable":true,"href":"https:\/\/staging.nbg.eu\/sk\/wp-json\/wp\/v2\/product_tag?post=45009"}],"curies":[{"name":"wp","href":"https:\/\/api.w.org\/{rel}","templated":true}]}}