{"id":44987,"date":"2024-08-18T09:31:04","date_gmt":"2024-08-18T09:31:04","guid":{"rendered":"https:\/\/staging.nbg.eu\/product\/daa-1-die-box-end-wrench\/"},"modified":"2024-09-10T11:56:52","modified_gmt":"2024-09-10T11:56:52","slug":"daa-1-matica-na-matrice-s-ockovym-klucom","status":"publish","type":"product","link":"https:\/\/staging.nbg.eu\/sk\/produkt\/daa-1-matica-na-matrice-s-ockovym-klucom\/","title":{"rendered":"Daa 1&#8243; matica na matrice s o\u010dkov\u00fdm k\u013e\u00fa\u010dom"},"content":{"rendered":"<div class=\"product-description\">\n<h2>DAA 1&#8243; k\u013e\u00fa\u010d na matice, o\u010dkov\u00fd<\/h2>\n<p>Dokonal\u00e9 rie\u0161enie pre preb\u00edja\u010dov, ktor\u00ed z\u00e1pasia s nastavovan\u00edm mat\u00edc na stiesnen\u00fdch hlaviciach n\u00e1strojov. Tento na mieru vyroben\u00fd, laserom rezan\u00fd k\u013e\u00fa\u010d z nehrdzavej\u00facej ocele sa vyzna\u010duje:<\/p>\n<ul>\n<li>Tenkostenn\u00fdm dizajnom pre \u013eahk\u00fd pr\u00edstup medzi matice<\/li>\n<li>Viacer\u00fdmi \u010de\u013eus\u0165ami pre optim\u00e1lne polohovanie<\/li>\n<li>Odolnou kon\u0161trukciou pre celo\u017eivotn\u00e9 pou\u017eitie<\/li>\n<li>Prec\u00edznym spracovan\u00edm pre 1&#8243; matice<\/li>\n<\/ul>\n<p>Vylep\u0161ite svoju preb\u00edjaciu zostavu t\u00fdmto nevyhnutn\u00fdm n\u00e1strojom, navrhnut\u00fdm tak, aby bolo nastavovanie mat\u00edc r\u00fdchle a bez n\u00e1mahy. Kompatibiln\u00fd so \u0161tandardn\u00fdmi 1&#8243; maticami, \u010do zabezpe\u010duje maxim\u00e1lnu v\u0161estrannos\u0165 a pohodlie.<\/p>\n<\/div>\n","protected":false},"excerpt":{"rendered":"<p>DAA 1&#8243; k\u013e\u00fa\u010d na matrice: Tenk\u00fd, siln\u00fd, v\u0161estrann\u00fd. \u013dahk\u00fd pr\u00edstup pre preb\u00edja\u010dov.<\/p>\n","protected":false},"featured_media":27017,"template":"","meta":{"_acf_changed":false},"product_brand":[11282],"product_cat":[13393,13347],"product_tag":[],"class_list":{"0":"post-44987","1":"product","2":"type-product","3":"status-publish","4":"has-post-thumbnail","6":"product_brand-doublealpha","7":"product_cat-nabijanie-nabojov","8":"product_cat-prislusenstvo-na-nabijanie","10":"first","11":"outofstock","12":"taxable","13":"shipping-taxable","14":"purchasable","15":"product-type-simple"},"acf":[],"_links":{"self":[{"href":"https:\/\/staging.nbg.eu\/sk\/wp-json\/wp\/v2\/product\/44987","targetHints":{"allow":["GET"]}}],"collection":[{"href":"https:\/\/staging.nbg.eu\/sk\/wp-json\/wp\/v2\/product"}],"about":[{"href":"https:\/\/staging.nbg.eu\/sk\/wp-json\/wp\/v2\/types\/product"}],"wp:featuredmedia":[{"embeddable":true,"href":"https:\/\/staging.nbg.eu\/sk\/wp-json\/wp\/v2\/media\/27017"}],"wp:attachment":[{"href":"https:\/\/staging.nbg.eu\/sk\/wp-json\/wp\/v2\/media?parent=44987"}],"wp:term":[{"taxonomy":"product_brand","embeddable":true,"href":"https:\/\/staging.nbg.eu\/sk\/wp-json\/wp\/v2\/product_brand?post=44987"},{"taxonomy":"product_cat","embeddable":true,"href":"https:\/\/staging.nbg.eu\/sk\/wp-json\/wp\/v2\/product_cat?post=44987"},{"taxonomy":"product_tag","embeddable":true,"href":"https:\/\/staging.nbg.eu\/sk\/wp-json\/wp\/v2\/product_tag?post=44987"}],"curies":[{"name":"wp","href":"https:\/\/api.w.org\/{rel}","templated":true}]}}