{"id":44965,"date":"2024-08-18T09:31:20","date_gmt":"2024-08-18T09:31:20","guid":{"rendered":"https:\/\/staging.nbg.eu\/product\/dillon-daa-click-adjustable-powder-knob-v2\/"},"modified":"2024-09-10T11:51:20","modified_gmt":"2024-09-10T11:51:20","slug":"dillon-daa-nastavitelny-gombik-na-prach-v2","status":"publish","type":"product","link":"https:\/\/staging.nbg.eu\/sk\/produkt\/dillon-daa-nastavitelny-gombik-na-prach-v2\/","title":{"rendered":"Dillon &#8211; Daa nastavite\u013en\u00fd gomb\u00edk na prach V2"},"content":{"rendered":"<div class=\"product-description\">\n<h2>Dillon &#8211; DAA Klikacia nastavite\u013en\u00e1 prachov\u00e1 rukov\u00e4\u0165 V2<\/h2>\n<p>Vylep\u0161ite svoje prebitie s DAA Klikacou nastavite\u013enou prachovou rukov\u00e4\u0165ou V2, vylep\u0161enou druhou gener\u00e1ciou od DAA. T\u00e1to prec\u00edzne navrhnut\u00e1 rukov\u00e4\u0165 obsahuje:<\/p>\n<ul>\n<li>Dvojdielna hlin\u00edkov\u00e1 kon\u0161trukcia pre jednoduch\u00fa mont\u00e1\u017e<\/li>\n<li>32 mm okr\u00fahla, strojovo opracovan\u00e1 hlin\u00edkov\u00e1 rukov\u00e4\u0165 s laserov\u00fdm grav\u00edrovan\u00edm<\/li>\n<li>Ryhovan\u00fd vonkaj\u0161\u00ed okraj pre lep\u0161ie uchopenie a ovl\u00e1danie<\/li>\n<li>Po\u010dute\u013en\u00e9 kliknutia pre presn\u00e9 18-stup\u0148ov\u00e9 nastavenia<\/li>\n<li>20 kliknut\u00ed na ot\u00e1\u010dku pre presn\u00e9 ovl\u00e1danie prachov\u00e9ho n\u00e1boja<\/li>\n<li>Laserom grav\u00edrovan\u00fd cifern\u00edk ukazuj\u00faci zv\u00fd\u0161enie\/zn\u00ed\u017eenie n\u00e1boja<\/li>\n<li>Kompatibiln\u00e1 s mal\u00fdmi Dillonov\u00fdmi prachov\u00fdmi ty\u010dami (nie pre ve\u013ek\u00e9 pu\u0161kov\u00e9\u00e9 prachov\u00e9 ty\u010de)<\/li>\n<\/ul>\n<p>Jednoducho nain\u0161talujte a nastavte svoje prachov\u00e9 n\u00e1boje s touto elegantnou, funk\u010dnou a pou\u017e\u00edvate\u013esky pr\u00edvetivou rukov\u00e4\u0165ou. Vylep\u0161ite svoje prebitie u\u017e dnes!<\/p>\n<\/div>\n","protected":false},"excerpt":{"rendered":"<p>Presn\u00e9 a \u013eahko pou\u017eite\u013en\u00e9 nastavenie d\u00e1vky prachu pre lisy Dillon.<\/p>\n","protected":false},"featured_media":27063,"template":"","meta":{"_acf_changed":false},"product_brand":[11282],"product_cat":[13393,13347],"product_tag":[],"class_list":{"0":"post-44965","1":"product","2":"type-product","3":"status-publish","4":"has-post-thumbnail","6":"product_brand-doublealpha","7":"product_cat-nabijanie-nabojov","8":"product_cat-prislusenstvo-na-nabijanie","10":"first","11":"outofstock","12":"taxable","13":"shipping-taxable","14":"purchasable","15":"product-type-simple"},"acf":[],"_links":{"self":[{"href":"https:\/\/staging.nbg.eu\/sk\/wp-json\/wp\/v2\/product\/44965","targetHints":{"allow":["GET"]}}],"collection":[{"href":"https:\/\/staging.nbg.eu\/sk\/wp-json\/wp\/v2\/product"}],"about":[{"href":"https:\/\/staging.nbg.eu\/sk\/wp-json\/wp\/v2\/types\/product"}],"wp:featuredmedia":[{"embeddable":true,"href":"https:\/\/staging.nbg.eu\/sk\/wp-json\/wp\/v2\/media\/27063"}],"wp:attachment":[{"href":"https:\/\/staging.nbg.eu\/sk\/wp-json\/wp\/v2\/media?parent=44965"}],"wp:term":[{"taxonomy":"product_brand","embeddable":true,"href":"https:\/\/staging.nbg.eu\/sk\/wp-json\/wp\/v2\/product_brand?post=44965"},{"taxonomy":"product_cat","embeddable":true,"href":"https:\/\/staging.nbg.eu\/sk\/wp-json\/wp\/v2\/product_cat?post=44965"},{"taxonomy":"product_tag","embeddable":true,"href":"https:\/\/staging.nbg.eu\/sk\/wp-json\/wp\/v2\/product_tag?post=44965"}],"curies":[{"name":"wp","href":"https:\/\/api.w.org\/{rel}","templated":true}]}}