{"id":44943,"date":"2024-08-18T09:31:43","date_gmt":"2024-08-18T09:31:43","guid":{"rendered":"https:\/\/staging.nbg.eu\/product\/daa-reloading-hex-key-set\/"},"modified":"2024-09-10T11:36:04","modified_gmt":"2024-09-10T11:36:04","slug":"sada-imbusovych-klucov-daa-reloading","status":"publish","type":"product","link":"https:\/\/staging.nbg.eu\/sk\/produkt\/sada-imbusovych-klucov-daa-reloading\/","title":{"rendered":"# Sada imbusov\u00fdch k\u013e\u00fa\u010dov Daa Reloading"},"content":{"rendered":"<p>Vylep\u0161ite svoj z\u00e1\u017eitok z preb\u00edjania so sadou imbusov\u00fdch k\u013e\u00fa\u010dov DAA Reloading Hex Key Set. T\u00e1to 7-dielna sada dlh\u00fdch imbusov\u00fdch k\u013e\u00fa\u010dov s gu\u013eov\u00fdm koncom sa vyzna\u010duje:<\/p>\n<ul>\n<li>Vysokokvalitnou kon\u0161trukciou<\/li>\n<li>Jasne \u010derven\u00fdm vinylov\u00fdm povrchom na ramen\u00e1ch pre lep\u0161iu vidite\u013enos\u0165<\/li>\n<li>Perfektn\u00e9 pre lisy Dillon a in\u00e9 lisy vyroben\u00e9 v USA<\/li>\n<li>Ve\u013ekosti: 5\/64&#8243;, 3\/32&#8243;, 1\/8&#8243;, 9\/64&#8243;, 5\/32&#8243;, 3\/16&#8243;, 1\/4&#8243;<\/li>\n<\/ul>\n<p>Ide\u00e1lny doplnok k dr\u017eiaku n\u00e1strojov DAA Reloading-Press Tool Holder.<\/p>\n","protected":false},"excerpt":{"rendered":"<p>7-dielna sada imbusov\u00fdch k\u013e\u00fa\u010dov s gu\u013e\u00f4\u010dkov\u00fdm koncom pre americk\u00e9 prezb\u00edjacie lisy. \u010cerven\u00fd vinyl.<\/p>\n","protected":false},"featured_media":27155,"template":"","meta":{"_acf_changed":false},"product_brand":[11282],"product_cat":[13393,13347],"product_tag":[],"class_list":{"0":"post-44943","1":"product","2":"type-product","3":"status-publish","4":"has-post-thumbnail","6":"product_brand-doublealpha","7":"product_cat-nabijanie-nabojov","8":"product_cat-prislusenstvo-na-nabijanie","10":"first","11":"outofstock","12":"taxable","13":"shipping-taxable","14":"purchasable","15":"product-type-simple"},"acf":[],"_links":{"self":[{"href":"https:\/\/staging.nbg.eu\/sk\/wp-json\/wp\/v2\/product\/44943","targetHints":{"allow":["GET"]}}],"collection":[{"href":"https:\/\/staging.nbg.eu\/sk\/wp-json\/wp\/v2\/product"}],"about":[{"href":"https:\/\/staging.nbg.eu\/sk\/wp-json\/wp\/v2\/types\/product"}],"wp:featuredmedia":[{"embeddable":true,"href":"https:\/\/staging.nbg.eu\/sk\/wp-json\/wp\/v2\/media\/27155"}],"wp:attachment":[{"href":"https:\/\/staging.nbg.eu\/sk\/wp-json\/wp\/v2\/media?parent=44943"}],"wp:term":[{"taxonomy":"product_brand","embeddable":true,"href":"https:\/\/staging.nbg.eu\/sk\/wp-json\/wp\/v2\/product_brand?post=44943"},{"taxonomy":"product_cat","embeddable":true,"href":"https:\/\/staging.nbg.eu\/sk\/wp-json\/wp\/v2\/product_cat?post=44943"},{"taxonomy":"product_tag","embeddable":true,"href":"https:\/\/staging.nbg.eu\/sk\/wp-json\/wp\/v2\/product_tag?post=44943"}],"curies":[{"name":"wp","href":"https:\/\/api.w.org\/{rel}","templated":true}]}}