{"id":44921,"date":"2024-08-18T09:32:43","date_gmt":"2024-08-18T09:32:43","guid":{"rendered":"https:\/\/staging.nbg.eu\/product\/daa-toolhead-led-lighting-controller-unit\/"},"modified":"2024-09-10T11:31:07","modified_gmt":"2024-09-10T11:31:07","slug":"daa-led-osvetlenie-hlavy-nastroja-riadiaca-jednotka","status":"publish","type":"product","link":"https:\/\/staging.nbg.eu\/sk\/produkt\/daa-led-osvetlenie-hlavy-nastroja-riadiaca-jednotka\/","title":{"rendered":"Daa LED osvetlenie hlavy n\u00e1stroja riadiaca jednotka"},"content":{"rendered":"<h2>Ovl\u00e1dacia jednotka LED osvetlenia n\u00e1strojovej hlavy DAA<\/h2>\n<p>Osvetlite svoj pracovn\u00fd priestor s presnos\u0165ou! Tento v\u0161estrann\u00fd ovl\u00e1da\u010d nap\u00e1ja v\u0161etky LED svetl\u00e1 n\u00e1strojovej hlavy DAA, od 4-LED dosiek a\u017e po 10-LED dosky Mark7. Medzi funkcie patria:<\/p>\n<ul>\n<li>Inteligentn\u00e1 elektronika pre automatick\u00fa identifik\u00e1ciu dosky<\/li>\n<li>Kompaktn\u00fd dizajn s val\u010dekov\u00fdm vyp\u00edna\u010dom ON\/OFF a stmieva\u010dom<\/li>\n<li>30 cm pripojovac\u00ed k\u00e1bel<\/li>\n<li>Velcro p\u00e1sik pre jednoduch\u00e9 upevnenie<\/li>\n<li>Nap\u00e1jac\u00ed zdroj 110\/220V s 2M k\u00e1blom a US\/EU vidlicou<\/li>\n<\/ul>\n<p>Optimalizujte svoje osvetlenie s t\u00fdmto nevyhnutn\u00fdm pr\u00edslu\u0161enstvom!<\/p>\n","protected":false},"excerpt":{"rendered":"<p>Univerz\u00e1lny LED ovl\u00e1da\u010d s regul\u00e1torom jasu pre osvetlenie nab\u00edjacej li\u0161ty.<\/p>\n","protected":false},"featured_media":27201,"template":"","meta":{"_acf_changed":false},"product_brand":[11282],"product_cat":[13393,13347],"product_tag":[],"class_list":{"0":"post-44921","1":"product","2":"type-product","3":"status-publish","4":"has-post-thumbnail","6":"product_brand-doublealpha","7":"product_cat-nabijanie-nabojov","8":"product_cat-prislusenstvo-na-nabijanie","10":"first","11":"outofstock","12":"taxable","13":"shipping-taxable","14":"purchasable","15":"product-type-simple"},"acf":[],"_links":{"self":[{"href":"https:\/\/staging.nbg.eu\/sk\/wp-json\/wp\/v2\/product\/44921","targetHints":{"allow":["GET"]}}],"collection":[{"href":"https:\/\/staging.nbg.eu\/sk\/wp-json\/wp\/v2\/product"}],"about":[{"href":"https:\/\/staging.nbg.eu\/sk\/wp-json\/wp\/v2\/types\/product"}],"wp:featuredmedia":[{"embeddable":true,"href":"https:\/\/staging.nbg.eu\/sk\/wp-json\/wp\/v2\/media\/27201"}],"wp:attachment":[{"href":"https:\/\/staging.nbg.eu\/sk\/wp-json\/wp\/v2\/media?parent=44921"}],"wp:term":[{"taxonomy":"product_brand","embeddable":true,"href":"https:\/\/staging.nbg.eu\/sk\/wp-json\/wp\/v2\/product_brand?post=44921"},{"taxonomy":"product_cat","embeddable":true,"href":"https:\/\/staging.nbg.eu\/sk\/wp-json\/wp\/v2\/product_cat?post=44921"},{"taxonomy":"product_tag","embeddable":true,"href":"https:\/\/staging.nbg.eu\/sk\/wp-json\/wp\/v2\/product_tag?post=44921"}],"curies":[{"name":"wp","href":"https:\/\/api.w.org\/{rel}","templated":true}]}}