{"id":44899,"date":"2024-08-18T09:33:06","date_gmt":"2024-08-18T09:33:06","guid":{"rendered":"https:\/\/staging.nbg.eu\/product\/daa-hard-case-medium-300\/"},"modified":"2024-09-10T11:27:13","modified_gmt":"2024-09-10T11:27:13","slug":"daa-pevne-puzdro-stredne-300","status":"publish","type":"product","link":"https:\/\/staging.nbg.eu\/sk\/produkt\/daa-pevne-puzdro-stredne-300\/","title":{"rendered":"Daa pevn\u00e9 puzdro stredn\u00e9 &#8211; 300"},"content":{"rendered":"<div class=\"product-description\">\n<h2>DAA Pevn\u00fd kufor stredn\u00fd &#8211; 300<\/h2>\n<p>Certifikovan\u00fd kufor DAA Hard Case Medium-300 s ozna\u010den\u00edm IP67 pon\u00faka bezkonkuren\u010dn\u00fa ochranu pre va\u0161e streln\u00e9 zbrane a cenn\u00e9 vybavenie. Navrhnut\u00fd pre odolnos\u0165 a spo\u013eahlivos\u0165, tento kufor je ide\u00e1lny pre r\u00f4zne pou\u017eitia vr\u00e1tane n\u00e1morn\u00edctva, fotografovania, lovu a \u010fal\u0161\u00edch.<\/p>\n<h3>K\u013e\u00fa\u010dov\u00e9 vlastnosti:<\/h3>\n<ul>\n<li>Vodotesn\u00e9 tesnenie a automatick\u00fd ventil na uvo\u013enenie tlaku<\/li>\n<li>Dvojit\u00e9 z\u00e1padky a otvory na visiaci z\u00e1mok pre bezpe\u010dnos\u0165<\/li>\n<li>Stohovate\u013en\u00fd syst\u00e9m so vz\u00e1jomn\u00fdm z\u00e1mkom<\/li>\n<li>Vn\u00fatro z peny Pick N Pluck pre prisp\u00f4soben\u00fa ochranu<\/li>\n<li>Dostupn\u00e9 v \u010diernej alebo oran\u017eovej farbe<\/li>\n<\/ul>\n<h3>\u0160pecifik\u00e1cie:<\/h3>\n<ul>\n<li>Vonkaj\u0161ie rozmery: 336 x 300 x 148 mm<\/li>\n<li>Vn\u00fatorn\u00e9 rozmery: 300 x 225 x 132 mm<\/li>\n<li>Hmotnos\u0165: 1,75 kg<\/li>\n<\/ul>\n<p>Ide\u00e1lny na prepravu streln\u00fdch zbran\u00ed, DAA Hard Case Medium-300 zabezpe\u010duje, \u017ee va\u0161e cenn\u00e9 vybavenie zostane v bezpe\u010d\u00ed a chr\u00e1nen\u00e9 v akomko\u013evek prostred\u00ed.<\/p>\n<\/div>\n","protected":false},"excerpt":{"rendered":"<p>Odoln\u00e9 puzdro IP67 pre streln\u00e9 zbrane. Vodotesn\u00e9, prachotesn\u00e9, odoln\u00e9 vo\u010di n\u00e1razom.<\/p>\n","protected":false},"featured_media":27224,"template":"","meta":{"_acf_changed":false},"product_brand":[11282],"product_cat":[13386,13364],"product_tag":[],"class_list":{"0":"post-44899","1":"product","2":"type-product","3":"status-publish","4":"has-post-thumbnail","6":"product_brand-doublealpha","7":"product_cat-prepravne-puzdra","8":"product_cat-vystroj","10":"first","11":"outofstock","12":"taxable","13":"shipping-taxable","14":"purchasable","15":"product-type-simple"},"acf":[],"_links":{"self":[{"href":"https:\/\/staging.nbg.eu\/sk\/wp-json\/wp\/v2\/product\/44899","targetHints":{"allow":["GET"]}}],"collection":[{"href":"https:\/\/staging.nbg.eu\/sk\/wp-json\/wp\/v2\/product"}],"about":[{"href":"https:\/\/staging.nbg.eu\/sk\/wp-json\/wp\/v2\/types\/product"}],"wp:featuredmedia":[{"embeddable":true,"href":"https:\/\/staging.nbg.eu\/sk\/wp-json\/wp\/v2\/media\/27224"}],"wp:attachment":[{"href":"https:\/\/staging.nbg.eu\/sk\/wp-json\/wp\/v2\/media?parent=44899"}],"wp:term":[{"taxonomy":"product_brand","embeddable":true,"href":"https:\/\/staging.nbg.eu\/sk\/wp-json\/wp\/v2\/product_brand?post=44899"},{"taxonomy":"product_cat","embeddable":true,"href":"https:\/\/staging.nbg.eu\/sk\/wp-json\/wp\/v2\/product_cat?post=44899"},{"taxonomy":"product_tag","embeddable":true,"href":"https:\/\/staging.nbg.eu\/sk\/wp-json\/wp\/v2\/product_tag?post=44899"}],"curies":[{"name":"wp","href":"https:\/\/api.w.org\/{rel}","templated":true}]}}