{"id":44877,"date":"2024-08-18T09:33:23","date_gmt":"2024-08-18T09:33:23","guid":{"rendered":"https:\/\/staging.nbg.eu\/product\/daa-toolhead-led-lighting-pcb-dillon-1050-1100\/"},"modified":"2024-09-10T11:21:49","modified_gmt":"2024-09-10T11:21:49","slug":"daa-led-osvetlenie-hlavy-nastroja-pcb-dillon-10501100","status":"publish","type":"product","link":"https:\/\/staging.nbg.eu\/sk\/produkt\/daa-led-osvetlenie-hlavy-nastroja-pcb-dillon-10501100\/","title":{"rendered":"Daa LED osvetlenie hlavy n\u00e1stroja PCB &#8211; Dillon 1050\/1100"},"content":{"rendered":"<h2>DAA LED osvetlenie pre hlavicu n\u00e1strojov &#8211; Dillon 1050\/1100<\/h2>\n<p>Vylep\u0161ite svoj z\u00e1\u017eitok z preb\u00edjania s LED osvetlen\u00edm hlavice n\u00e1strojov DAA pre Dillon 1050\/1100. Tento vysokokvalitn\u00fd hlin\u00edkov\u00fd PCB pon\u00faka:<\/p>\n<ul>\n<li>8 jasn\u00fdch LED svetiel pre dokonal\u00e9 osvetlenie pod\u00e1vacieho kot\u00fa\u010da<\/li>\n<li>Biela farba pre zv\u00fd\u0161en\u00fa sveteln\u00fa odrazivos\u0165<\/li>\n<li>Vopred vybaven\u00e9 obojstrannou lepiacou p\u00e1skou pre jednoduch\u00fa in\u0161tal\u00e1ciu<\/li>\n<li>Kompatibiln\u00e9 s ovl\u00e1dacou jednotkou DAA (pred\u00e1va sa samostatne)<\/li>\n<li>Funkcia stmievania pre prisp\u00f4sobite\u013en\u00e9 osvetlenie<\/li>\n<\/ul>\n<p>Zn\u00ed\u017ete nam\u00e1hanie o\u010d\u00ed a minimalizujte chyby po\u010das preb\u00edjania. \u0160t\u00edhly dizajn umo\u017e\u0148uje cenovo efekt\u00edvne nastavenie viacer\u00fdch hlav\u00edc n\u00e1strojov. Kompatibiln\u00e9 s hlavicou n\u00e1strojov Dillon CP2000 (stanica 4 mus\u00ed zosta\u0165 vo\u013en\u00e1). Vylep\u0161ite svoju preb\u00edjaciu stanicu u\u017e dnes!<\/p>\n","protected":false},"excerpt":{"rendered":"<p>Jasn\u00e9 LED osvetlenie pre prezb\u00edjanie Dillon 1050\/1100, zlep\u0161uje vidite\u013enos\u0165.<\/p>\n","protected":false},"featured_media":27247,"template":"","meta":{"_acf_changed":false},"product_brand":[11282],"product_cat":[13393,13347],"product_tag":[],"class_list":{"0":"post-44877","1":"product","2":"type-product","3":"status-publish","4":"has-post-thumbnail","6":"product_brand-doublealpha","7":"product_cat-nabijanie-nabojov","8":"product_cat-prislusenstvo-na-nabijanie","10":"first","11":"outofstock","12":"taxable","13":"shipping-taxable","14":"purchasable","15":"product-type-simple"},"acf":[],"_links":{"self":[{"href":"https:\/\/staging.nbg.eu\/sk\/wp-json\/wp\/v2\/product\/44877","targetHints":{"allow":["GET"]}}],"collection":[{"href":"https:\/\/staging.nbg.eu\/sk\/wp-json\/wp\/v2\/product"}],"about":[{"href":"https:\/\/staging.nbg.eu\/sk\/wp-json\/wp\/v2\/types\/product"}],"wp:featuredmedia":[{"embeddable":true,"href":"https:\/\/staging.nbg.eu\/sk\/wp-json\/wp\/v2\/media\/27247"}],"wp:attachment":[{"href":"https:\/\/staging.nbg.eu\/sk\/wp-json\/wp\/v2\/media?parent=44877"}],"wp:term":[{"taxonomy":"product_brand","embeddable":true,"href":"https:\/\/staging.nbg.eu\/sk\/wp-json\/wp\/v2\/product_brand?post=44877"},{"taxonomy":"product_cat","embeddable":true,"href":"https:\/\/staging.nbg.eu\/sk\/wp-json\/wp\/v2\/product_cat?post=44877"},{"taxonomy":"product_tag","embeddable":true,"href":"https:\/\/staging.nbg.eu\/sk\/wp-json\/wp\/v2\/product_tag?post=44877"}],"curies":[{"name":"wp","href":"https:\/\/api.w.org\/{rel}","templated":true}]}}