{"id":44855,"date":"2024-08-18T09:33:44","date_gmt":"2024-08-18T09:33:44","guid":{"rendered":"https:\/\/staging.nbg.eu\/product\/pro-grip-lotion-2oz\/"},"modified":"2024-09-10T11:15:32","modified_gmt":"2024-09-10T11:15:32","slug":"pro-grip-lotion-2oz","status":"publish","type":"product","link":"https:\/\/staging.nbg.eu\/sk\/produkt\/pro-grip-lotion-2oz\/","title":{"rendered":"Pro Grip lotion 2Oz"},"content":{"rendered":"<p>\nZlep\u0161ite svoj streleck\u00fd v\u00fdkon s Pro Grip Lotion 2Oz. D\u00f4veruj\u00fa mu \u0161ampi\u00f3ni ako Jerry Barnhart, Todd Jarrett a Saul Kirsch. T\u00e1to prakticky balen\u00e1 emulzia prekon\u00e1va kolof\u00f3niu a kriedu. Za\u017eite lep\u0161\u00ed \u00fachop, kontrolu zbrane a r\u00fdchlej\u0161ie zotavenie. Nevyhnutnos\u0165 pre ka\u017ed\u00fa streleck\u00fa ta\u0161ku, Pro Grip je tajnou zbra\u0148ou pre \u00faspech v ak\u010dnej stre\u013ebe.<\/p>\n","protected":false},"excerpt":{"rendered":"<p>Pro Grip: \u0160ampi\u00f3nom schv\u00e1len\u00fd kr\u00e9m pre vynikaj\u00facu kontrolu zbrane.<\/p>\n","protected":false},"featured_media":27293,"template":"","meta":{"_acf_changed":false},"product_brand":[11282],"product_cat":[13384,13351,13364],"product_tag":[],"class_list":{"0":"post-44855","1":"product","2":"type-product","3":"status-publish","4":"has-post-thumbnail","6":"product_brand-doublealpha","7":"product_cat-prislusenstvo-k-puzdram","8":"product_cat-puzdro","9":"product_cat-vystroj","11":"first","12":"instock","13":"taxable","14":"shipping-taxable","15":"purchasable","16":"product-type-simple"},"acf":[],"_links":{"self":[{"href":"https:\/\/staging.nbg.eu\/sk\/wp-json\/wp\/v2\/product\/44855","targetHints":{"allow":["GET"]}}],"collection":[{"href":"https:\/\/staging.nbg.eu\/sk\/wp-json\/wp\/v2\/product"}],"about":[{"href":"https:\/\/staging.nbg.eu\/sk\/wp-json\/wp\/v2\/types\/product"}],"wp:featuredmedia":[{"embeddable":true,"href":"https:\/\/staging.nbg.eu\/sk\/wp-json\/wp\/v2\/media\/27293"}],"wp:attachment":[{"href":"https:\/\/staging.nbg.eu\/sk\/wp-json\/wp\/v2\/media?parent=44855"}],"wp:term":[{"taxonomy":"product_brand","embeddable":true,"href":"https:\/\/staging.nbg.eu\/sk\/wp-json\/wp\/v2\/product_brand?post=44855"},{"taxonomy":"product_cat","embeddable":true,"href":"https:\/\/staging.nbg.eu\/sk\/wp-json\/wp\/v2\/product_cat?post=44855"},{"taxonomy":"product_tag","embeddable":true,"href":"https:\/\/staging.nbg.eu\/sk\/wp-json\/wp\/v2\/product_tag?post=44855"}],"curies":[{"name":"wp","href":"https:\/\/api.w.org\/{rel}","templated":true}]}}