{"id":44833,"date":"2024-08-18T09:34:28","date_gmt":"2024-08-18T09:34:28","guid":{"rendered":"https:\/\/staging.nbg.eu\/product\/daa-magnet-with-m5-screw-for-rm-pouch\/"},"modified":"2024-09-10T11:11:42","modified_gmt":"2024-09-10T11:11:42","slug":"daa-magnet-so-skrutkou-m5","status":"publish","type":"product","link":"https:\/\/staging.nbg.eu\/sk\/produkt\/daa-magnet-so-skrutkou-m5\/","title":{"rendered":"Daa magnet so skrutkou M5"},"content":{"rendered":"<h2>DAA Super-siln\u00fd magnet pre puzdra Alpha-Xi\/X a Race Master<\/h2>\n<p>Vylep\u0161ite svoje streleck\u00e9 vybavenie na\u0161imi siln\u00fdmi DAA Super-siln\u00fdmi magnetmi, navrhnut\u00fdmi pre puzdr\u00e1 Alpha-Xi, Alpha-X a Race Master.<\/p>\n<ul>\n<li>Pozinkovan\u00fd pre trvanlivos\u0165<\/li>\n<li>P\u00f4sobiv\u00e1 sila \u0165ahu 87 kg<\/li>\n<li>Priemer 50 mm, hr\u00fabka 12 mm (vr\u00e1tane puzdra)<\/li>\n<li>Bezpe\u010dn\u00e9 pripevnenie pomocou skrutky M5<\/li>\n<\/ul>\n<p>In\u0161tal\u00e1cia je jednoduch\u00e1:<\/p>\n<ol>\n<li>Vyv\u0155tajte 4,2 mm otvor v prednej \u010dasti puzdra pomocou z\u00e1vitn\u00edka M5<\/li>\n<li>Opatrne zaskrutkujte magnet<\/li>\n<li>Zaistite pomocou LockTite pre lep\u0161iu stabilitu<\/li>\n<\/ol>\n<p>Za\u017eite istotu pri umiest\u0148ovan\u00ed a dr\u017ean\u00ed z\u00e1sobn\u00edka po\u010das dynamick\u00fdch pohybov. Vylep\u0161ite svoje puzdro e\u0161te dnes pre lep\u0161\u00ed v\u00fdkon!<\/p>\n","protected":false},"excerpt":{"rendered":"<p>Siln\u00fd skrutkov\u00fd magnet M5 pre puzdr\u00e1 Alpha-Xi\/X a Race Master.<\/p>\n","protected":false},"featured_media":27339,"template":"","meta":{"_acf_changed":false},"product_brand":[11282],"product_cat":[13384,13351,13389],"product_tag":[],"class_list":{"0":"post-44833","1":"product","2":"type-product","3":"status-publish","4":"has-post-thumbnail","6":"product_brand-doublealpha","7":"product_cat-prislusenstvo-k-puzdram","8":"product_cat-puzdro","9":"product_cat-sportove-puzdro","11":"first","12":"instock","13":"taxable","14":"shipping-taxable","15":"purchasable","16":"product-type-simple"},"acf":[],"_links":{"self":[{"href":"https:\/\/staging.nbg.eu\/sk\/wp-json\/wp\/v2\/product\/44833","targetHints":{"allow":["GET"]}}],"collection":[{"href":"https:\/\/staging.nbg.eu\/sk\/wp-json\/wp\/v2\/product"}],"about":[{"href":"https:\/\/staging.nbg.eu\/sk\/wp-json\/wp\/v2\/types\/product"}],"wp:featuredmedia":[{"embeddable":true,"href":"https:\/\/staging.nbg.eu\/sk\/wp-json\/wp\/v2\/media\/27339"}],"wp:attachment":[{"href":"https:\/\/staging.nbg.eu\/sk\/wp-json\/wp\/v2\/media?parent=44833"}],"wp:term":[{"taxonomy":"product_brand","embeddable":true,"href":"https:\/\/staging.nbg.eu\/sk\/wp-json\/wp\/v2\/product_brand?post=44833"},{"taxonomy":"product_cat","embeddable":true,"href":"https:\/\/staging.nbg.eu\/sk\/wp-json\/wp\/v2\/product_cat?post=44833"},{"taxonomy":"product_tag","embeddable":true,"href":"https:\/\/staging.nbg.eu\/sk\/wp-json\/wp\/v2\/product_tag?post=44833"}],"curies":[{"name":"wp","href":"https:\/\/api.w.org\/{rel}","templated":true}]}}