{"id":44811,"date":"2024-08-18T09:35:16","date_gmt":"2024-08-18T09:35:16","guid":{"rendered":"https:\/\/staging.nbg.eu\/product\/daa-4-pack-magnetic-collars-for-primer-tube\/"},"modified":"2024-09-10T11:06:08","modified_gmt":"2024-09-10T11:06:08","slug":"daa-4-balenie-magnetickych-objimok-na-trubicu-zapalkovych-kapsiel","status":"publish","type":"product","link":"https:\/\/staging.nbg.eu\/sk\/produkt\/daa-4-balenie-magnetickych-objimok-na-trubicu-zapalkovych-kapsiel\/","title":{"rendered":"Daa 4-balenie magnetick\u00fdch obj\u00edmok na trubicu z\u00e1palkov\u00fdch kapsiel"},"content":{"rendered":"<div class=\"product-description\">\n<h2>DAA 4-balenie magnetick\u00fdch obj\u00edmok na trubice z\u00e1paliek<\/h2>\n<p>Zv\u00fd\u0161te efektivitu v\u00e1\u0161ho preb\u00edjania s DAA 4-balen\u00edm magnetick\u00fdch obj\u00edmok, navrhnut\u00fdch \u0161peci\u00e1lne na pou\u017eitie s Dillon Pickup trubicami a PRIMER-PRO z\u00e1palkov\u00fdm kolektorom.<\/p>\n<ul>\n<li>Sada obsahuje 4 polym\u00e9rov\u00e9 obj\u00edmky so zaisten\u00fdmi magnetmi a nastavovac\u00edmi skrutkami<\/li>\n<li>Kompatibiln\u00e9 s Dillon trubicami na z\u00e1palky<\/li>\n<li>Ide\u00e1lne na predbe\u017en\u00e9 naplnenie viacer\u00fdch trub\u00edc pred preb\u00edjac\u00edmi sedeniami<\/li>\n<li>Eliminuje potrebu \u010dast\u00e9ho n\u00e1vratu k jednotke PRIMER-PRO<\/li>\n<li>Perfektn\u00fd doplnok k PRIMER-PRO, ktor\u00fd sa dod\u00e1va s jednou magnetickou obj\u00edmkou<\/li>\n<\/ul>\n<p><strong>Pozn\u00e1mka:<\/strong> Trubice na z\u00e1palky NIE s\u00fa s\u00fa\u010das\u0165ou balenia.<\/p>\n<p>Optimalizujte v\u00e1\u0161 pracovn\u00fd postup pri preb\u00edjan\u00ed a u\u0161etrite \u010das s t\u00fdmito dodato\u010dn\u00fdmi magnetick\u00fdmi obj\u00edmkami, ktor\u00e9 v\u00e1m umo\u017enia vopred pripravi\u0165 viacero trub\u00edc na z\u00e1palky.<\/p>\n<\/div>\n","protected":false},"excerpt":{"rendered":"<p>4 magnetick\u00e9 goliere pre z\u00e1sobn\u00edky na z\u00e1palky Dillon. Pou\u017e\u00edvajte s PRIMER-PRO.<\/p>\n","protected":false},"featured_media":27362,"template":"","meta":{"_acf_changed":false},"product_brand":[11282],"product_cat":[13393,13347],"product_tag":[],"class_list":{"0":"post-44811","1":"product","2":"type-product","3":"status-publish","4":"has-post-thumbnail","6":"product_brand-doublealpha","7":"product_cat-nabijanie-nabojov","8":"product_cat-prislusenstvo-na-nabijanie","10":"first","11":"outofstock","12":"taxable","13":"shipping-taxable","14":"purchasable","15":"product-type-simple"},"acf":[],"_links":{"self":[{"href":"https:\/\/staging.nbg.eu\/sk\/wp-json\/wp\/v2\/product\/44811","targetHints":{"allow":["GET"]}}],"collection":[{"href":"https:\/\/staging.nbg.eu\/sk\/wp-json\/wp\/v2\/product"}],"about":[{"href":"https:\/\/staging.nbg.eu\/sk\/wp-json\/wp\/v2\/types\/product"}],"wp:featuredmedia":[{"embeddable":true,"href":"https:\/\/staging.nbg.eu\/sk\/wp-json\/wp\/v2\/media\/27362"}],"wp:attachment":[{"href":"https:\/\/staging.nbg.eu\/sk\/wp-json\/wp\/v2\/media?parent=44811"}],"wp:term":[{"taxonomy":"product_brand","embeddable":true,"href":"https:\/\/staging.nbg.eu\/sk\/wp-json\/wp\/v2\/product_brand?post=44811"},{"taxonomy":"product_cat","embeddable":true,"href":"https:\/\/staging.nbg.eu\/sk\/wp-json\/wp\/v2\/product_cat?post=44811"},{"taxonomy":"product_tag","embeddable":true,"href":"https:\/\/staging.nbg.eu\/sk\/wp-json\/wp\/v2\/product_tag?post=44811"}],"curies":[{"name":"wp","href":"https:\/\/api.w.org\/{rel}","templated":true}]}}