{"id":44789,"date":"2024-08-18T09:35:34","date_gmt":"2024-08-18T09:35:34","guid":{"rendered":"https:\/\/staging.nbg.eu\/product\/mr-bulletfeeder-pro-dropper-assembly-9-38s\/"},"modified":"2024-09-10T10:59:22","modified_gmt":"2024-09-10T10:59:22","slug":"mr-bulletfeeder-pro-davkovacia-jednotka-938s","status":"publish","type":"product","link":"https:\/\/staging.nbg.eu\/sk\/produkt\/mr-bulletfeeder-pro-davkovacia-jednotka-938s\/","title":{"rendered":"Mr. Bulletfeeder Pro d\u00e1vkovacia jednotka 9\/38S"},"content":{"rendered":"<p>Vylep\u0161ite svoje prezb\u00edjacie vybavenie pomocou <strong>Mr. Bulletfeeder Pro Dropper Assembly 9\/38S<\/strong>. Tento vylep\u0161en\u00fd komponent sa vyzna\u010duje:<\/p>\n<ul>\n<li>Vylep\u0161en\u00fdm v\u00fdkonom poh\u00e1\u0148an\u00fdm gravit\u00e1ciou<\/li>\n<li>Dvojn\u00e1sobne dlhou mosadznou \u010das\u0165ou pre zv\u00fd\u0161en\u00fa hmotnos\u0165 a spo\u013eahlivos\u0165<\/li>\n<li>Celooce\u013eovou \u010das\u0165ou matrice pre zv\u00fd\u0161en\u00fa odolnos\u0165<\/li>\n<li>Zabra\u0148uje zasek\u00e1vaniu sp\u00f4soben\u00e9mu nap\u00e4t\u00edm pod\u00e1vacej pru\u017einy alebo tren\u00edm<\/li>\n<li>Navrhnut\u00fd pre prezb\u00edja\u010dov s vysok\u00fdm objemom<\/li>\n<\/ul>\n<p>Za\u017eite konzistentn\u00e9 a efekt\u00edvne pod\u00e1vanie striel s touto profesion\u00e1lnou pod\u00e1vacou zostavou.<\/p>\n","protected":false},"excerpt":{"rendered":"<p>Vylep\u0161en\u00fd, \u0165a\u017e\u0161\u00ed pod\u00e1va\u010d pre spo\u013eahliv\u00e9 pod\u00e1vanie n\u00e1bojov. Oce\u013eov\u00e9 \u010dasti pre dlh\u00fa \u017eivotnos\u0165.<\/p>\n","protected":false},"featured_media":27385,"template":"","meta":{"_acf_changed":false},"product_brand":[11282],"product_cat":[13393,13347],"product_tag":[],"class_list":{"0":"post-44789","1":"product","2":"type-product","3":"status-publish","4":"has-post-thumbnail","6":"product_brand-doublealpha","7":"product_cat-nabijanie-nabojov","8":"product_cat-prislusenstvo-na-nabijanie","10":"first","11":"outofstock","12":"taxable","13":"shipping-taxable","14":"purchasable","15":"product-type-simple"},"acf":[],"_links":{"self":[{"href":"https:\/\/staging.nbg.eu\/sk\/wp-json\/wp\/v2\/product\/44789","targetHints":{"allow":["GET"]}}],"collection":[{"href":"https:\/\/staging.nbg.eu\/sk\/wp-json\/wp\/v2\/product"}],"about":[{"href":"https:\/\/staging.nbg.eu\/sk\/wp-json\/wp\/v2\/types\/product"}],"wp:featuredmedia":[{"embeddable":true,"href":"https:\/\/staging.nbg.eu\/sk\/wp-json\/wp\/v2\/media\/27385"}],"wp:attachment":[{"href":"https:\/\/staging.nbg.eu\/sk\/wp-json\/wp\/v2\/media?parent=44789"}],"wp:term":[{"taxonomy":"product_brand","embeddable":true,"href":"https:\/\/staging.nbg.eu\/sk\/wp-json\/wp\/v2\/product_brand?post=44789"},{"taxonomy":"product_cat","embeddable":true,"href":"https:\/\/staging.nbg.eu\/sk\/wp-json\/wp\/v2\/product_cat?post=44789"},{"taxonomy":"product_tag","embeddable":true,"href":"https:\/\/staging.nbg.eu\/sk\/wp-json\/wp\/v2\/product_tag?post=44789"}],"curies":[{"name":"wp","href":"https:\/\/api.w.org\/{rel}","templated":true}]}}