{"id":44741,"date":"2024-08-18T09:36:04","date_gmt":"2024-08-18T09:36:04","guid":{"rendered":"https:\/\/staging.nbg.eu\/product\/lynx-belt-buckle-roll-pins-50bag\/"},"modified":"2024-09-10T09:19:50","modified_gmt":"2024-09-10T09:19:50","slug":"lynx-paskova-pracka-valcove-koliky-50ks","status":"publish","type":"product","link":"https:\/\/staging.nbg.eu\/sk\/produkt\/lynx-paskova-pracka-valcove-koliky-50ks\/","title":{"rendered":"Lynx p\u00e1skov\u00e1 pracka valcov\u00e9 kol\u00edky (50ks)"},"content":{"rendered":"<p>\nN\u00e1hradn\u00e9 val\u010dekov\u00e9 kol\u00edky pre pracky opaskov Lynx. Balenie 50 kol\u00edkov. Nevyhnutn\u00e9 pre mont\u00e1\u017e a opravy opaskov Lynx. Zabezpe\u010duj\u00fa pevn\u00e9 uchytenie pracky Lynx.<\/p>\n","protected":false},"excerpt":{"rendered":"<p>Val\u010dekov\u00e9 kol\u00edky do pracky opasku Lynx (50 ks v balen\u00ed): N\u00e1hradn\u00e9 kol\u00edky pre va\u0161e opasky Lynx.<\/p>\n","protected":false},"featured_media":27454,"template":"","meta":{"_acf_changed":false},"product_brand":[11282],"product_cat":[13367,13364],"product_tag":[],"class_list":{"0":"post-44741","1":"product","2":"type-product","3":"status-publish","4":"has-post-thumbnail","6":"product_brand-doublealpha","7":"product_cat-sportove-opasky","8":"product_cat-vystroj","10":"first","11":"instock","12":"taxable","13":"shipping-taxable","14":"purchasable","15":"product-type-simple"},"acf":[],"_links":{"self":[{"href":"https:\/\/staging.nbg.eu\/sk\/wp-json\/wp\/v2\/product\/44741","targetHints":{"allow":["GET"]}}],"collection":[{"href":"https:\/\/staging.nbg.eu\/sk\/wp-json\/wp\/v2\/product"}],"about":[{"href":"https:\/\/staging.nbg.eu\/sk\/wp-json\/wp\/v2\/types\/product"}],"wp:featuredmedia":[{"embeddable":true,"href":"https:\/\/staging.nbg.eu\/sk\/wp-json\/wp\/v2\/media\/27454"}],"wp:attachment":[{"href":"https:\/\/staging.nbg.eu\/sk\/wp-json\/wp\/v2\/media?parent=44741"}],"wp:term":[{"taxonomy":"product_brand","embeddable":true,"href":"https:\/\/staging.nbg.eu\/sk\/wp-json\/wp\/v2\/product_brand?post=44741"},{"taxonomy":"product_cat","embeddable":true,"href":"https:\/\/staging.nbg.eu\/sk\/wp-json\/wp\/v2\/product_cat?post=44741"},{"taxonomy":"product_tag","embeddable":true,"href":"https:\/\/staging.nbg.eu\/sk\/wp-json\/wp\/v2\/product_tag?post=44741"}],"curies":[{"name":"wp","href":"https:\/\/api.w.org\/{rel}","templated":true}]}}