{"id":44719,"date":"2024-08-18T09:36:21","date_gmt":"2024-08-18T09:36:21","guid":{"rendered":"https:\/\/staging.nbg.eu\/product\/ced-deluxe-quick-patch-tape-gun\/"},"modified":"2024-09-10T09:16:24","modified_gmt":"2024-09-10T09:16:24","slug":"ced-deluxe-rychly-paskovy-zasobnik","status":"publish","type":"product","link":"https:\/\/staging.nbg.eu\/sk\/produkt\/ced-deluxe-rychly-paskovy-zasobnik\/","title":{"rendered":"Ced Deluxe r\u00fdchly p\u00e1skov\u00fd z\u00e1sobn\u00edk"},"content":{"rendered":"<p>Predstavujeme CED Deluxe Quick Patch Tape Gun: Dokonal\u00e9 rie\u0161enie pre opravu dier v ter\u010doch!<\/p>\n<ul>\n<li>R\u00fdchlej\u0161ie a jednoduch\u0161ie ako manu\u00e1lne opravovanie<\/li>\n<li>Kompatibiln\u00fd s v\u00e4\u010d\u0161inou z\u00e1plat be\u017enej ve\u013ekosti<\/li>\n<li>Jednoduch\u00e1 obsluha stla\u010den\u00edm a uvo\u013enen\u00edm<\/li>\n<li>\u013dahko sa zameriava, pou\u017e\u00edva a znova nab\u00edja<\/li>\n<li>Zvy\u0161uje efektivitu a \u0161etr\u00ed \u010das<\/li>\n<li>Z\u00e1bavn\u00e9 a beznam\u00e1hav\u00e9 pou\u017e\u00edvanie<\/li>\n<\/ul>\n<p>Vylep\u0161ite svoj streleck\u00fd tr\u00e9ning s CED Deluxe Tape Gun &#8211; v\u0161estrann\u00fdm n\u00e1strojom pre r\u00fdchle a efekt\u00edvne opravovanie!<\/p>\n","protected":false},"excerpt":{"rendered":"<p>Efekt\u00edvny n\u00e1stroj na opravu ter\u010dov. \u013dahko sa pou\u017e\u00edva, nab\u00edja a mieri. Z\u00e1bava!<\/p>\n","protected":false},"featured_media":27523,"template":"","meta":{"_acf_changed":false},"product_brand":[11282],"product_cat":[13370,13395,13362],"product_tag":[],"class_list":{"0":"post-44719","1":"product","2":"type-product","3":"status-publish","4":"has-post-thumbnail","6":"product_brand-doublealpha","7":"product_cat-papierove-terce","8":"product_cat-terce","9":"product_cat-zaplaty-a-zaplatove-pistole","11":"first","12":"instock","13":"taxable","14":"shipping-taxable","15":"purchasable","16":"product-type-simple"},"acf":[],"_links":{"self":[{"href":"https:\/\/staging.nbg.eu\/sk\/wp-json\/wp\/v2\/product\/44719","targetHints":{"allow":["GET"]}}],"collection":[{"href":"https:\/\/staging.nbg.eu\/sk\/wp-json\/wp\/v2\/product"}],"about":[{"href":"https:\/\/staging.nbg.eu\/sk\/wp-json\/wp\/v2\/types\/product"}],"wp:featuredmedia":[{"embeddable":true,"href":"https:\/\/staging.nbg.eu\/sk\/wp-json\/wp\/v2\/media\/27523"}],"wp:attachment":[{"href":"https:\/\/staging.nbg.eu\/sk\/wp-json\/wp\/v2\/media?parent=44719"}],"wp:term":[{"taxonomy":"product_brand","embeddable":true,"href":"https:\/\/staging.nbg.eu\/sk\/wp-json\/wp\/v2\/product_brand?post=44719"},{"taxonomy":"product_cat","embeddable":true,"href":"https:\/\/staging.nbg.eu\/sk\/wp-json\/wp\/v2\/product_cat?post=44719"},{"taxonomy":"product_tag","embeddable":true,"href":"https:\/\/staging.nbg.eu\/sk\/wp-json\/wp\/v2\/product_tag?post=44719"}],"curies":[{"name":"wp","href":"https:\/\/api.w.org\/{rel}","templated":true}]}}