{"id":44697,"date":"2024-08-18T09:36:41","date_gmt":"2024-08-18T09:36:41","guid":{"rendered":"https:\/\/staging.nbg.eu\/product\/mr-bulletfeeder-pro-9-38s\/"},"modified":"2024-09-10T09:12:35","modified_gmt":"2024-09-10T09:12:35","slug":"mrbulletfeeder-pro-938s","status":"publish","type":"product","link":"https:\/\/staging.nbg.eu\/sk\/produkt\/mrbulletfeeder-pro-938s\/","title":{"rendered":"Mr.Bulletfeeder Pro 9\/38S"},"content":{"rendered":"<div class=\"product-description\">\n<h2>Mr.Bulletfeeder Pro 9\/38S<\/h2>\n<p>Pozdvihnite svoju hru v prebit\u00ed s Mr.Bulletfeeder Pro 9\/38S, ultim\u00e1tnym rie\u0161en\u00edm pre ve\u013ekoobjemov\u00fa v\u00fdrobu mun\u00edcie. Tento pokro\u010dil\u00fd pod\u00e1va\u010d n\u00e1bojov sa p\u00fd\u0161i:<\/p>\n<ul>\n<li>Obrovsk\u00e1 kapacita: Pojme viac ako 1000 n\u00e1bojov 9mm 124 gr<\/li>\n<li>P\u00f4sobiv\u00fd v\u00fdkon: A\u017e 7200 n\u00e1bojov za hodinu<\/li>\n<li>Pevn\u00e1 kon\u0161trukcia: Oce\u013eov\u00e1 sp\u00fa\u0161\u0165acia forma pre zv\u00fd\u0161en\u00fa odolnos\u0165<\/li>\n<li>Nastavite\u013en\u00fd stojan: Hlin\u00edkov\u00fd, teleskopick\u00fd a v\u00fd\u0161kovo nastavite\u013en\u00fd pre optim\u00e1lne umiestnenie<\/li>\n<li>Vylep\u0161en\u00e1 spo\u013eahlivos\u0165: \u0164a\u017e\u0161ie komponenty zabezpe\u010duj\u00fa konzistentn\u00fd v\u00fdkon<\/li>\n<\/ul>\n<p>Dokonal\u00fd pre komer\u010dn\u00fdch preb\u00edja\u010dov a strelcov s vysok\u00fdm objemom, Mr.Bulletfeeder Pro 9\/38S zefekt\u00edv\u0148uje v\u00e1\u0161 proces v\u00fdroby mun\u00edcie, \u0161etr\u00ed \u010das a n\u00e1mahu.<\/p>\n<\/div>\n","protected":false},"excerpt":{"rendered":"<p>Mr.Bulletfeeder Pro 9\/38S: Vysokokapacitn\u00fd pod\u00e1va\u010d n\u00e1bojov pre v\u00e1\u017enych prete\u013eova\u010dov.<\/p>\n","protected":false},"featured_media":27546,"template":"","meta":{"_acf_changed":false},"product_brand":[11282],"product_cat":[13365,13393],"product_tag":[],"class_list":{"0":"post-44697","1":"product","2":"type-product","3":"status-publish","4":"has-post-thumbnail","6":"product_brand-doublealpha","7":"product_cat-nabijacie-stroje","8":"product_cat-nabijanie-nabojov","10":"first","11":"outofstock","12":"taxable","13":"shipping-taxable","14":"purchasable","15":"product-type-simple"},"acf":[],"_links":{"self":[{"href":"https:\/\/staging.nbg.eu\/sk\/wp-json\/wp\/v2\/product\/44697","targetHints":{"allow":["GET"]}}],"collection":[{"href":"https:\/\/staging.nbg.eu\/sk\/wp-json\/wp\/v2\/product"}],"about":[{"href":"https:\/\/staging.nbg.eu\/sk\/wp-json\/wp\/v2\/types\/product"}],"wp:featuredmedia":[{"embeddable":true,"href":"https:\/\/staging.nbg.eu\/sk\/wp-json\/wp\/v2\/media\/27546"}],"wp:attachment":[{"href":"https:\/\/staging.nbg.eu\/sk\/wp-json\/wp\/v2\/media?parent=44697"}],"wp:term":[{"taxonomy":"product_brand","embeddable":true,"href":"https:\/\/staging.nbg.eu\/sk\/wp-json\/wp\/v2\/product_brand?post=44697"},{"taxonomy":"product_cat","embeddable":true,"href":"https:\/\/staging.nbg.eu\/sk\/wp-json\/wp\/v2\/product_cat?post=44697"},{"taxonomy":"product_tag","embeddable":true,"href":"https:\/\/staging.nbg.eu\/sk\/wp-json\/wp\/v2\/product_tag?post=44697"}],"curies":[{"name":"wp","href":"https:\/\/api.w.org\/{rel}","templated":true}]}}